{"id":24498,"date":"2023-03-21T10:27:48","date_gmt":"2023-03-21T09:27:48","guid":{"rendered":"https:\/\/www.herbadiberna.ch\/lemon-haze-indoor-10g\/"},"modified":"2026-04-12T11:16:43","modified_gmt":"2026-04-12T10:16:43","slug":"lemon-haze-indoor-10g","status":"publish","type":"product","link":"https:\/\/www.herbadiberna.ch\/fr\/produit\/lemon-haze-indoor-10g\/","title":{"rendered":"Lemon Haze Indoor 10g"},"content":{"rendered":"<div class=\"flex max-w-full flex-col flex-grow\">\n<div class=\"min-h-8 text-message flex w-full flex-col items-end gap-2 whitespace-normal break-words text-start [.text-message+&amp;]:mt-5\" dir=\"auto\">\n<div class=\"flex w-full flex-col gap-1 empty:hidden first:pt-[3px]\">\n<div class=\"markdown prose w-full break-words dark:prose-invert light\">\n<h2><strong>Acheter Lemon Haze Indoor - La classique p\u00e9tillante avec une profondeur de Haze<\/strong><\/h2>\n<p>Vous envisagez d&rsquo;<strong>acheter de la Lemon Haze Indoor<\/strong>? Ou \u00eates-vous \u00e0 la recherche de la favorite secr\u00e8te de nos clients, qui d\u00e9finit une ligue \u00e0 part gr\u00e2ce \u00e0 son ascendance de Lemon Skunk et d&rsquo;Amnesia Haze ?<br \/>\nNos fleurs de <strong>Lemon Haze Indoor<\/strong> sont bien plus qu&rsquo;un simple strain standard. Dans les ventes ouvertes de notre boutique, cette vari\u00e9t\u00e9 est devenue en peu de temps le num\u00e9ro un absolu - et pour de bonnes raisons.  <\/p>\n<p>Elle se caract\u00e9rise \u00e9galement par une structure de fleur compacte et uniforme qui n&rsquo;a pas d&rsquo;\u00e9quivalent dans les cultures d&rsquo;int\u00e9rieur. C&rsquo;est pourquoi elle est id\u00e9ale pour les amateurs d&rsquo;ar\u00f4mes rafra\u00eechissants, avec une explosion de saveurs dans <strong>la vape<\/strong> et une qualit\u00e9 intemporelle avec jusqu&rsquo;\u00e0 14 % de CBD.<br \/>\nCette exp\u00e9rience ressemble \u00e0 un court voyage tropical. Nous combinons ici une g\u00e9n\u00e9tique l\u00e9gendaire avec une fermentation pr\u00e9cise. Le r\u00e9sultat est une <strong>exp\u00e9rience d&rsquo;achat de fleurs de CBD en int\u00e9rieur<\/strong> qui combine des accents p\u00e9tillants de citron vert avec la profondeur des notes classiques de Haze.   <\/p>\n<h2><strong>Le profil aromatique : la force des agrumes rencontre la fra\u00eecheur des pins<\/strong><\/h2>\n<p>Chez nous, vous achetez un pur rafra\u00eechissement et la plus grande puret\u00e9 suisse. Ces fleurs repr\u00e9sentent un profil terp\u00e9nique \u00e0 la fois tonique et complexe. <\/p>\n<ul>\n<li><strong>L&rsquo;ar\u00f4me :<\/strong> un m\u00e9lange unique de fruits tropicaux et de pins. Des notes douces, citronn\u00e9es et l\u00e9g\u00e8rement acidul\u00e9es dominent le tableau, tandis que des accents de citron vert et une discr\u00e8te note de Haze compl\u00e8tent parfaitement le profil. <\/li>\n<li><strong>La structure :<\/strong> vous obtenez des fleurs d&rsquo;int\u00e9rieur plus sombres et plus denses avec une structure tr\u00e8s forte et compacte. Chaque fleur est la preuve de notre exigence de qualit\u00e9 et du soin que nous apportons \u00e0 son am\u00e9lioration. <\/li>\n<\/ul>\n<h2><strong>Caract\u00e9ristiques du produit : Pourquoi acheter Lemon Haze Indoor ?<\/strong><\/h2>\n<ul>\n<li><strong>Un pedigree l\u00e9gendaire :<\/strong> en tant que croisement entre la Lemon Skunk et l&rsquo;Amnesia Haze, cette souche combine le meilleur de deux g\u00e9n\u00e9tiques mondialement connues.<\/li>\n<li><strong>Teneur \u00e9lev\u00e9e en CBD :<\/strong> avec jusqu&rsquo;\u00e0 14% de CBD, elle est le compagnon id\u00e9al pour des moments de plaisir relaxants au quotidien.<\/li>\n<li><strong>Affinage en douceur :<\/strong> gr\u00e2ce \u00e0 un s\u00e9chage lent et \u00e0 une fermentation adapt\u00e9e, nous nous assurons que les terp\u00e8nes volatils d&rsquo;agrumes sont pr\u00e9serv\u00e9s au maximum.<\/li>\n<li><strong>Culture durable :<\/strong> 100 % Swiss Made, sans pesticides ni herbicides - pour un plaisir propre et authentique de la Haze.<\/li>\n<\/ul>\n<h2><strong>Acheter Lemon Haze Indoor - Une favorite intemporelle de Suisse<\/strong><\/h2>\n<p>Nous savons pourquoi nos clients aiment cette vari\u00e9t\u00e9 : elle est honn\u00eate, intense et constante. Lemon Haze est la r\u00e9ponse \u00e0 tous ceux qui n&rsquo;ont pas envie d&rsquo;exp\u00e9rimenter, mais qui recherchent l&rsquo;ar\u00f4me d&rsquo;agrumes \u00e9prouv\u00e9 \u00e0 la perfection. Ce qui est techniquement d\u00e9crit comme un \u00ab\u00a0profil terp\u00e9nique \u00e9quilibr\u00e9\u00a0\u00bb est chez nous une pure passion pour les classiques du chanvre.<br \/>\nEn cons\u00e9quence, vous obtenez un produit dont le go\u00fbt et l&rsquo;aspect ne laissent rien \u00e0 d\u00e9sirer. C&rsquo;est donc une fa\u00e7on intelligente de consommer <strong>du CBD de haute qualit\u00e9<\/strong> si vous recherchez le nec plus ultra en mati\u00e8re de fra\u00eecheur.   <\/p>\n<h2><strong>T\u00e9moignages de clients sur Lemon Haze Indoor<\/strong><\/h2>\n<p>Le plus souvent, nos clients d\u00e9crivent l&rsquo;exp\u00e9rience comme <strong>\u00ab\u00a0rafra\u00eechissante, p\u00e9tillante et d&rsquo;une grande saveur\u00a0\u00bb<\/strong>. La structure dense des fleurs plus fonc\u00e9es, en particulier, est toujours soulign\u00e9e comme un gage de qualit\u00e9. Beaucoup appr\u00e9cient Lemon Haze Indoor comme leur favori absolu pour la journ\u00e9e, car son ar\u00f4me met tout simplement de bonne humeur.  <\/p>\n<h2><strong>Achetez Lemon Haze Indoor maintenant et d\u00e9couvrez la puissance des agrumes !<\/strong><\/h2>\n<p>\u00cates-vous pr\u00eat \u00e0 vivre l&rsquo;exp\u00e9rience p\u00e9tillante de la Haze de qualit\u00e9 sup\u00e9rieure ?<br \/>\nCommandez d\u00e8s maintenant et obtenez notre best-seller de la boutique de production suisse d&rsquo;int\u00e9rieur.<\/p>\n<h2><strong>Des compl\u00e9ments parfaits pour votre style de vie<\/strong><\/h2>\n<p>\u27a1\ufe0f <a href=\"https:\/\/www.herbadiberna.ch\/fr\/huile-de-cbd\/\"> Acheter de l&rsquo;huile de CBD <\/a>(Pour l&rsquo;\u00e9quilibre quotidien)<br \/>\n\u27a1\ufe0f  <a href=\"https:\/\/www.herbadiberna.ch\/fr\/produits-de-soins-au-cbd\/\">D\u00e9couvrir les cosm\u00e9tiques CBD<\/a> (soins naturels)<br \/>\n\u27a1\ufe0f  <a href=\"https:\/\/www.herbadiberna.ch\/fr\/aliments-chanvre\/\">Aliments \u00e0 base de chanvre<\/a> (snacks \u00e9nerg\u00e9tiques \u00e0 base de chanvre)<\/p>\n<\/div>\n<\/div>\n<\/div>\n<\/div>\n","protected":false},"excerpt":{"rendered":"<p data-path-to-node=\"11\">Acheter Lemon Haze Indoor chez Herba di Berna. Le classique CBD de Lemon Skunk &amp; Amnesia Haze. Ar\u00f4me intense d&rsquo;agrumes et de citron vert, structure dense de la fleur &amp; jusqu&rsquo;\u00e0 14% de CBD. Le choix parfait pour un rafra\u00eechissement fruit\u00e9 et une qualit\u00e9 sup\u00e9rieure en int\u00e9rieur.     <strong>Command\u00e9 jusqu&rsquo;\u00e0 15:00, livr\u00e9 demain \u2713 Port pay\u00e9 \u00e0 partir de 80 CHF \u2713<\/strong><\/p>\n","protected":false},"featured_media":78833,"comment_status":"open","ping_status":"closed","template":"","meta":{"inline_featured_image":false},"product_brand":[],"product_cat":[355,357],"product_tag":[],"class_list":{"0":"post-24498","1":"product","2":"type-product","3":"status-publish","4":"has-post-thumbnail","6":"product_cat-fleurs-de-cbd","7":"product_cat-interieur","8":"product_shipping_class-postpac-prioritaire","9":"pa_anbau-indoor-fr","10":"pa_cbd-15-0-fr","11":"pa_inhalt-netto-10g-fr","12":"pif-has-gallery","14":"first","15":"outofstock","16":"taxable","17":"shipping-taxable","18":"purchasable","19":"product-type-simple"},"_links":{"self":[{"href":"https:\/\/www.herbadiberna.ch\/fr\/wp-json\/wp\/v2\/product\/24498","targetHints":{"allow":["GET"]}}],"collection":[{"href":"https:\/\/www.herbadiberna.ch\/fr\/wp-json\/wp\/v2\/product"}],"about":[{"href":"https:\/\/www.herbadiberna.ch\/fr\/wp-json\/wp\/v2\/types\/product"}],"replies":[{"embeddable":true,"href":"https:\/\/www.herbadiberna.ch\/fr\/wp-json\/wp\/v2\/comments?post=24498"}],"wp:featuredmedia":[{"embeddable":true,"href":"https:\/\/www.herbadiberna.ch\/fr\/wp-json\/wp\/v2\/media\/78833"}],"wp:attachment":[{"href":"https:\/\/www.herbadiberna.ch\/fr\/wp-json\/wp\/v2\/media?parent=24498"}],"wp:term":[{"taxonomy":"product_brand","embeddable":true,"href":"https:\/\/www.herbadiberna.ch\/fr\/wp-json\/wp\/v2\/product_brand?post=24498"},{"taxonomy":"product_cat","embeddable":true,"href":"https:\/\/www.herbadiberna.ch\/fr\/wp-json\/wp\/v2\/product_cat?post=24498"},{"taxonomy":"product_tag","embeddable":true,"href":"https:\/\/www.herbadiberna.ch\/fr\/wp-json\/wp\/v2\/product_tag?post=24498"}],"curies":[{"name":"wp","href":"https:\/\/api.w.org\/{rel}","templated":true}]}}