{"id":24496,"date":"2023-03-21T10:27:48","date_gmt":"2023-03-21T09:27:48","guid":{"rendered":"https:\/\/www.herbadiberna.ch\/muffin-au-citron-indoor\/"},"modified":"2026-04-13T00:34:39","modified_gmt":"2026-04-12T23:34:39","slug":"lemon-muffin-indoor","status":"publish","type":"product","link":"https:\/\/www.herbadiberna.ch\/fr\/produit\/lemon-muffin-indoor\/","title":{"rendered":"Muffin au citron Indoor"},"content":{"rendered":"<p><strong style=\"font-size: 2em;\">Acheter Lemon Muffin Indoor - La fra\u00eecheur des myrtilles rencontre le zeste des agrumes<\/strong><\/p>\n<div class=\"flex max-w-full flex-col flex-grow\">\n<div class=\"min-h-8 text-message flex w-full flex-col items-end gap-2 whitespace-normal break-words text-start [.text-message+&amp;]:mt-5\" dir=\"auto\">\n<div class=\"flex w-full flex-col gap-1 empty:hidden first:pt-[3px]\">\n<div class=\"markdown prose w-full break-words dark:prose-invert light\">\n<p>Vous envisagez d&rsquo;<strong>acheter des Lemon Muffin Indoor<\/strong>? Ou \u00eates-vous \u00e0 la recherche de la symbiose parfaite entre la myrtille fruit\u00e9e et le coup de fouet p\u00e9tillant d&rsquo;une Lemon Haze ?<br \/>\nNos fleurs de <strong>Lemon Muffin Indoor<\/strong> font le bonheur des gourmets. Cette vari\u00e9t\u00e9 hybride \u00e0 dominante indica est le r\u00e9sultat d&rsquo;un croisement magistral entre la Blueberry Muffin et la Lemon Haze, appr\u00e9ci\u00e9e dans le milieu suisse du CBD pour son ar\u00f4me distinctif.  <\/p>\n<p>Les fleurs compactes et denses sont souvent de couleur pourpre, ce qui en fait une vari\u00e9t\u00e9 tr\u00e8s agr\u00e9able \u00e0 fumer. C&rsquo;est pourquoi elle est id\u00e9ale pour les soir\u00e9es gourmandes, d\u00e9ploie son bouquet plein et complexe dans la <strong>vape<\/strong> et offre un \u00e9quilibre extr\u00eamement agr\u00e9able avec pr\u00e8s de 14 % de CBD.<br \/>\nCette exp\u00e9rience ressemble \u00e0 un muffin au citron fra\u00eechement cuit avec des baies des bois. Nous utilisons des m\u00e9thodes d&rsquo;int\u00e9rieur durables pour conserver parfaitement les terp\u00e8nes de ces fleurs sombres. Le r\u00e9sultat est une <strong>exp\u00e9rience d&rsquo;achat de fleurs de CBD en int\u00e9rieur<\/strong> qui se caract\u00e9rise par une finale douce et une nette pr\u00e9dominance d&rsquo;agrumes.   <\/p>\n<h2><strong>Le profil aromatique : un panier de baies avec un zeste de citron vert<\/strong><\/h2>\n<p>Chez nous, vous achetez un go\u00fbt pur et la plus grande puret\u00e9 suisse. Ces fleurs sont synonymes d&rsquo;un profil terp\u00e9nique complexe qui vous ravira \u00e0 chaque ouverture du paquet. <\/p>\n<ul>\n<li><strong>L&rsquo;ar\u00f4me :<\/strong> une composition harmonieuse de myrtilles et d&rsquo;agrumes, rehauss\u00e9e d&rsquo;une subtile note sucr\u00e9e de muffin. Le go\u00fbt est donc plein, fruit\u00e9 et agr\u00e9ablement rafra\u00eechissant gr\u00e2ce \u00e0 l&rsquo;influence de la Haze. <\/li>\n<li><strong>La consistance :<\/strong> vous obtenez des fleurs uniform\u00e9ment compactes avec une structure dense. Les nuances plus fonc\u00e9es et les accents violets font \u00e9galement de ces buds un v\u00e9ritable produit haut de gamme sur le plan visuel. <\/li>\n<\/ul>\n<h2><strong>Caract\u00e9ristiques du produit : Pourquoi acheter Lemon Muffin Indoor ?<\/strong><\/h2>\n<ul>\n<li><strong>G\u00e9n\u00e9tique unique :<\/strong> le croisement de Blueberry Muffin et de Lemon Haze donne un profil de saveur qui combine parfaitement les notes sucr\u00e9es et acidul\u00e9es.<\/li>\n<li><strong>D\u00e9tente en douceur :<\/strong> avec pr\u00e8s de 14 % de CBD, Lemon Muffin offre une base solide pour des moments de d\u00e9tente, sans pour autant alourdir.<\/li>\n<li><strong>La plus grande puret\u00e9 :<\/strong> cultiv\u00e9 en Suisse, sans pesticides ni herbicides - pour un produit naturel authentique.<\/li>\n<li><strong>Affinage en douceur :<\/strong> un s\u00e9chage lent et une fermentation pr\u00e9cise pr\u00e9servent l&rsquo;intensit\u00e9 des notes d&rsquo;agrumes jusqu&rsquo;au dernier trait.<\/li>\n<\/ul>\n<h2><strong>Acheter Lemon Muffin Indoor - L&rsquo;artisanat suisse pour les gourmands<\/strong><\/h2>\n<p>Nous pensons que la qualit\u00e9 r\u00e9side dans les d\u00e9tails. Lemon Muffin est la r\u00e9ponse \u00e0 ceux qui recherchent un ar\u00f4me complexe qui se d\u00e9marque des vari\u00e9t\u00e9s classiques. Ce qui est techniquement d\u00e9crit comme une \u00ab\u00a0culture contr\u00f4l\u00e9e en int\u00e9rieur\u00a0\u00bb est pour nous une pure passion pour l&rsquo;exp\u00e9rience parfaite des terp\u00e8nes.<br \/>\nEn cons\u00e9quence, vous obtenez un produit dont le go\u00fbt et l&rsquo;aspect ne laissent rien \u00e0 d\u00e9sirer. C&rsquo;est donc la mani\u00e8re la plus intelligente de consommer <strong>du CBD de qualit\u00e9<\/strong> si vous recherchez une exp\u00e9rience fruit\u00e9e et citronn\u00e9e.   <\/p>\n<h2><strong>T\u00e9moignages de clients sur Lemon Muffin Indoor<\/strong><\/h2>\n<p>Nos clients d\u00e9crivent le plus souvent l&rsquo;exp\u00e9rience comme <strong>\u00ab\u00a0rafra\u00eechissante, douce et visuellement magnifique\u00a0\u00bb<\/strong>. La douceur en bouche et la note prononc\u00e9e de la myrtille, en particulier, sont r\u00e9guli\u00e8rement soulign\u00e9es comme des caract\u00e9ristiques uniques. Nombreux sont ceux qui consid\u00e8rent Lemon Muffin comme leur premier choix pour les moments o\u00f9 le plaisir et la qualit\u00e9 sont primordiaux.  <\/p>\n<h2><strong>Achetez maintenant Lemon Muffin Indoor &amp; d\u00e9couvrez la douceur fruit\u00e9e !<\/strong><\/h2>\n<p>\u00cates-vous pr\u00eat pour le coup de fouet des muffins cultiv\u00e9s en Suisse \u00e0 l&rsquo;int\u00e9rieur ?<br \/>\nCommandez d\u00e8s maintenant et obtenez notre hybride aromatique pour votre prochaine exp\u00e9rience de d\u00e9gustation.<\/p>\n<h2><strong>Des compl\u00e9ments parfaits pour votre style de vie<\/strong><\/h2>\n<p>\u27a1\ufe0f <a href=\"https:\/\/www.herbadiberna.ch\/fr\/vaporisateurs\/\"> Vapes &amp; e-liquides <\/a>(plaisir sans fum\u00e9e)<br \/>\n\u27a1\ufe0f <a href=\"https:\/\/www.herbadiberna.ch\/fr\/haschisch-au-cbd\/\"> D\u00e9couvrir le hasch CBD<\/a> (r\u00e9sines pures)<br \/>\n\u27a1\ufe0f  <a href=\"https:\/\/www.herbadiberna.ch\/fr\/accessoires-cbd\/\">Acheter des accessoires CBD<\/a> (grinders, papes &amp; plus)<\/p>\n<\/div>\n<\/div>\n<\/div>\n<\/div>\n","protected":false},"excerpt":{"rendered":"<p data-path-to-node=\"10\">Acheter Lemon Muffin Indoor chez Herba di Berna. M\u00e9lange unique de Blueberry Muffin &amp; Lemon Haze. Ar\u00f4me fruit\u00e9 de myrtille &amp; d&rsquo;agrumes avec une note sucr\u00e9e de muffin. Fleurs d&rsquo;int\u00e9rieur compactes, l\u00e9g\u00e8rement teint\u00e9es de pourpre, avec pr\u00e8s de 14% de CBD.     <strong>Command\u00e9 jusqu&rsquo;\u00e0 15:00, livr\u00e9 demain \u2713 Port pay\u00e9 \u00e0 partir de 80 CHF \u2713<\/strong><\/p>\n","protected":false},"featured_media":78817,"comment_status":"open","ping_status":"closed","template":"","meta":{"inline_featured_image":false},"product_brand":[],"product_cat":[355,357],"product_tag":[],"class_list":{"0":"post-24496","1":"product","2":"type-product","3":"status-publish","4":"has-post-thumbnail","6":"product_cat-fleurs-de-cbd","7":"product_cat-interieur","8":"product_shipping_class-postpac-prioritaire","9":"pa_anbau-indoor-fr","10":"pa_cbd-12-0-fr","11":"pa_cbg-0-3-fr","12":"pa_inhalt-netto-11g-fr","13":"pa_inhalt-netto-4g-fr","14":"pa_thc-0-4-fr","15":"pif-has-gallery","17":"first","18":"instock","19":"taxable","20":"shipping-taxable","21":"purchasable","22":"product-type-variable","23":"rtwpvs-product"},"_links":{"self":[{"href":"https:\/\/www.herbadiberna.ch\/fr\/wp-json\/wp\/v2\/product\/24496","targetHints":{"allow":["GET"]}}],"collection":[{"href":"https:\/\/www.herbadiberna.ch\/fr\/wp-json\/wp\/v2\/product"}],"about":[{"href":"https:\/\/www.herbadiberna.ch\/fr\/wp-json\/wp\/v2\/types\/product"}],"replies":[{"embeddable":true,"href":"https:\/\/www.herbadiberna.ch\/fr\/wp-json\/wp\/v2\/comments?post=24496"}],"wp:featuredmedia":[{"embeddable":true,"href":"https:\/\/www.herbadiberna.ch\/fr\/wp-json\/wp\/v2\/media\/78817"}],"wp:attachment":[{"href":"https:\/\/www.herbadiberna.ch\/fr\/wp-json\/wp\/v2\/media?parent=24496"}],"wp:term":[{"taxonomy":"product_brand","embeddable":true,"href":"https:\/\/www.herbadiberna.ch\/fr\/wp-json\/wp\/v2\/product_brand?post=24496"},{"taxonomy":"product_cat","embeddable":true,"href":"https:\/\/www.herbadiberna.ch\/fr\/wp-json\/wp\/v2\/product_cat?post=24496"},{"taxonomy":"product_tag","embeddable":true,"href":"https:\/\/www.herbadiberna.ch\/fr\/wp-json\/wp\/v2\/product_tag?post=24496"}],"curies":[{"name":"wp","href":"https:\/\/api.w.org\/{rel}","templated":true}]}}