{"id":24389,"date":"2023-03-21T10:28:56","date_gmt":"2023-03-21T09:28:56","guid":{"rendered":"https:\/\/www.herbadiberna.ch\/creme-de-hasch-maroc-cbd\/"},"modified":"2026-05-04T23:56:37","modified_gmt":"2026-05-04T22:56:37","slug":"cbd-hash-marok-cream","status":"publish","type":"product","link":"https:\/\/www.herbadiberna.ch\/fr\/produit\/cbd-hash-marok-cream\/","title":{"rendered":"Cr\u00e8me de hasch Maroc CBD"},"content":{"rendered":"<div class=\"flex max-w-full flex-col flex-grow\">\n<div class=\"min-h-8 text-message flex w-full flex-col items-end gap-2 whitespace-normal break-words text-start [.text-message+&amp;]:mt-5\" dir=\"auto\">\n<div class=\"flex w-full flex-col gap-1 empty:hidden first:pt-[3px]\">\n<div class=\"markdown prose w-full break-words dark:prose-invert light\">\n<h2><strong>Acheter CBD Hash Marok Cream - Le haschisch traditionnel marocain de qualit\u00e9 sup\u00e9rieure<\/strong><\/h2>\n<p><strong>Acheter du hasch CBD Marok Cream - le hasch de qualit\u00e9 sup\u00e9rieure traditionnel du Maroc !<\/strong><br \/>\nOriginaire des l\u00e9gendaires <strong>montagnes du Rif au Maroc<\/strong>, le fameux <strong>hasch Marok Cream<\/strong> se distingue par sa <strong>texture douce et cr\u00e9meuse<\/strong> ainsi que par ses ar\u00f4mes intenses d&rsquo;encens et de bois de santal.<br \/>\nPour tous ceux qui souhaitent <strong>acheter<\/strong> un <strong>hasch marocain de qualit\u00e9 sup\u00e9rieure<\/strong>, le hasch Marok Cream offre une exp\u00e9rience gustative authentique avec une production traditionnelle.<\/p>\n<h2><strong>Caract\u00e9ristiques du haschisch Marok Cream<\/strong><\/h2>\n<ul>\n<li><strong>Go\u00fbt authentique :<\/strong> ar\u00f4mes intenses d&rsquo;encens et de bois de santal.<\/li>\n<li><strong>Fabrication traditionnelle :<\/strong> la consistance cr\u00e9meuse typique est obtenue par un tamisage et un pressage doux.<\/li>\n<li><strong>Qualit\u00e9 sup\u00e9rieure marocaine :<\/strong> en provenance directe de la c\u00e9l\u00e8bre <strong>r\u00e9gion du Rif<\/strong>, connue pour son haschisch de qualit\u00e9 sup\u00e9rieure.<\/li>\n<li><strong>Faible teneur en THC &amp; l\u00e9gal :<\/strong> contient moins de 1 % de THC - id\u00e9al pour se d\u00e9tendre sans s&rsquo;enivrer.<\/li>\n<li><strong>Stockage :<\/strong> pour conserver tout son ar\u00f4me, <strong>la CBD Hash Marok Cream<\/strong> doit \u00eatre conserv\u00e9e dans un endroit frais, sec &amp; \u00e0 l&rsquo;abri de la lumi\u00e8re.<\/li>\n<\/ul>\n<h2><strong>Pourquoi acheter CBD Haschich Marok Cream ?<\/strong><\/h2>\n<p>Ce haschisch haut de gamme ravira les connaisseurs comme les novices gr\u00e2ce \u00e0 sa <strong>texture fine et cr\u00e9meuse<\/strong> et \u00e0 son ar\u00f4me intense.<br \/>\nLa combinaison d&rsquo;<strong>une r\u00e9sine de haute qualit\u00e9<\/strong> et d&rsquo;une <strong>texture souple<\/strong> le rend particuli\u00e8rement agr\u00e9able \u00e0 utiliser.<br \/>\nPour ceux qui souhaitent <strong>acheter du haschisch CBD<\/strong> de qualit\u00e9 marocaine authentique, le haschisch Maroc Cream est le choix id\u00e9al.<\/p>\n<h2><strong>T\u00e9moignages de clients sur le haschisch Marok Cream<\/strong><\/h2>\n<p>Les utilisateurs appr\u00e9cient sa <strong>texture douce et cr\u00e9meuse<\/strong> et son profil aromatique avec <strong>des notes d&rsquo;encens et de bois de santal<\/strong>.<br \/>\nNombreux sont ceux qui font \u00e9tat d&rsquo;une <strong>agr\u00e9able d\u00e9tente<\/strong> et d&rsquo;une exp\u00e9rience gustative de qualit\u00e9 sup\u00e9rieure \u00e0 ce que l&rsquo;on peut attendre du haschisch CBD premium.<\/p>\n<h2><strong>Commandez d\u00e8s maintenant la CBD Hash Marok Cream et profitez-en !<\/strong><\/h2>\n<p><strong>D\u00e9couvrez la qualit\u00e9 incomparable du haschisch Marok Cream !<\/strong><br \/>\nCommandez d\u00e8s maintenant et savourez le <strong>haschisch CBD<\/strong> traditionnel <strong>du Maroc<\/strong> - authentique, de qualit\u00e9 sup\u00e9rieure et unique !<\/p>\n<h2><strong>En savoir plus : Autres vari\u00e9t\u00e9s de haschisch premium<\/strong><\/h2>\n<p>\u27a1\ufe0f Vous voulez tester d&rsquo;autres vari\u00e9t\u00e9s ? Jetez un coup d&rsquo;\u0153il \u00e0 notre <a href=\"https:\/\/www.herbadiberna.ch\/it\/produkt\/cbd-hash-starter-pack-125g\/\">CBD Hash Starter Pack 12.5g<\/a>!<br \/>\n\u27a1\ufe0f D\u00e9couvrez \u00e9galement notre <a href=\"https:\/\/www.herbadiberna.ch\/it\/produkt\/cbd-hash-ketama\/\">hasch CBD Ketama<\/a> pour un ar\u00f4me \u00e9pic\u00e9 et terreux.<br \/>\n<a href=\"https:\/\/www.herbadiberna.ch\/fr\/haschisch-au-cbd\/\">\u27a1\ufe0fMehr \u00e0<\/a>nos <a href=\"https:\/\/www.herbadiberna.ch\/fr\/vaporisateurs\/\">vapes au CBD<\/a><\/p>\n<\/div>\n<\/div>\n<\/div>\n<\/div>\n","protected":false},"excerpt":{"rendered":"<p>Acheter CBD Hash Marok Cream - Hash marocain de qualit\u00e9 sup\u00e9rieure \u00e0 la texture cr\u00e9meuse &amp; \u00e0 l&rsquo;ar\u00f4me intense. Production traditionnelle de la r\u00e9gion du Rif ! Finement tamis\u00e9, press\u00e9 &amp; avec une texture douce - id\u00e9al pour les connaisseurs &amp; les d\u00e9butants. Commandez maintenant &amp; savourez le v\u00e9ritable haschisch marocain au CBD !   <\/p>\n","protected":false},"featured_media":61182,"comment_status":"open","ping_status":"closed","template":"","meta":{"inline_featured_image":false},"product_brand":[],"product_cat":[724],"product_tag":[1513],"class_list":{"0":"post-24389","1":"product","2":"type-product","3":"status-publish","4":"has-post-thumbnail","6":"product_cat-haschisch-au-cbd","7":"product_tag-nouvelle-formule","8":"product_shipping_class-postpac-prioritaire","9":"pa_anbau-indoor-fr","10":"pa_cbd-20-0-fr","11":"pa_cbg-0-5-fr","12":"pa_inhalt-netto-10g-fr","13":"pa_inhalt-netto-3g-fr","14":"pa_thc-0-7-fr","15":"pif-has-gallery","17":"first","18":"instock","19":"taxable","20":"shipping-taxable","21":"purchasable","22":"product-type-variable","23":"rtwpvs-product"},"_links":{"self":[{"href":"https:\/\/www.herbadiberna.ch\/fr\/wp-json\/wp\/v2\/product\/24389","targetHints":{"allow":["GET"]}}],"collection":[{"href":"https:\/\/www.herbadiberna.ch\/fr\/wp-json\/wp\/v2\/product"}],"about":[{"href":"https:\/\/www.herbadiberna.ch\/fr\/wp-json\/wp\/v2\/types\/product"}],"replies":[{"embeddable":true,"href":"https:\/\/www.herbadiberna.ch\/fr\/wp-json\/wp\/v2\/comments?post=24389"}],"wp:featuredmedia":[{"embeddable":true,"href":"https:\/\/www.herbadiberna.ch\/fr\/wp-json\/wp\/v2\/media\/61182"}],"wp:attachment":[{"href":"https:\/\/www.herbadiberna.ch\/fr\/wp-json\/wp\/v2\/media?parent=24389"}],"wp:term":[{"taxonomy":"product_brand","embeddable":true,"href":"https:\/\/www.herbadiberna.ch\/fr\/wp-json\/wp\/v2\/product_brand?post=24389"},{"taxonomy":"product_cat","embeddable":true,"href":"https:\/\/www.herbadiberna.ch\/fr\/wp-json\/wp\/v2\/product_cat?post=24389"},{"taxonomy":"product_tag","embeddable":true,"href":"https:\/\/www.herbadiberna.ch\/fr\/wp-json\/wp\/v2\/product_tag?post=24389"}],"curies":[{"name":"wp","href":"https:\/\/api.w.org\/{rel}","templated":true}]}}