{"id":21890,"date":"2023-02-15T16:22:30","date_gmt":"2023-02-15T15:22:30","guid":{"rendered":"https:\/\/www.herbadiberna.ch\/gizeh-black-active-tips-6mm\/"},"modified":"2026-05-01T01:32:23","modified_gmt":"2026-05-01T00:32:23","slug":"gizeh-black-active-tips-6mm","status":"publish","type":"product","link":"https:\/\/www.herbadiberna.ch\/fr\/produit\/gizeh-black-active-tips-6mm\/","title":{"rendered":"Filtre Gizeh Black Active 6mm"},"content":{"rendered":"<p>Les bouchons de charbon actif au format slim (6 mm de diam\u00e8tre) ont \u00e9t\u00e9 sp\u00e9cialement con\u00e7us pour la d\u00e9gustation king size. Le charbon actif purifi\u00e9 \u00e0 l&rsquo;int\u00e9rieur des tips est produit \u00e0 base de coques de noix de coco, une mati\u00e8re premi\u00e8re renouvelable. Les capuchons en c\u00e9ramique \u00e0 chaque extr\u00e9mit\u00e9 sont perc\u00e9s de sept trous et assurent un tirage optimal. Les embouts Gizeh Black Active sont \u00ab\u00a0Made in Germany\u00a0\u00bb et peuvent \u00eatre utilis\u00e9s plusieurs fois.<\/p>\n","protected":false},"excerpt":{"rendered":"<p>34 pi\u00e8ces, diam\u00e8tre : 6 mm, longueur : 27 mm<\/p>\n","protected":false},"featured_media":30448,"comment_status":"open","ping_status":"closed","template":"","meta":{"inline_featured_image":false},"product_brand":[],"product_cat":[369,371],"product_tag":[],"class_list":{"0":"post-21890","1":"product","2":"type-product","3":"status-publish","4":"has-post-thumbnail","6":"product_cat-accessoires-cbd","7":"product_cat-papes-filtres-broyeurs","8":"pa_marke-gizeh-fr","9":"pif-has-gallery","11":"first","12":"instock","13":"taxable","14":"shipping-taxable","15":"purchasable","16":"product-type-variable","17":"rtwpvs-product"},"_links":{"self":[{"href":"https:\/\/www.herbadiberna.ch\/fr\/wp-json\/wp\/v2\/product\/21890","targetHints":{"allow":["GET"]}}],"collection":[{"href":"https:\/\/www.herbadiberna.ch\/fr\/wp-json\/wp\/v2\/product"}],"about":[{"href":"https:\/\/www.herbadiberna.ch\/fr\/wp-json\/wp\/v2\/types\/product"}],"replies":[{"embeddable":true,"href":"https:\/\/www.herbadiberna.ch\/fr\/wp-json\/wp\/v2\/comments?post=21890"}],"wp:featuredmedia":[{"embeddable":true,"href":"https:\/\/www.herbadiberna.ch\/fr\/wp-json\/wp\/v2\/media\/30448"}],"wp:attachment":[{"href":"https:\/\/www.herbadiberna.ch\/fr\/wp-json\/wp\/v2\/media?parent=21890"}],"wp:term":[{"taxonomy":"product_brand","embeddable":true,"href":"https:\/\/www.herbadiberna.ch\/fr\/wp-json\/wp\/v2\/product_brand?post=21890"},{"taxonomy":"product_cat","embeddable":true,"href":"https:\/\/www.herbadiberna.ch\/fr\/wp-json\/wp\/v2\/product_cat?post=21890"},{"taxonomy":"product_tag","embeddable":true,"href":"https:\/\/www.herbadiberna.ch\/fr\/wp-json\/wp\/v2\/product_tag?post=21890"}],"curies":[{"name":"wp","href":"https:\/\/api.w.org\/{rel}","templated":true}]}}