{"id":21884,"date":"2023-02-15T16:22:30","date_gmt":"2023-02-15T15:22:30","guid":{"rendered":"https:\/\/www.herbadiberna.ch\/gizeh-slim-tips-charbon-actif\/"},"modified":"2026-04-29T01:52:34","modified_gmt":"2026-04-29T00:52:34","slug":"gizeh-slim-tips-charbon-actif","status":"publish","type":"product","link":"https:\/\/www.herbadiberna.ch\/fr\/produit\/gizeh-slim-tips-charbon-actif\/","title":{"rendered":"Gizeh Slim Tips charbon actif"},"content":{"rendered":"<p>Les Gizeh Tips charbon actif ont un diam\u00e8tre de 6 mm. Le charbon actif naturel contenu dans ces triples tips avec syst\u00e8me de chambre permet d&rsquo;obtenir un ar\u00f4me plus doux. Les tips sont emball\u00e9s par 120 dans un sachet avec fermeture zip refermable. Les tips peuvent \u00e9galement \u00eatre pr\u00e9lev\u00e9s individuellement gr\u00e2ce au trou de distribution pratique.<\/p>\n","protected":false},"excerpt":{"rendered":"<p>120 tips par sachet, diam\u00e8tre : 6 mm, longueur : 15 mm<\/p>\n","protected":false},"featured_media":30456,"comment_status":"open","ping_status":"closed","template":"","meta":{"inline_featured_image":false},"product_brand":[],"product_cat":[369,371],"product_tag":[],"class_list":{"0":"post-21884","1":"product","2":"type-product","3":"status-publish","4":"has-post-thumbnail","6":"product_cat-accessoires-cbd","7":"product_cat-papes-filtres-broyeurs","8":"pa_marke-gizeh-fr","9":"pif-has-gallery","11":"first","12":"instock","13":"taxable","14":"shipping-taxable","15":"purchasable","16":"product-type-variable","17":"rtwpvs-product"},"_links":{"self":[{"href":"https:\/\/www.herbadiberna.ch\/fr\/wp-json\/wp\/v2\/product\/21884","targetHints":{"allow":["GET"]}}],"collection":[{"href":"https:\/\/www.herbadiberna.ch\/fr\/wp-json\/wp\/v2\/product"}],"about":[{"href":"https:\/\/www.herbadiberna.ch\/fr\/wp-json\/wp\/v2\/types\/product"}],"replies":[{"embeddable":true,"href":"https:\/\/www.herbadiberna.ch\/fr\/wp-json\/wp\/v2\/comments?post=21884"}],"wp:featuredmedia":[{"embeddable":true,"href":"https:\/\/www.herbadiberna.ch\/fr\/wp-json\/wp\/v2\/media\/30456"}],"wp:attachment":[{"href":"https:\/\/www.herbadiberna.ch\/fr\/wp-json\/wp\/v2\/media?parent=21884"}],"wp:term":[{"taxonomy":"product_brand","embeddable":true,"href":"https:\/\/www.herbadiberna.ch\/fr\/wp-json\/wp\/v2\/product_brand?post=21884"},{"taxonomy":"product_cat","embeddable":true,"href":"https:\/\/www.herbadiberna.ch\/fr\/wp-json\/wp\/v2\/product_cat?post=21884"},{"taxonomy":"product_tag","embeddable":true,"href":"https:\/\/www.herbadiberna.ch\/fr\/wp-json\/wp\/v2\/product_tag?post=21884"}],"curies":[{"name":"wp","href":"https:\/\/api.w.org\/{rel}","templated":true}]}}