{"id":21579,"date":"2023-02-01T16:23:17","date_gmt":"2023-02-01T15:23:17","guid":{"rendered":"https:\/\/www.herbadiberna.ch\/futurola-dutch-brown-blue\/"},"modified":"2026-04-30T05:32:09","modified_gmt":"2026-04-30T04:32:09","slug":"futurola-blue","status":"publish","type":"product","link":"https:\/\/www.herbadiberna.ch\/fr\/produit\/futurola-blue\/","title":{"rendered":"Futurola Paper Blue"},"content":{"rendered":"<p>Futurola King Size Blue. Extr\u00eamement fin, non blanchi, en gomme de sucre naturelle. Les King Size Blue de Futurola sont fabriqu\u00e9s selon les normes de qualit\u00e9 les plus strictes et br\u00fblent lentement et uniform\u00e9ment.<\/p>\n","protected":false},"excerpt":{"rendered":"<p>Mince et de qualit\u00e9 sup\u00e9rieure<\/p>\n","protected":false},"featured_media":11118,"comment_status":"open","ping_status":"closed","template":"","meta":{"inline_featured_image":false},"product_brand":[],"product_cat":[369,371],"product_tag":[],"class_list":{"0":"post-21579","1":"product","2":"type-product","3":"status-publish","4":"has-post-thumbnail","6":"product_cat-accessoires-cbd","7":"product_cat-papes-filtres-broyeurs","9":"first","10":"outofstock","11":"taxable","12":"shipping-taxable","13":"purchasable","14":"product-type-variable","15":"rtwpvs-product"},"_links":{"self":[{"href":"https:\/\/www.herbadiberna.ch\/fr\/wp-json\/wp\/v2\/product\/21579","targetHints":{"allow":["GET"]}}],"collection":[{"href":"https:\/\/www.herbadiberna.ch\/fr\/wp-json\/wp\/v2\/product"}],"about":[{"href":"https:\/\/www.herbadiberna.ch\/fr\/wp-json\/wp\/v2\/types\/product"}],"replies":[{"embeddable":true,"href":"https:\/\/www.herbadiberna.ch\/fr\/wp-json\/wp\/v2\/comments?post=21579"}],"wp:featuredmedia":[{"embeddable":true,"href":"https:\/\/www.herbadiberna.ch\/fr\/wp-json\/wp\/v2\/media\/11118"}],"wp:attachment":[{"href":"https:\/\/www.herbadiberna.ch\/fr\/wp-json\/wp\/v2\/media?parent=21579"}],"wp:term":[{"taxonomy":"product_brand","embeddable":true,"href":"https:\/\/www.herbadiberna.ch\/fr\/wp-json\/wp\/v2\/product_brand?post=21579"},{"taxonomy":"product_cat","embeddable":true,"href":"https:\/\/www.herbadiberna.ch\/fr\/wp-json\/wp\/v2\/product_cat?post=21579"},{"taxonomy":"product_tag","embeddable":true,"href":"https:\/\/www.herbadiberna.ch\/fr\/wp-json\/wp\/v2\/product_tag?post=21579"}],"curies":[{"name":"wp","href":"https:\/\/api.w.org\/{rel}","templated":true}]}}