{"id":21570,"date":"2023-02-01T16:23:16","date_gmt":"2023-02-01T15:23:16","guid":{"rendered":"https:\/\/www.herbadiberna.ch\/chruetermuehli-black-leaf-steely-dan-acier-inoxydable-4-pieces\/"},"modified":"2026-05-01T09:19:47","modified_gmt":"2026-05-01T08:19:47","slug":"chruetermuehli-black-leaf-steely-dan-edelstahl-4-teilig","status":"publish","type":"product","link":"https:\/\/www.herbadiberna.ch\/fr\/produit\/chruetermuehli-black-leaf-steely-dan-edelstahl-4-teilig\/","title":{"rendered":"Chr\u00fcterm\u00fchli Black Leaf Steely Dan acier inoxydable 4 pi\u00e8ces"},"content":{"rendered":"<p>Le fabricant offre une garantie \u00e0 vie pour ce lourd moulin \u00e0 choux en acier inoxydable de haute qualit\u00e9 (sauf pour le tamis). Les dents de broyage aiguis\u00e9es et taill\u00e9es au diamant broient m\u00eame les mat\u00e9riaux les plus solides en un clin d&rsquo;\u0153il. Le support magn\u00e9tique maintient fermement le broyeur du moulin, tandis qu&rsquo;une bague coulissante en nylon facilite la rotation dans un sens et dans l&rsquo;autre. Dans ce moulin \u00e0 choux en quatre parties, le compartiment du tamis et celui du fond, o\u00f9 s&rsquo;accumule la pr\u00e9cieuse \u00ab\u00a0poussi\u00e8re\u00a0\u00bb, sont ferm\u00e9s de mani\u00e8re \u00e9tanche et s\u00fbre par une fermeture \u00e0 vis. La petite spatule fournie aide \u00e0 la vider lors de la collecte. Un autre point positif est la facilit\u00e9 de nettoyage dans le lave-vaisselle. Ne pas mettre le tamis en contact avec des pi\u00e8ces rouill\u00e9es et ne pas le laisser dans des produits de nettoyage agressifs ou de l&rsquo;alcool pendant une p\u00e9riode prolong\u00e9e.<\/p>\n","protected":false},"excerpt":{"rendered":"<p>Chr\u00fcterm\u00fchli avec garantie \u00e0 vie<\/p>\n","protected":false},"featured_media":11019,"comment_status":"open","ping_status":"closed","template":"","meta":{"inline_featured_image":false},"product_brand":[],"product_cat":[369,371],"product_tag":[],"class_list":{"0":"post-21570","1":"product","2":"type-product","3":"status-publish","4":"has-post-thumbnail","6":"product_cat-accessoires-cbd","7":"product_cat-papes-filtres-broyeurs","8":"pif-has-gallery","10":"first","11":"instock","12":"taxable","13":"shipping-taxable","14":"purchasable","15":"product-type-simple"},"_links":{"self":[{"href":"https:\/\/www.herbadiberna.ch\/fr\/wp-json\/wp\/v2\/product\/21570","targetHints":{"allow":["GET"]}}],"collection":[{"href":"https:\/\/www.herbadiberna.ch\/fr\/wp-json\/wp\/v2\/product"}],"about":[{"href":"https:\/\/www.herbadiberna.ch\/fr\/wp-json\/wp\/v2\/types\/product"}],"replies":[{"embeddable":true,"href":"https:\/\/www.herbadiberna.ch\/fr\/wp-json\/wp\/v2\/comments?post=21570"}],"wp:featuredmedia":[{"embeddable":true,"href":"https:\/\/www.herbadiberna.ch\/fr\/wp-json\/wp\/v2\/media\/11019"}],"wp:attachment":[{"href":"https:\/\/www.herbadiberna.ch\/fr\/wp-json\/wp\/v2\/media?parent=21570"}],"wp:term":[{"taxonomy":"product_brand","embeddable":true,"href":"https:\/\/www.herbadiberna.ch\/fr\/wp-json\/wp\/v2\/product_brand?post=21570"},{"taxonomy":"product_cat","embeddable":true,"href":"https:\/\/www.herbadiberna.ch\/fr\/wp-json\/wp\/v2\/product_cat?post=21570"},{"taxonomy":"product_tag","embeddable":true,"href":"https:\/\/www.herbadiberna.ch\/fr\/wp-json\/wp\/v2\/product_tag?post=21570"}],"curies":[{"name":"wp","href":"https:\/\/api.w.org\/{rel}","templated":true}]}}