{"id":21560,"date":"2023-02-01T16:23:14","date_gmt":"2023-02-01T15:23:14","guid":{"rendered":"https:\/\/www.herbadiberna.ch\/boite-futurola-king-size-11cm-avancee\/"},"modified":"2025-11-04T07:35:20","modified_gmt":"2025-11-04T06:35:20","slug":"futurola-box-king-size-11cm-vordraeit","status":"publish","type":"product","link":"https:\/\/www.herbadiberna.ch\/fr\/produit\/futurola-box-king-size-11cm-vordraeit\/","title":{"rendered":"Bo\u00eete Futurola King Size 11cm Avanc\u00e9e"},"content":{"rendered":"<p>Produit selon les normes de qualit\u00e9 les plus \u00e9lev\u00e9es. Les Futurola sont parmi les plus minces du monde et ne contiennent pas d&rsquo;additifs. 110 mm de long. Compos\u00e9 \u00e0 100% de mat\u00e9riaux certifi\u00e9s FSC Bio.<\/p>\n","protected":false},"excerpt":{"rendered":"<p>Qualit\u00e9 Futurola pr\u00e9dispos\u00e9e<\/p>\n","protected":false},"featured_media":11112,"comment_status":"open","ping_status":"closed","template":"","meta":{"inline_featured_image":false},"product_brand":[],"product_cat":[369,371],"product_tag":[],"class_list":{"0":"post-21560","1":"product","2":"type-product","3":"status-publish","4":"has-post-thumbnail","6":"product_cat-accessoires-cbd","7":"product_cat-papes-filtres-broyeurs","9":"first","10":"outofstock","11":"taxable","12":"shipping-taxable","13":"purchasable","14":"product-type-simple"},"_links":{"self":[{"href":"https:\/\/www.herbadiberna.ch\/fr\/wp-json\/wp\/v2\/product\/21560","targetHints":{"allow":["GET"]}}],"collection":[{"href":"https:\/\/www.herbadiberna.ch\/fr\/wp-json\/wp\/v2\/product"}],"about":[{"href":"https:\/\/www.herbadiberna.ch\/fr\/wp-json\/wp\/v2\/types\/product"}],"replies":[{"embeddable":true,"href":"https:\/\/www.herbadiberna.ch\/fr\/wp-json\/wp\/v2\/comments?post=21560"}],"wp:featuredmedia":[{"embeddable":true,"href":"https:\/\/www.herbadiberna.ch\/fr\/wp-json\/wp\/v2\/media\/11112"}],"wp:attachment":[{"href":"https:\/\/www.herbadiberna.ch\/fr\/wp-json\/wp\/v2\/media?parent=21560"}],"wp:term":[{"taxonomy":"product_brand","embeddable":true,"href":"https:\/\/www.herbadiberna.ch\/fr\/wp-json\/wp\/v2\/product_brand?post=21560"},{"taxonomy":"product_cat","embeddable":true,"href":"https:\/\/www.herbadiberna.ch\/fr\/wp-json\/wp\/v2\/product_cat?post=21560"},{"taxonomy":"product_tag","embeddable":true,"href":"https:\/\/www.herbadiberna.ch\/fr\/wp-json\/wp\/v2\/product_tag?post=21560"}],"curies":[{"name":"wp","href":"https:\/\/api.w.org\/{rel}","templated":true}]}}