{"id":21539,"date":"2023-02-01T16:23:20","date_gmt":"2023-02-01T15:23:20","guid":{"rendered":"https:\/\/www.herbadiberna.ch\/futurola-king-size-orange-avec-embouts\/"},"modified":"2026-04-30T19:57:22","modified_gmt":"2026-04-30T18:57:22","slug":"futurola-orange-avec-filtre","status":"publish","type":"product","link":"https:\/\/www.herbadiberna.ch\/fr\/produit\/futurola-orange-avec-filtre\/","title":{"rendered":"Futurola Orange avec filtre"},"content":{"rendered":"<p>Futurola Orange King Size Slim incl. Filtre. Extr\u00eamement fins et en papier de riz long avec une gomme de sucre naturelle. Les King Size Slim de Futurola sont fabriqu\u00e9s selon les normes de qualit\u00e9 les plus \u00e9lev\u00e9es et br\u00fblent lentement et uniform\u00e9ment.<\/p>\n","protected":false},"excerpt":{"rendered":"<p>Mince et de qualit\u00e9 sup\u00e9rieure, y compris Conseils<\/p>\n","protected":false},"featured_media":11091,"comment_status":"open","ping_status":"closed","template":"","meta":{"inline_featured_image":false},"product_brand":[],"product_cat":[369,371],"product_tag":[],"class_list":{"0":"post-21539","1":"product","2":"type-product","3":"status-publish","4":"has-post-thumbnail","6":"product_cat-accessoires-cbd","7":"product_cat-papes-filtres-broyeurs","8":"pif-has-gallery","10":"first","11":"instock","12":"taxable","13":"shipping-taxable","14":"purchasable","15":"product-type-variable","16":"rtwpvs-product"},"_links":{"self":[{"href":"https:\/\/www.herbadiberna.ch\/fr\/wp-json\/wp\/v2\/product\/21539","targetHints":{"allow":["GET"]}}],"collection":[{"href":"https:\/\/www.herbadiberna.ch\/fr\/wp-json\/wp\/v2\/product"}],"about":[{"href":"https:\/\/www.herbadiberna.ch\/fr\/wp-json\/wp\/v2\/types\/product"}],"replies":[{"embeddable":true,"href":"https:\/\/www.herbadiberna.ch\/fr\/wp-json\/wp\/v2\/comments?post=21539"}],"wp:featuredmedia":[{"embeddable":true,"href":"https:\/\/www.herbadiberna.ch\/fr\/wp-json\/wp\/v2\/media\/11091"}],"wp:attachment":[{"href":"https:\/\/www.herbadiberna.ch\/fr\/wp-json\/wp\/v2\/media?parent=21539"}],"wp:term":[{"taxonomy":"product_brand","embeddable":true,"href":"https:\/\/www.herbadiberna.ch\/fr\/wp-json\/wp\/v2\/product_brand?post=21539"},{"taxonomy":"product_cat","embeddable":true,"href":"https:\/\/www.herbadiberna.ch\/fr\/wp-json\/wp\/v2\/product_cat?post=21539"},{"taxonomy":"product_tag","embeddable":true,"href":"https:\/\/www.herbadiberna.ch\/fr\/wp-json\/wp\/v2\/product_tag?post=21539"}],"curies":[{"name":"wp","href":"https:\/\/api.w.org\/{rel}","templated":true}]}}