{"id":21532,"date":"2023-02-01T16:23:21","date_gmt":"2023-02-01T15:23:21","guid":{"rendered":"https:\/\/www.herbadiberna.ch\/futurola-2000-pcs-boite-rechargepack\/"},"modified":"2025-01-23T15:27:40","modified_gmt":"2025-01-23T14:27:40","slug":"futurola-2000-stk-rechargepack-box","status":"publish","type":"product","link":"https:\/\/www.herbadiberna.ch\/fr\/produit\/futurola-2000-stk-rechargepack-box\/","title":{"rendered":"Futurola 2000 pcs Pack de recharge"},"content":{"rendered":"<p>Recharge de 2000 Orange King Size Slim pour le distributeur pratique de Futurola. Les King Size de Futurola sont fabriqu\u00e9s selon les normes de qualit\u00e9 les plus \u00e9lev\u00e9es et br\u00fblent lentement et uniform\u00e9ment.<\/p>\n","protected":false},"excerpt":{"rendered":"<p>Recharge pour distributeur<\/p>\n","protected":false},"featured_media":11085,"comment_status":"open","ping_status":"closed","template":"","meta":{"inline_featured_image":false},"product_brand":[],"product_cat":[369,371],"product_tag":[],"class_list":{"0":"post-21532","1":"product","2":"type-product","3":"status-publish","4":"has-post-thumbnail","6":"product_cat-accessoires-cbd","7":"product_cat-papes-filtres-broyeurs","9":"first","10":"outofstock","11":"taxable","12":"shipping-taxable","13":"purchasable","14":"product-type-simple"},"_links":{"self":[{"href":"https:\/\/www.herbadiberna.ch\/fr\/wp-json\/wp\/v2\/product\/21532","targetHints":{"allow":["GET"]}}],"collection":[{"href":"https:\/\/www.herbadiberna.ch\/fr\/wp-json\/wp\/v2\/product"}],"about":[{"href":"https:\/\/www.herbadiberna.ch\/fr\/wp-json\/wp\/v2\/types\/product"}],"replies":[{"embeddable":true,"href":"https:\/\/www.herbadiberna.ch\/fr\/wp-json\/wp\/v2\/comments?post=21532"}],"wp:featuredmedia":[{"embeddable":true,"href":"https:\/\/www.herbadiberna.ch\/fr\/wp-json\/wp\/v2\/media\/11085"}],"wp:attachment":[{"href":"https:\/\/www.herbadiberna.ch\/fr\/wp-json\/wp\/v2\/media?parent=21532"}],"wp:term":[{"taxonomy":"product_brand","embeddable":true,"href":"https:\/\/www.herbadiberna.ch\/fr\/wp-json\/wp\/v2\/product_brand?post=21532"},{"taxonomy":"product_cat","embeddable":true,"href":"https:\/\/www.herbadiberna.ch\/fr\/wp-json\/wp\/v2\/product_cat?post=21532"},{"taxonomy":"product_tag","embeddable":true,"href":"https:\/\/www.herbadiberna.ch\/fr\/wp-json\/wp\/v2\/product_tag?post=21532"}],"curies":[{"name":"wp","href":"https:\/\/api.w.org\/{rel}","templated":true}]}}