{"id":21510,"date":"2023-02-01T16:23:26","date_gmt":"2023-02-01T15:23:26","guid":{"rendered":"https:\/\/www.herbadiberna.ch\/sb-volcano-hybride\/"},"modified":"2026-04-18T11:27:49","modified_gmt":"2026-04-18T10:27:49","slug":"sb-volcano-hybride","status":"publish","type":"product","link":"https:\/\/www.herbadiberna.ch\/fr\/produit\/sb-volcano-hybride\/","title":{"rendered":"Storz &amp; Bickel Volcano Hybrid"},"content":{"rendered":"<div class=\"flex max-w-full flex-col flex-grow\">\n<div class=\"min-h-8 text-message flex w-full flex-col items-end gap-2 whitespace-normal break-words text-start [.text-message+&amp;]:mt-5\" dir=\"auto\">\n<div class=\"flex w-full flex-col gap-1 empty:hidden first:pt-[3px]\">\n<div class=\"markdown prose w-full break-words dark:prose-invert light\">\n<h2><strong>Storz &amp; Bickel Volcano Hybrid - La r\u00e9invention d&rsquo;une ic\u00f4ne<\/strong><\/h2>\n<p>Acheter Storz &amp; Bickel Volcano Hybrid ONYX Edition et voir le Volcano Hybrid \u00e0 travers d&rsquo;autres yeux.<br \/>\nLe <strong>Volcano Hybrid<\/strong> est synonyme de pr\u00e9cision, de qualit\u00e9 et de performance \u00ab\u00a0Made in Germany\u00a0\u00bb.<br \/>\nAvec son \u00e9cran tactile, son contr\u00f4le par application et sa chambre c\u00e9ramique, il fait passer la l\u00e9gendaire s\u00e9rie Volcano au niveau sup\u00e9rieur.<br \/>\nL&rsquo;\u00e9l\u00e9gante est dot\u00e9e d&rsquo;un rev\u00eatement en poudre de couleur pierre de lave ou argent\u00e9e et d&rsquo;une grande r\u00e9sistance aux rayures.<\/p>\n<h2><strong>Caract\u00e9ristiques du vaporisateur hybride Storz &amp; Bickel Volcano<\/strong><\/h2>\n<ul>\n<li style=\"list-style-type: none;\">\n<ul>\n<li><strong>Inhalation double :<\/strong> au choix via le Tube Kit ou l&rsquo;Easy Valve Balloon.<\/li>\n<li><strong>Chambre de remplissage \u00e0 rev\u00eatement c\u00e9ramique :<\/strong> pour un go\u00fbt pur &amp; un nettoyage facile.<\/li>\n<li><strong>Temps de chauffe rapide :<\/strong> pr\u00eat \u00e0 l&#8217;emploi en 1 \u00e0 2 minutes.<\/li>\n<li><strong>\u00c9cran tactile :<\/strong> contr\u00f4le intuitif directement sur l&rsquo;appareil.<\/li>\n<li><strong>Contr\u00f4le de l&rsquo;application :<\/strong> via l&rsquo;application Android ou l&rsquo;application web Storz &amp; Bickel.<\/li>\n<li><strong>Made in Germany :<\/strong> la qualit\u00e9 Storz &amp; Bickel - pr\u00e9cise, s\u00fbre, durable.<\/li>\n<\/ul>\n<\/li>\n<\/ul>\n<h2><strong>Pourquoi acheter le Volcano Hybrid ?<\/strong><\/h2>\n<p>Le <strong>Volcano Hybrid<\/strong> est la symbiose parfaite de l <strong>&lsquo;innovation<\/strong> et <strong>de la tradition et un must pour toute f\u00eate<\/strong>.<br \/>\nGr\u00e2ce aux commandes tactiles, \u00e0 la connexion \u00e0 l&rsquo;application et au chauffage c\u00e9ramique, les utilisateurs b\u00e9n\u00e9ficient d&rsquo;un plaisir vapeur authentique avec un maximum de confort.<br \/>\nL&rsquo;\u00e9dition ONYX ajoute un design moderne et une duret\u00e9 de surface accrue \u00e0 ce classique - id\u00e9al pour les fans de vaporisateurs exigeants.<\/p>\n<h2><strong>Contenu du vaporisateur hybride Volcano<\/strong><\/h2>\n<ul>\n<li>1\u00d7 Volcano hybride<\/li>\n<li>1\u00d7 Chord de puissance<\/li>\n<li>3\u00d7 Easy Valve Balloon avec embout buccal<\/li>\n<li>1\u00d7 ballon Easy Valve avec adaptateur<\/li>\n<li>1\u00d7 Kit de tubes<\/li>\n<li>1\u00d7 chambre de remplissage, y compris anneau de cap, kit d&rsquo;\u00e9cran &amp; brosse de nettoyage <\/li>\n<li>1\u00d7 Kit de filtres \u00e0 air<\/li>\n<li>1\u00d7 Herb Mill (\u00f8 55 mm)<\/li>\n<li>1\u00d7 mode d&#8217;emploi<\/li>\n<\/ul>\n<h2><strong>Commandez Volcano Hybrid d\u00e8s maintenant !<\/strong><\/h2>\n<p><strong>D\u00e9couvrez l&rsquo;original - red\u00e9fini.<\/strong><br \/>\nCommandez maintenant le <strong>Volcano Hybrid <\/strong>chez Herba di Berna et profitez de la livraison express suisse &amp; du service premium.<\/p>\n<h2><strong>D\u00e9couvrir plus dans le monde du CBD de Herba di Berna<\/strong><\/h2>\n<p>\u27a1\ufe0f Vous trouverez des accessoires adapt\u00e9s dans notre cat\u00e9gorie <a href=\"https:\/\/www.herbadiberna.ch\/fr\/accessoires-cbd\/\">Accessoires CBD<\/a>.<br \/>\n\u27a1\ufe0f En savoir plus sur les <a href=\"https:\/\/www.herbadiberna.ch\/cbd-blueten\/\">fleurs de CBD<\/a> pour votre vaporisateur.<br \/>\n<a href=\"https:\/\/www.herbadiberna.ch\/vapes-kaufen-schweiz\/\">\u27a1\ufe0f D\u00e9couvrir d&rsquo;autres vaporisateurs<\/a><\/p>\n<\/div>\n<\/div>\n<\/div>\n<\/div>\n","protected":false},"excerpt":{"rendered":"<p data-start=\"396\" data-end=\"587\">Acheter Storz &amp; Bickel Volcano Hybrid ONYX Edition chez Herba di Berna. Vaporisateur premium avec contr\u00f4le par application, chambre c\u00e9ramique, \u00e9cran tactile et temps de chauffe rapide pour un plaisir intense de la vapeur.Livraison rapide en 1-3 jours \u2713 Port gratuit \u00e0 partir de 79 CHF \u2713 <\/p>\n","protected":false},"featured_media":28717,"comment_status":"open","ping_status":"closed","template":"","meta":{"inline_featured_image":false},"product_brand":[],"product_cat":[369,383],"product_tag":[],"class_list":{"0":"post-21510","1":"product","2":"type-product","3":"status-publish","4":"has-post-thumbnail","6":"product_cat-accessoires-cbd","7":"product_cat-vaporisateurs","8":"pa_marke-storz-bickel-fr","9":"pif-has-gallery","11":"first","12":"outofstock","13":"taxable","14":"shipping-taxable","15":"purchasable","16":"product-type-variable","17":"rtwpvs-product"},"_links":{"self":[{"href":"https:\/\/www.herbadiberna.ch\/fr\/wp-json\/wp\/v2\/product\/21510","targetHints":{"allow":["GET"]}}],"collection":[{"href":"https:\/\/www.herbadiberna.ch\/fr\/wp-json\/wp\/v2\/product"}],"about":[{"href":"https:\/\/www.herbadiberna.ch\/fr\/wp-json\/wp\/v2\/types\/product"}],"replies":[{"embeddable":true,"href":"https:\/\/www.herbadiberna.ch\/fr\/wp-json\/wp\/v2\/comments?post=21510"}],"wp:featuredmedia":[{"embeddable":true,"href":"https:\/\/www.herbadiberna.ch\/fr\/wp-json\/wp\/v2\/media\/28717"}],"wp:attachment":[{"href":"https:\/\/www.herbadiberna.ch\/fr\/wp-json\/wp\/v2\/media?parent=21510"}],"wp:term":[{"taxonomy":"product_brand","embeddable":true,"href":"https:\/\/www.herbadiberna.ch\/fr\/wp-json\/wp\/v2\/product_brand?post=21510"},{"taxonomy":"product_cat","embeddable":true,"href":"https:\/\/www.herbadiberna.ch\/fr\/wp-json\/wp\/v2\/product_cat?post=21510"},{"taxonomy":"product_tag","embeddable":true,"href":"https:\/\/www.herbadiberna.ch\/fr\/wp-json\/wp\/v2\/product_tag?post=21510"}],"curies":[{"name":"wp","href":"https:\/\/api.w.org\/{rel}","templated":true}]}}