{"id":21462,"date":"2023-02-01T16:23:26","date_gmt":"2023-02-01T15:23:26","guid":{"rendered":"https:\/\/www.herbadiberna.ch\/sb-crafty\/"},"modified":"2026-05-07T09:35:25","modified_gmt":"2026-05-07T08:35:25","slug":"sb-crafty","status":"publish","type":"product","link":"https:\/\/www.herbadiberna.ch\/fr\/produit\/sb-crafty\/","title":{"rendered":"Storz &amp; Bickel Crafty+"},"content":{"rendered":"<div class=\"flex max-w-full flex-col flex-grow\">\n<div class=\"min-h-8 text-message flex w-full flex-col items-end gap-2 whitespace-normal break-words text-start [.text-message+&amp;]:mt-5\" dir=\"auto\">\n<div class=\"flex w-full flex-col gap-1 empty:hidden first:pt-[3px]\">\n<div class=\"markdown prose w-full break-words dark:prose-invert light\">\n<h2><strong>Acheter Storz &amp; Bickel Crafty Plus - compact, moderne &amp; puissant<\/strong><\/h2>\n<p>Achetez Storz &amp; Bickel Crafty Plus et assurez-vous la livraison express chez Herba di Berna. Le vaporisateur compact haut de gamme avec un v\u00e9ritable chauffage par convection et conduction.<br \/>\nLe <strong>Crafty Plus<\/strong> convainc par une autonomie de batterie accrue de 30 %, un chargement plus rapide via <strong>USB-C<\/strong> et une meilleure haptique.<br \/>\nAvec son faible poids, son utilisation simple et son contr\u00f4le pr\u00e9cis de la temp\u00e9rature, il est le compagnon id\u00e9al pour les d\u00e9placements. <\/p>\n<h2><strong>Caract\u00e9ristiques du vaporisateur Storz &amp; Bickel Crafty Plus<\/strong><\/h2>\n<ul>\n<li style=\"list-style-type: none;\">\n<ul>\n<li style=\"list-style-type: none;\">\n<ul>\n<li><strong data-start=\"425\" data-end=\"447\">Remarque importante :<\/strong> veuillez utiliser l&rsquo;appareil uniquement avec des chargeurs qui fournissent <strong data-start=\"507\" data-end=\"523\">un courant de charge<\/strong> maximal <strong data-start=\"507\" data-end=\"523\">de 1A<\/strong>. Les chargeurs rapides \u00e0 courant plus \u00e9lev\u00e9 peuvent <strong data-start=\"580\" data-end=\"616\">endommager<\/strong> la <strong data-start=\"580\" data-end=\"616\">batterie \u00e0 long terme<\/strong> et raccourcir la dur\u00e9e de vie du vaporisateur.<\/li>\n<li><strong>30 % d&rsquo;autonomie en plus :<\/strong> des sessions plus longues &amp; des performances fiables.<\/li>\n<li><strong>Chargement plus rapide :<\/strong> temps de chargement r\u00e9duit de 25 minutes via USB-C.<\/li>\n<li><strong>V\u00e9ritable chauffage hybride :<\/strong> combinaison de convection &amp; de conduction pour une \u00e9vaporation uniforme.<\/li>\n<li><strong>Chambre \u00e0 rev\u00eatement c\u00e9ramique :<\/strong> 1,4 cm\u00b3 de volume - neutre au go\u00fbt &amp; facile \u00e0 nettoyer.<\/li>\n<li><strong>Un design compact :<\/strong> Ne p\u00e8se que 135 g - se glisse dans votre poche.<\/li>\n<li><strong>Contr\u00f4le facile :<\/strong> un bouton, trois niveaux de temp\u00e9rature jusqu&rsquo;\u00e0 210 \u00b0C.<\/li>\n<li><strong>Contr\u00f4le App &amp; Web :<\/strong> r\u00e9glages individuels de la temp\u00e9rature via l&rsquo;application Storz &amp; Bickel ou l&rsquo;application Web.<\/li>\n<li><strong>Bo\u00eetier am\u00e9lior\u00e9 :<\/strong> nouveau mat\u00e9riau &amp; design pour une meilleure prise en main et une plus grande robustesse.<\/li>\n<\/ul>\n<\/li>\n<\/ul>\n<\/li>\n<\/ul>\n<h2><strong>Pourquoi acheter Storz &amp; Bickel Crafty Plus ?<\/strong><\/h2>\n<p>Le <strong>Crafty Plus<\/strong> allie <strong>performance<\/strong>, <strong>mobilit\u00e9<\/strong> et <strong>qualit\u00e9<\/strong> dans un espace r\u00e9duit.<br \/>\nIl offre le plaisir unique de la vapeur que l&rsquo;on conna\u00eet de <strong>Storz &amp; Bickel<\/strong> - avec une puissance de batterie optimis\u00e9e et un temps de chauffe rapide de moins de 60 secondes.<br \/>\nId\u00e9al pour tous ceux qui recherchent une qualit\u00e9 premium \u00ab\u00a0Made in Germany\u00a0\u00bb dans un format de poche.<\/p>\n<h2><strong>Contenu de la livraison du Storz &amp; Bickel Crafty Plus<\/strong><\/h2>\n<ul>\n<li>1\u00d7 Crafty Plus<\/li>\n<li>1\u00d7 c\u00e2ble USB-C<\/li>\n<li>3\u00d7 Anneau d&rsquo;\u00e9tanch\u00e9it\u00e9 de la base (petit)<\/li>\n<li>3\u00d7 \u00c9cran normal (petit)<\/li>\n<li>3\u00d7 \u00c9cran large (petit)<\/li>\n<li>1\u00d7 capsule de dosage<\/li>\n<li>1\u00d7 brosse de nettoyage<\/li>\n<li>1\u00d7 mode d&#8217;emploi<\/li>\n<\/ul>\n<h2><strong>Commandez Crafty Plus d\u00e8s maintenant et profitez d&rsquo;une vapeur de qualit\u00e9 sup\u00e9rieure !<\/strong><\/h2>\n<p><strong>D\u00e9couvrez le vrai plaisir de la vapeur sous une forme compacte.<\/strong><br \/>\nCommandez maintenant le <strong>Storz &amp; Bickel Crafty Plus<\/strong> chez Herba di Berna - avec livraison express en Suisse et une qualit\u00e9 de marque contr\u00f4l\u00e9e par Storz &amp; Bickel.<\/p>\n<h2><strong>D\u00e9couvrir plus dans le monde du CBD de Herba di Berna<\/strong><\/h2>\n<p>\u27a1\ufe0f Vous trouverez des accessoires adapt\u00e9s dans notre cat\u00e9gorie <a href=\"https:\/\/www.herbadiberna.ch\/fr\/accessoires-cbd\/\">Accessoires CBD<\/a>.<br \/>\n\u27a1\ufe0f En savoir plus sur les <a href=\"https:\/\/www.herbadiberna.ch\/cbd-blueten\/\">fleurs de CBD<\/a> pour votre vaporisateur.<br \/>\n<a href=\"https:\/\/www.herbadiberna.ch\/vapes-kaufen-schweiz\/\">\u27a1\ufe0f D\u00e9couvrir d&rsquo;autres vaporisateurs<\/a><\/p>\n<\/div>\n<\/div>\n<\/div>\n<\/div>\n","protected":false},"excerpt":{"rendered":"<p data-start=\"854\" data-end=\"1019\">Acheter Storz &amp; Bickel Crafty Plus chez Herba di Berna. Vaporisateur compact haut de gamme avec convection, prise de charge USB-C, temps de chauffe rapide &amp; 30% d&rsquo;autonomie en plus.Livraison rapide en 1-3 jours \u2713 Port pay\u00e9 \u00e0 partir de 79 CHF \u2713 <\/p>\n","protected":false},"featured_media":28703,"comment_status":"open","ping_status":"closed","template":"","meta":{"inline_featured_image":false},"product_brand":[],"product_cat":[383],"product_tag":[],"class_list":{"0":"post-21462","1":"product","2":"type-product","3":"status-publish","4":"has-post-thumbnail","6":"product_cat-vaporisateurs","7":"pa_marke-storz-bickel-fr","8":"pif-has-gallery","10":"first","11":"instock","12":"taxable","13":"shipping-taxable","14":"purchasable","15":"product-type-simple"},"_links":{"self":[{"href":"https:\/\/www.herbadiberna.ch\/fr\/wp-json\/wp\/v2\/product\/21462","targetHints":{"allow":["GET"]}}],"collection":[{"href":"https:\/\/www.herbadiberna.ch\/fr\/wp-json\/wp\/v2\/product"}],"about":[{"href":"https:\/\/www.herbadiberna.ch\/fr\/wp-json\/wp\/v2\/types\/product"}],"replies":[{"embeddable":true,"href":"https:\/\/www.herbadiberna.ch\/fr\/wp-json\/wp\/v2\/comments?post=21462"}],"wp:featuredmedia":[{"embeddable":true,"href":"https:\/\/www.herbadiberna.ch\/fr\/wp-json\/wp\/v2\/media\/28703"}],"wp:attachment":[{"href":"https:\/\/www.herbadiberna.ch\/fr\/wp-json\/wp\/v2\/media?parent=21462"}],"wp:term":[{"taxonomy":"product_brand","embeddable":true,"href":"https:\/\/www.herbadiberna.ch\/fr\/wp-json\/wp\/v2\/product_brand?post=21462"},{"taxonomy":"product_cat","embeddable":true,"href":"https:\/\/www.herbadiberna.ch\/fr\/wp-json\/wp\/v2\/product_cat?post=21462"},{"taxonomy":"product_tag","embeddable":true,"href":"https:\/\/www.herbadiberna.ch\/fr\/wp-json\/wp\/v2\/product_tag?post=21462"}],"curies":[{"name":"wp","href":"https:\/\/api.w.org\/{rel}","templated":true}]}}