{"id":21441,"date":"2023-02-01T16:23:53","date_gmt":"2023-02-01T15:23:53","guid":{"rendered":"https:\/\/www.herbadiberna.ch\/la-force-des-nuages-aeris\/"},"modified":"2026-05-08T20:08:10","modified_gmt":"2026-05-08T19:08:10","slug":"force-des-nuages-aeris","status":"publish","type":"product","link":"https:\/\/www.herbadiberna.ch\/fr\/produit\/force-des-nuages-aeris\/","title":{"rendered":"Force des nuages \u00c4ris Ultra"},"content":{"rendered":"<div class=\"flex max-w-full flex-col flex-grow\">\n<div class=\"min-h-8 text-message flex w-full flex-col items-end gap-2 whitespace-normal break-words text-start [.text-message+&amp;]:mt-5\" dir=\"auto\">\n<div class=\"flex w-full flex-col gap-1 empty:hidden first:pt-[3px]\">\n<div class=\"markdown prose w-full break-words dark:prose-invert light\">\n<h2><strong>Acheter un vaporisateur WOLKENKRAFT \u00c4RIS ULTRA - Innovant &amp; puissant<\/strong><\/h2>\n<p>Acheter un vaporisateur WOLKENKRAFT \u00c4RIS ULTRA chez Herba di Berna et faire l&rsquo;exp\u00e9rience de la technologie de vaporisation la plus moderne.<br \/>\n<strong>\u00c4RIS ULTRA<\/strong> est le vaporisateur le plus avanc\u00e9 de WOLKENKRAFT. Il est dot\u00e9 de la <strong>technologie<\/strong> brevet\u00e9e <strong>ECA Easy Care Technology\u2122<\/strong> pour une exp\u00e9rience de vaporisation particuli\u00e8rement pure et savoureuse.<br \/>\nAvec son design \u00e9l\u00e9gant, son temps de chauffe rapide et ses performances am\u00e9lior\u00e9es, il fait passer la vaporisation \u00e0 un niveau sup\u00e9rieur - id\u00e9al pour les d\u00e9placements et la maison.<\/p>\n<h2><strong>Caract\u00e9ristiques du vaporisateur \u00c4RIS ULTRA<\/strong><\/h2>\n<ul>\n<li style=\"list-style-type: none;\">\n<ul>\n<li><strong data-start=\"425\" data-end=\"447\">Remarque importante :<\/strong> veuillez utiliser l&rsquo;appareil uniquement avec des chargeurs qui fournissent <strong data-start=\"507\" data-end=\"523\">un courant de charge<\/strong> maximal <strong data-start=\"507\" data-end=\"523\">de 1A<\/strong>. Les chargeurs rapides avec un courant plus \u00e9lev\u00e9 peuvent <strong data-start=\"580\" data-end=\"616\">endommager<\/strong> la <strong data-start=\"580\" data-end=\"616\">batterie \u00e0 long terme<\/strong> et raccourcir la dur\u00e9e de vie du vaporisateur. <\/li>\n<li><strong>Technologie de vaporisateur de 7e g\u00e9n\u00e9ration :<\/strong> convection avanc\u00e9e pour une efficacit\u00e9 et une puret\u00e9 maximales.<\/li>\n<li><strong>Technologie ECA brevet\u00e9e :<\/strong> Easy Care Air Path\u00ae pour une vapeur propre et inalt\u00e9r\u00e9e.<\/li>\n<li><strong>Mat\u00e9riaux de haute qualit\u00e9 :<\/strong> chambre en titane, embout en verre &amp; bague d&#8217;embout plaqu\u00e9e or.<\/li>\n<li><strong>\u00c9cran OLED :<\/strong> affichage clair et cristallin de la temp\u00e9rature, de la minuterie et du niveau de la batterie.<\/li>\n<li><strong>Temps de chauffe rapide :<\/strong> pr\u00eat \u00e0 l&#8217;emploi apr\u00e8s seulement 25 secondes.<\/li>\n<li><strong>Batterie puissante :<\/strong> batterie de 2600 mAh avec charge rapide USB-C et fonction Pass-Through.<\/li>\n<li><strong>S\u00fbr &amp; confortable :<\/strong> 8 fonctions de protection, retour de vibrations &amp; canal d&rsquo;air isol\u00e9.<\/li>\n<\/ul>\n<\/li>\n<\/ul>\n<h2><strong>Pourquoi acheter \u00c4RIS ULTRA ?<\/strong><\/h2>\n<p>L&rsquo;\u00c4RIS ULTRA est synonyme de <strong>qualit\u00e9 sup\u00e9rieure<\/strong>, <strong>de design moderne<\/strong> et <strong>de pr\u00e9cision technologique<\/strong>.<br \/>\nGr\u00e2ce \u00e0 un contr\u00f4le am\u00e9lior\u00e9 de la temp\u00e9rature de 100 \u00b0C \u00e0 220 \u00b0C, \u00e0 un guidage innovant de l&rsquo;air et \u00e0 un retour haptique, il offre une exp\u00e9rience de vapeur exceptionnellement douce.<br \/>\nSi vous recherchez une performance maximale, des ar\u00f4mes purs et un design \u00e9l\u00e9gant, le <strong>vaporisateur WOLKENKRAFT \u00c4RIS ULTRA<\/strong> est le choix parfait.<\/p>\n<h2><strong>T\u00e9moignages de clients sur l&rsquo;\u00c4RIS ULTRA<\/strong><\/h2>\n<p>Les utilisateurs rapportent des ar\u00f4mes intenses et clairs et une vapeur agr\u00e9ablement fra\u00eeche.<br \/>\nLe temps de chauffe rapide, le nettoyage facile gr\u00e2ce \u00e0 la technologie ECA et la finition de qualit\u00e9 sont particuli\u00e8rement appr\u00e9ci\u00e9s - id\u00e9al pour des sessions r\u00e9guli\u00e8res et en d\u00e9placement.<\/p>\n<h2><strong>Commandez WOLKENKRAFT maintenant &amp; d\u00e9couvrez le vapotage moderne !<\/strong><\/h2>\n<p><strong>D\u00e9couvrez la nouvelle g\u00e9n\u00e9ration de vaporisateurs avec PUISSANCE DE NUAGES.<\/strong><br \/>\nCommandez maintenant le <strong>vaporisateur \u00c4RIS ULTRA<\/strong> chez Herba di Berna et profitez de la livraison express en Suisse - pour un pur plaisir d\u00e8s demain.<\/p>\n<h2><strong>D\u00e9couvrir plus dans le monde du CBD de Herba di Berna<\/strong><\/h2>\n<p>\u27a1\ufe0f Vous cherchez des alternatives ? D\u00e9couvrez aussi notre cat\u00e9gorie <a href=\"https:\/\/www.herbadiberna.ch\/fr\/produits-de-soins-au-cbd\/\">de produits cosm\u00e9tiques CBD<\/a>!<br \/>\n\u27a1\ufe0f Apprenez-en plus sur les <a href=\"https:\/\/www.herbadiberna.ch\/fr\/fleurs-de-cbd\/\">fleurs de CBD<\/a> qui sont parfaites pour les vaporisateurs.<br \/>\n<a href=\"https:\/\/www.herbadiberna.ch\/fr\/accessoires-cbd\/\">\u27a1\ufe0f D\u00e9couvrir plus d&rsquo;accessoires CBD<\/a><\/p>\n<\/div>\n<\/div>\n<\/div>\n<\/div>\n","protected":false},"excerpt":{"rendered":"<p data-start=\"155\" data-end=\"360\">Acheter le vaporisateur WOLKENKRAFT \u00c4RIS ULTRA chez Herba di Berna. Technologie ECA brevet\u00e9e, vapeur pure &amp; design haut de gamme pour des sessions intenses et une mont\u00e9e en temp\u00e9rature rapide.   <strong>Livraison rapide en 1-3 jours \u2713 Port pay\u00e9 \u00e0 partir de 80 CHF \u2713<\/strong><\/p>\n","protected":false},"featured_media":28481,"comment_status":"open","ping_status":"closed","template":"","meta":{"inline_featured_image":false},"product_brand":[],"product_cat":[383],"product_tag":[],"class_list":{"0":"post-21441","1":"product","2":"type-product","3":"status-publish","4":"has-post-thumbnail","6":"product_cat-vaporisateurs","7":"pa_marke-wolkenkraft-fr","8":"pif-has-gallery","10":"first","11":"instock","12":"taxable","13":"shipping-taxable","14":"purchasable","15":"product-type-variable","16":"rtwpvs-product"},"_links":{"self":[{"href":"https:\/\/www.herbadiberna.ch\/fr\/wp-json\/wp\/v2\/product\/21441","targetHints":{"allow":["GET"]}}],"collection":[{"href":"https:\/\/www.herbadiberna.ch\/fr\/wp-json\/wp\/v2\/product"}],"about":[{"href":"https:\/\/www.herbadiberna.ch\/fr\/wp-json\/wp\/v2\/types\/product"}],"replies":[{"embeddable":true,"href":"https:\/\/www.herbadiberna.ch\/fr\/wp-json\/wp\/v2\/comments?post=21441"}],"wp:featuredmedia":[{"embeddable":true,"href":"https:\/\/www.herbadiberna.ch\/fr\/wp-json\/wp\/v2\/media\/28481"}],"wp:attachment":[{"href":"https:\/\/www.herbadiberna.ch\/fr\/wp-json\/wp\/v2\/media?parent=21441"}],"wp:term":[{"taxonomy":"product_brand","embeddable":true,"href":"https:\/\/www.herbadiberna.ch\/fr\/wp-json\/wp\/v2\/product_brand?post=21441"},{"taxonomy":"product_cat","embeddable":true,"href":"https:\/\/www.herbadiberna.ch\/fr\/wp-json\/wp\/v2\/product_cat?post=21441"},{"taxonomy":"product_tag","embeddable":true,"href":"https:\/\/www.herbadiberna.ch\/fr\/wp-json\/wp\/v2\/product_tag?post=21441"}],"curies":[{"name":"wp","href":"https:\/\/api.w.org\/{rel}","templated":true}]}}