{"id":19970,"date":"2022-11-30T14:26:11","date_gmt":"2022-11-30T13:26:11","guid":{"rendered":"https:\/\/www.herbadiberna.ch\/boite-du-fumoir\/"},"modified":"2026-04-17T14:18:20","modified_gmt":"2026-04-17T13:18:20","slug":"green-box","status":"publish","type":"product","link":"https:\/\/www.herbadiberna.ch\/fr\/produit\/green-box\/","title":{"rendered":"Coffret cadeau Fumoir"},"content":{"rendered":"<p>Avec le cadeau \u00ab\u00a0Green-Box\u00a0\u00bb, tu fais un plaisir particulier \u00e0 tes amis de la nature. Le coffret en bois press\u00e9 en \u00e9dition limit\u00e9e contient tout ce qu&rsquo;il faut pour passer des soir\u00e9es relaxantes :<\/p>\n<p><a href=\"https:\/\/www.herbadiberna.ch\/it\/produkt\/harlequin-indoor-trim-pre-roll\/\" target=\"_blank\" rel=\"noopener\">- Avant-train Harlequin Indoor Trim<\/a><br \/>\n<a href=\"https:\/\/www.herbadiberna.ch\/it\/produkt\/cannatonic-indoor-trim-pre-roll\/\" target=\"_blank\" rel=\"noopener\">- Cannatonic Indoor Trim Avant-train<\/a><br \/>\n<a href=\"https:\/\/www.herbadiberna.ch\/it\/produkt\/v1-harlequin-indoor-trim-pre-roll\/\" target=\"_blank\" rel=\"noopener\">- V1 &amp; Harlequin Indoor Trim Avant-garde<\/a><br \/>\n<a href=\"https:\/\/www.herbadiberna.ch\/produkt\/grinder-herba-di-berna-klein\/\" target=\"_blank\" rel=\"noopener\">- Petit broyeur HdB<\/a><br \/>\n<a href=\"https:\/\/www.herbadiberna.ch\/produkt\/feuerzeug-herba-die-berna\/\" target=\"_blank\" rel=\"noopener\">- Briquet HdB<\/a><br \/>\n<a href=\"https:\/\/www.herbadiberna.ch\/produkt\/futurola-paper-brown-orange\/\" target=\"_blank\" rel=\"noopener\">- Feuilles Futurola Dutch Brown King Size<\/a><br \/>\n- <a href=\"https:\/\/www.herbadiberna.ch\/it\/produkt\/strawberry-mini-buds-indoor\/\" target=\"_blank\" rel=\"noopener\"> Indoor Strawberry Mini-Buds 2g<\/a><br \/>\n-<a href=\"https:\/\/www.herbadiberna.ch\/it\/produkt\/futurola-consigli-standard\/\"> Futurola Filter Standard<\/a><br \/>\n- Boxli en bois compress\u00e9 r\u00e9utilisable 12cm x 9.5cm x 6cm<br \/>\n- Porte-cl\u00e9s en bois compress\u00e9 avec logo<\/p>\n<p><strong> <\/strong><\/p>\n","protected":false},"excerpt":{"rendered":"<p>Offre \u00e0 ton ami(e) des \u00ab\u00a0Green Moments\u00a0\u00bb. Nous t&rsquo;offrons 9.50.-<\/p>\n","protected":false},"featured_media":54605,"comment_status":"closed","ping_status":"closed","template":"","meta":{"inline_featured_image":false},"product_brand":[],"product_cat":[1054,355],"product_tag":[],"class_list":{"0":"post-19970","1":"product","2":"type-product","3":"status-publish","4":"has-post-thumbnail","6":"product_cat-acheter-cadeaux-cbd","7":"product_cat-fleurs-de-cbd","8":"pif-has-gallery","10":"first","11":"instock","12":"taxable","13":"shipping-taxable","14":"purchasable","15":"product-type-simple"},"_links":{"self":[{"href":"https:\/\/www.herbadiberna.ch\/fr\/wp-json\/wp\/v2\/product\/19970","targetHints":{"allow":["GET"]}}],"collection":[{"href":"https:\/\/www.herbadiberna.ch\/fr\/wp-json\/wp\/v2\/product"}],"about":[{"href":"https:\/\/www.herbadiberna.ch\/fr\/wp-json\/wp\/v2\/types\/product"}],"replies":[{"embeddable":true,"href":"https:\/\/www.herbadiberna.ch\/fr\/wp-json\/wp\/v2\/comments?post=19970"}],"wp:featuredmedia":[{"embeddable":true,"href":"https:\/\/www.herbadiberna.ch\/fr\/wp-json\/wp\/v2\/media\/54605"}],"wp:attachment":[{"href":"https:\/\/www.herbadiberna.ch\/fr\/wp-json\/wp\/v2\/media?parent=19970"}],"wp:term":[{"taxonomy":"product_brand","embeddable":true,"href":"https:\/\/www.herbadiberna.ch\/fr\/wp-json\/wp\/v2\/product_brand?post=19970"},{"taxonomy":"product_cat","embeddable":true,"href":"https:\/\/www.herbadiberna.ch\/fr\/wp-json\/wp\/v2\/product_cat?post=19970"},{"taxonomy":"product_tag","embeddable":true,"href":"https:\/\/www.herbadiberna.ch\/fr\/wp-json\/wp\/v2\/product_tag?post=19970"}],"curies":[{"name":"wp","href":"https:\/\/api.w.org\/{rel}","templated":true}]}}