{"id":19511,"date":"2022-11-11T11:59:19","date_gmt":"2022-11-11T10:59:19","guid":{"rendered":"https:\/\/www.herbadiberna.ch\/40-dhuile-de-chanvre-cbd-bio-fullspectrum\/"},"modified":"2026-04-26T12:25:08","modified_gmt":"2026-04-26T11:25:08","slug":"40-fullspectrum-bio-cbd-hanfoel","status":"publish","type":"product","link":"https:\/\/www.herbadiberna.ch\/fr\/produit\/40-fullspectrum-bio-cbd-hanfoel\/","title":{"rendered":"40% d&rsquo;huile de chanvre CBD bio Full Spectrum"},"content":{"rendered":"<div class=\"flex max-w-full flex-col flex-grow\">\n<div class=\"min-h-8 text-message flex w-full flex-col items-end gap-2 whitespace-normal break-words text-start [.text-message+&amp;]:mt-5\" dir=\"auto\">\n<div class=\"flex w-full flex-col gap-1 empty:hidden first:pt-[3px]\">\n<div class=\"markdown prose w-full break-words dark:prose-invert light\">\n<h2><strong>Commander des gouttes de CBD hautement dos\u00e9es - 40% d&rsquo;huile \u00e0 spectre complet<\/strong><\/h2>\n<p><strong>Acheter des gouttes de CBD fortement dos\u00e9es et recevoir la qualit\u00e9 premium \u00e0 40% de CBD de Herba di Berna d\u00e8s demain dans votre bo\u00eete aux lettres !<\/strong><br \/>\nNos <strong>gouttes de CBD \u00e0 40% de CBD<\/strong> sont parfaites pour les utilisateurs exp\u00e9riment\u00e9s qui recherchent une huile de haute qualit\u00e9 et tr\u00e8s concentr\u00e9e.<br \/>\nGr\u00e2ce \u00e0 l&rsquo;extraction douce au CO\u2082, toutes les pr\u00e9cieuses substances v\u00e9g\u00e9tales sont conserv\u00e9es, tandis que l&rsquo;huile de coco MCT assure un \u00e9quilibre optimal des <a href=\"https:\/\/www.herbadiberna.ch\/fr\/blog\/les-terpenes-du-cannabis-expliques-pourquoi-la-sativa-et-lindica-ont-des-sensations-differentes\/\">terp\u00e8nes<\/a>.<\/p>\n<h2><strong>Caract\u00e9ristiques de notre CBD en gouttes 40<\/strong><\/h2>\n<ul>\n<li><strong>Concentration maximale :<\/strong> contient 40% de CBD pour un ar\u00f4me puissant.<\/li>\n<li><strong>Huile pure \u00e0 spectre complet :<\/strong> pr\u00e9serve les cannabino\u00efdes et <a href=\"https:\/\/www.herbadiberna.ch\/fr\/blog\/les-terpenes-du-cannabis-expliques-pourquoi-la-sativa-et-lindica-ont-des-sensations-differentes\/\">terp\u00e8nes<\/a> naturels .<\/li>\n<li><strong>Cultiv\u00e9 biologiquement :<\/strong> chanvre CBD suisse, sans pesticides &amp; herbicides ou autres produits chimiques.<\/li>\n<li><strong>Extraction CO\u2082 douce :<\/strong> puret\u00e9 &amp; qualit\u00e9 maximales gr\u00e2ce \u00e0 un proc\u00e9d\u00e9 CO\u2082 exp\u00e9riment\u00e9.<\/li>\n<li><strong>Huile de support :<\/strong> huile de coco MCT de haute qualit\u00e9 pour une distribution optimale &amp; une odeur douce .<\/li>\n<\/ul>\n<h2><strong data-start=\"432\" data-end=\"486\">Remarque sur le stockage et la cristallisation naturelle !<\/strong><\/h2>\n<p><strong data-start=\"432\" data-end=\"486\"><br \/>\n<\/strong>Les huiles de CBD \u00e0 tr\u00e8s forte concentration peuvent naturellement cristalliser \u00e0 des <strong data-start=\"562\" data-end=\"571\">temp\u00e9ratures<\/strong> inf\u00e9rieures \u00e0 environ <strong data-start=\"562\" data-end=\"571\">10 \u00b0C<\/strong>. Il s&rsquo;agit d&rsquo;un signe positif de qualit\u00e9 qui t\u00e9moigne de la forte teneur en CBD de cette huile de Herba di Berna, mais qui peut rendre sa manipulation plus difficile. Nous vous recommandons donc de conserver l&rsquo;huile <strong data-start=\"747\" data-end=\"769\">\u00e0 temp\u00e9rature ambiante<\/strong> et <strong data-start=\"788\" data-end=\"822\">de ne pas<\/strong> la stocker <strong data-start=\"788\" data-end=\"822\">\u00e0 long terme au froid<\/strong>.<br data-start=\"833\" data-end=\"836\">Si des cristaux apparaissent malgr\u00e9 tout, ils peuvent \u00eatre enti\u00e8rement dissous en <strong data-start=\"897\" data-end=\"951\">r\u00e9chauffant prudemment le flacon au bain-marie<\/strong>.  <\/p>\n<h2><strong>Pourquoi commander 40% de CBD en gouttes de Herba di Berna ?<\/strong><\/h2>\n<p>Cette <strong>huile CBD puissante<\/strong> est parfaite pour ceux qui veulent un m\u00e9lange puissant mais naturel avec peu de gouttes de CBD.<br \/>\nLa combinaison d&rsquo;une teneur en CBD de 40% &amp; d&rsquo;une huile de support de haute qualit\u00e9 assure une distribution optimale des cannabino\u00efdes et des ar\u00f4mes les plus \u00e9lev\u00e9s.<\/p>\n<h2><strong>T\u00e9moignages de clients sur nos gouttes de CBD 40<\/strong><\/h2>\n<p>De nombreux utilisateurs font \u00e9tat d&rsquo;un ar\u00f4me intense mais agr\u00e9ablement \u00e9quilibr\u00e9 dans notre huile de CBD \u00e0 40%.<br \/>\nLa douceur de l&rsquo;ar\u00f4me &amp; la grande puret\u00e9 de ces gouttes les rendent particuli\u00e8rement populaires aupr\u00e8s des consommateurs avertis.<\/p>\n<h2><strong>Commandez d\u00e8s maintenant des gouttes de CBD \u00e0 haute dose (40%) et vivez l&rsquo;exp\u00e9rience d\u00e8s demain !<\/strong><\/h2>\n<p><strong>Apprenez \u00e0 conna\u00eetre<\/strong><strong>le pouvoir de la plante de chanvre et <\/strong><strong>du cannabidiol <\/strong><strong>!<\/strong><br \/>\nCommandez maintenant &amp; profitez de l&rsquo;<strong>huile<\/strong> pure <strong>de CBD de Suisse<\/strong> - test\u00e9e en laboratoire &amp; certifi\u00e9e biologique !<\/p>\n<h2><strong>En d\u00e9couvrir davantage : Autres gouttes de CBD<\/strong><\/h2>\n<p>\u27a1\ufe0f Vous voulez une concentration de cannabidiol plus faible ? Regardez notre <a href=\"https:\/\/www.herbadiberna.ch\/it\/produkt\/30-fullspectrum-bio-cbd-anfoel\/\">huile de CBD 30%<\/a>!<br \/>\n\u27a1\ufe0f D\u00e9couvrez aussi notre <a href=\"https:\/\/www.herbadiberna.ch\/it\/produkt\/fullspectrum-bio-cbd-hanfoel-5\/\">huile de CBD 6%<\/a> pour une odeur plus douce.<br \/>\n<a href=\"https:\/\/www.herbadiberna.ch\/fr\/huile-de-cbd\/\">\u27a1\ufe0f Aper\u00e7u de toutes les concentrations de CBD<\/a><\/p>\n<\/div>\n<\/div>\n<\/div>\n<\/div>\n","protected":false},"excerpt":{"rendered":"<p>Commander 40% de CBD en gouttes - Huile de CBD \u00e0 spectre complet hautement dos\u00e9e, fabriqu\u00e9e \u00e0 partir de chanvre suisse. Id\u00e9al pour les utilisateurs exp\u00e9riment\u00e9s qui recherchent un effet plus puissant. Certifi\u00e9e biologique et extraite doucement au CO\u2082, pour un effet optimal sans intoxication.    <strong>Command\u00e9 jusqu&rsquo;\u00e0 15:00, livr\u00e9 demain \u2713 Port pay\u00e9 \u00e0 partir de 80 CHF \u2713<\/strong><\/p>\n","protected":false},"featured_media":58437,"comment_status":"open","ping_status":"closed","template":"","meta":{"inline_featured_image":false},"product_brand":[],"product_cat":[353,354],"product_tag":[],"class_list":{"0":"post-19511","1":"product","2":"type-product","3":"status-publish","4":"has-post-thumbnail","6":"product_cat-huile-de-cbd","7":"product_cat-huile-fullspectrum","8":"pif-has-gallery","10":"first","11":"instock","12":"taxable","13":"shipping-taxable","14":"purchasable","15":"product-type-simple"},"_links":{"self":[{"href":"https:\/\/www.herbadiberna.ch\/fr\/wp-json\/wp\/v2\/product\/19511","targetHints":{"allow":["GET"]}}],"collection":[{"href":"https:\/\/www.herbadiberna.ch\/fr\/wp-json\/wp\/v2\/product"}],"about":[{"href":"https:\/\/www.herbadiberna.ch\/fr\/wp-json\/wp\/v2\/types\/product"}],"replies":[{"embeddable":true,"href":"https:\/\/www.herbadiberna.ch\/fr\/wp-json\/wp\/v2\/comments?post=19511"}],"wp:featuredmedia":[{"embeddable":true,"href":"https:\/\/www.herbadiberna.ch\/fr\/wp-json\/wp\/v2\/media\/58437"}],"wp:attachment":[{"href":"https:\/\/www.herbadiberna.ch\/fr\/wp-json\/wp\/v2\/media?parent=19511"}],"wp:term":[{"taxonomy":"product_brand","embeddable":true,"href":"https:\/\/www.herbadiberna.ch\/fr\/wp-json\/wp\/v2\/product_brand?post=19511"},{"taxonomy":"product_cat","embeddable":true,"href":"https:\/\/www.herbadiberna.ch\/fr\/wp-json\/wp\/v2\/product_cat?post=19511"},{"taxonomy":"product_tag","embeddable":true,"href":"https:\/\/www.herbadiberna.ch\/fr\/wp-json\/wp\/v2\/product_tag?post=19511"}],"curies":[{"name":"wp","href":"https:\/\/api.w.org\/{rel}","templated":true}]}}