{"id":16526,"date":"2022-07-26T12:50:14","date_gmt":"2022-07-26T11:50:14","guid":{"rendered":"https:\/\/www.herbadiberna.ch\/alcanna-nourishing-shampoo-avec-huile-de-cbd\/"},"modified":"2026-04-12T03:38:37","modified_gmt":"2026-04-12T02:38:37","slug":"alcanna-nourishing-shampoo-with-cbd-oel","status":"publish","type":"product","link":"https:\/\/www.herbadiberna.ch\/fr\/produit\/alcanna-nourishing-shampoo-with-cbd-oel\/","title":{"rendered":"Shampooing nourrissant au CBD 60ml"},"content":{"rendered":"<p>Le Nourishing Shampoo \u00e0 l&rsquo;huile de CBD a des propri\u00e9t\u00e9s r\u00e9g\u00e9n\u00e9ratrices et hydrate tes cheveux. Il revitalise les cheveux et est doux pour tous les types de cheveux. Gr\u00e2ce \u00e0 l&rsquo;huile de CBD, le shampooing est particuli\u00e8rement nourrissant et doux. Le m\u00e9lange naturel sp\u00e9cial te permet d&rsquo;obtenir du volume et de la brillance sans alourdir les cheveux ou laisser un film huileux.<\/p>\n<p>Le shampooing a \u00e9t\u00e9 d\u00e9velopp\u00e9 et fabriqu\u00e9 en Suisse, avec des ingr\u00e9dients 100% naturels. Il est disponible en trois tailles : 60ml, 250ml et en grand emballage pour toute la famille avec 1000ml.<\/p>\n<p>Si le shampooing est compl\u00e9t\u00e9 par d&rsquo;autres produits de soin, tels que des conditionneurs ou des gels capillaires, qui ne sont pas fabriqu\u00e9s \u00e0 base de produits naturels, cela peut entra\u00eener un dess\u00e8chement l\u00e9ger des cheveux.<br \/>\nUn conditionneur sera bient\u00f4t disponible chez nous en compl\u00e9ment.<\/p>\n","protected":false},"excerpt":{"rendered":"<p>Shampooing nourrissant r\u00e9g\u00e9n\u00e9rant et hydratant<\/p>\n","protected":false},"featured_media":54978,"comment_status":"closed","ping_status":"closed","template":"","meta":{"inline_featured_image":false},"product_brand":[],"product_cat":[466,535],"product_tag":[],"class_list":{"0":"post-16526","1":"product","2":"type-product","3":"status-publish","4":"has-post-thumbnail","6":"product_cat-produits-de-soins-au-cbd","7":"product_cat-shampooing","8":"pif-has-gallery","10":"first","11":"instock","12":"taxable","13":"shipping-taxable","14":"purchasable","15":"product-type-simple"},"_links":{"self":[{"href":"https:\/\/www.herbadiberna.ch\/fr\/wp-json\/wp\/v2\/product\/16526","targetHints":{"allow":["GET"]}}],"collection":[{"href":"https:\/\/www.herbadiberna.ch\/fr\/wp-json\/wp\/v2\/product"}],"about":[{"href":"https:\/\/www.herbadiberna.ch\/fr\/wp-json\/wp\/v2\/types\/product"}],"replies":[{"embeddable":true,"href":"https:\/\/www.herbadiberna.ch\/fr\/wp-json\/wp\/v2\/comments?post=16526"}],"wp:featuredmedia":[{"embeddable":true,"href":"https:\/\/www.herbadiberna.ch\/fr\/wp-json\/wp\/v2\/media\/54978"}],"wp:attachment":[{"href":"https:\/\/www.herbadiberna.ch\/fr\/wp-json\/wp\/v2\/media?parent=16526"}],"wp:term":[{"taxonomy":"product_brand","embeddable":true,"href":"https:\/\/www.herbadiberna.ch\/fr\/wp-json\/wp\/v2\/product_brand?post=16526"},{"taxonomy":"product_cat","embeddable":true,"href":"https:\/\/www.herbadiberna.ch\/fr\/wp-json\/wp\/v2\/product_cat?post=16526"},{"taxonomy":"product_tag","embeddable":true,"href":"https:\/\/www.herbadiberna.ch\/fr\/wp-json\/wp\/v2\/product_tag?post=16526"}],"curies":[{"name":"wp","href":"https:\/\/api.w.org\/{rel}","templated":true}]}}