{"id":16523,"date":"2022-07-26T12:49:13","date_gmt":"2022-07-26T11:49:13","guid":{"rendered":"https:\/\/www.herbadiberna.ch\/sac-a-main-herba-di-berna\/"},"modified":"2026-04-14T10:56:29","modified_gmt":"2026-04-14T09:56:29","slug":"sac-en-chanvre-herba-di-berna","status":"publish","type":"product","link":"https:\/\/www.herbadiberna.ch\/fr\/produit\/sac-en-chanvre-herba-di-berna\/","title":{"rendered":"Sac \u00e0 main HdB"},"content":{"rendered":"<h2>Notre sac Herba di Berna est 100% chanvre. Les sacs en chanvre sont consid\u00e9r\u00e9s comme absorbants, r\u00e9sistants \u00e0 la salet\u00e9 et se caract\u00e9risent par une r\u00e9sistance particuli\u00e8rement \u00e9lev\u00e9e. Non seulement il est robuste, mais il peut absorber jusqu&rsquo;\u00e0 30 % d&rsquo;humidit\u00e9 sans se salir ni d\u00e9gager d&rsquo;odeurs.  <\/h2>\n<p>La plante de chanvre est cultiv\u00e9e de mani\u00e8re 100 % biologique. Gr\u00e2ce \u00e0 cette culture respectueuse de l&rsquo;environnement, les sacs en chanvre sont particuli\u00e8rement doux pour la peau. M\u00eame les personnes \u00e0 la peau tr\u00e8s sensible ou allergiques peuvent porter la fibre de chanvre sans crainte.  <\/p>\n<p>- mati\u00e8re premi\u00e8re renouvelable produite en Allemagne<br \/>\n- recyclable \u00e0 100 %<br \/>\n- durable et pr\u00e9servant les ressources<\/p>\n","protected":false},"excerpt":{"rendered":"<p>Sac Herba di Berna 100% chanvre<\/p>\n","protected":false},"featured_media":16480,"comment_status":"closed","ping_status":"closed","template":"","meta":{"inline_featured_image":false},"product_brand":[],"product_cat":[583],"product_tag":[],"class_list":{"0":"post-16523","1":"product","2":"type-product","3":"status-publish","4":"has-post-thumbnail","6":"product_cat-lestextiles","7":"pif-has-gallery","9":"first","10":"instock","11":"taxable","12":"shipping-taxable","13":"purchasable","14":"product-type-simple"},"_links":{"self":[{"href":"https:\/\/www.herbadiberna.ch\/fr\/wp-json\/wp\/v2\/product\/16523","targetHints":{"allow":["GET"]}}],"collection":[{"href":"https:\/\/www.herbadiberna.ch\/fr\/wp-json\/wp\/v2\/product"}],"about":[{"href":"https:\/\/www.herbadiberna.ch\/fr\/wp-json\/wp\/v2\/types\/product"}],"replies":[{"embeddable":true,"href":"https:\/\/www.herbadiberna.ch\/fr\/wp-json\/wp\/v2\/comments?post=16523"}],"wp:featuredmedia":[{"embeddable":true,"href":"https:\/\/www.herbadiberna.ch\/fr\/wp-json\/wp\/v2\/media\/16480"}],"wp:attachment":[{"href":"https:\/\/www.herbadiberna.ch\/fr\/wp-json\/wp\/v2\/media?parent=16523"}],"wp:term":[{"taxonomy":"product_brand","embeddable":true,"href":"https:\/\/www.herbadiberna.ch\/fr\/wp-json\/wp\/v2\/product_brand?post=16523"},{"taxonomy":"product_cat","embeddable":true,"href":"https:\/\/www.herbadiberna.ch\/fr\/wp-json\/wp\/v2\/product_cat?post=16523"},{"taxonomy":"product_tag","embeddable":true,"href":"https:\/\/www.herbadiberna.ch\/fr\/wp-json\/wp\/v2\/product_tag?post=16523"}],"curies":[{"name":"wp","href":"https:\/\/api.w.org\/{rel}","templated":true}]}}