{"id":14859,"date":"2022-04-22T14:27:33","date_gmt":"2022-04-22T13:27:33","guid":{"rendered":"https:\/\/www.herbadiberna.ch\/afghan-kush-indoor-trim\/"},"modified":"2025-09-23T15:12:41","modified_gmt":"2025-09-23T14:12:41","slug":"afghan-kush-indoor-trim","status":"publish","type":"product","link":"https:\/\/www.herbadiberna.ch\/fr\/produit\/afghan-kush-indoor-trim\/","title":{"rendered":"Afghan Kush Indoor Trim"},"content":{"rendered":"<h2 data-start=\"0\" data-end=\"85\"><strong data-start=\"2\" data-end=\"83\">Afghan Kush Handtrim - Trim de CBD de haute qualit\u00e9 avec une teneur en CBG exceptionnelle<\/strong><\/h2>\n<h2 data-start=\"86\" data-end=\"157\"><strong data-start=\"89\" data-end=\"155\">Acheter CBD Trim - Ar\u00f4me doux et amer avec de douces notes d&rsquo;agrumes<\/strong><\/h2>\n<p data-start=\"158\" data-end=\"454\"><strong data-start=\"158\" data-end=\"182\">L&rsquo;Afghan Kush Handtrim<\/strong> est une <strong data-start=\"195\" data-end=\"256\">alternative de qualit\u00e9 et \u00e9conomique aux fleurs enti\u00e8res<\/strong>, sans pour autant perdre en qualit\u00e9. Lors du <strong data-start=\"300\" data-end=\"332\">s\u00e9chage et du retournement des fleurs<\/strong>, de petites parties de la plante passent \u00e0 travers les tamis - ce <strong data-start=\"388\" data-end=\"451\">que l&rsquo;on appelle les d\u00e9chets sont collect\u00e9s et conditionn\u00e9s sous forme de Handtrim<\/strong>. <\/p>\n<p data-start=\"456\" data-end=\"821\">Ce <strong data-start=\"463\" data-end=\"495\">trim est riche en glandes r\u00e9sineuses<\/strong> qui contiennent une forte concentration de <strong data-start=\"528\" data-end=\"567\">pr\u00e9cieux cannabino\u00efdes &amp; terp\u00e8nes<\/strong>. Cela rend le <strong data-start=\"603\" data-end=\"627\">trim manuel Afghan Kush<\/strong> id\u00e9al pour :<br data-start=\"638\" data-end=\"641\">\u2714 <strong data-start=\"643\" data-end=\"658\">Fumer<\/strong> - Une exp\u00e9rience gustative intense avec des notes douces et am\u00e8res et une douce note d&rsquo;agrumes.<br data-start=\"743\" data-end=\"746\">\u2714 <strong data-start=\"748\" data-end=\"777\">Mati\u00e8re premi\u00e8re pour les produits CBD<\/strong> - Parfait pour les aliments, les extraits &amp; les cosm\u00e9tiques. <\/p>\n<p data-start=\"823\" data-end=\"1052\"><strong data-start=\"823\" data-end=\"838\">L&rsquo;Afghan Kush<\/strong> s\u00e9duit par sa <strong data-start=\"859\" data-end=\"894\">teneur \u00e9lev\u00e9e en CBG, proche de 5 %<\/strong>, sa <strong data-start=\"902\" data-end=\"931\">forte dominance indica<\/strong> et sa <strong data-start=\"942\" data-end=\"968\">teneur en CBD de 10 \u00e0 15 %<\/strong>. Cette combinaison rare en fait une <strong data-start=\"1015\" data-end=\"1036\">v\u00e9ritable plante polyvalente<\/strong> pour les connaisseurs. <\/p>\n<hr data-start=\"1054\" data-end=\"1059\">\n<h2 data-start=\"1061\" data-end=\"1110\"><strong data-start=\"1064\" data-end=\"1108\">Caract\u00e9ristiques de l&rsquo;Afghan Kush Handtrim<\/strong><\/h2>\n<ul>\n<li data-start=\"1111\" data-end=\"1689\"><strong data-start=\"1113\" data-end=\"1144\">Profil terp\u00e9nique doux et \u00e2pre<\/strong> - notes d&rsquo;agrumes &amp; une douce \u00e9pice indica.<\/li>\n<li data-start=\"1111\" data-end=\"1689\"><strong data-start=\"1198\" data-end=\"1225\">Teneur \u00e9lev\u00e9e en CBG (~5 %)<\/strong> - Une particularit\u00e9 exceptionnelle dans le segment du CBD.<\/li>\n<li data-start=\"1111\" data-end=\"1689\"><strong data-start=\"1283\" data-end=\"1315\">Teneur solide en CBD (10-15%)<\/strong> - Id\u00e9al pour une relaxation douce &amp; le bien-\u00eatre.<\/li>\n<li data-start=\"1111\" data-end=\"1689\"><strong data-start=\"1367\" data-end=\"1390\">Riche en glandes r\u00e9sineuses<\/strong> - Haute concentration de cannabino\u00efdes &amp; terp\u00e8nes.<\/li>\n<li data-start=\"1111\" data-end=\"1689\"><strong data-start=\"1445\" data-end=\"1470\">Polyvalent<\/strong> - Parfait pour les produits \u00e0 fumer, les extraits de CBD, l&rsquo;alimentation et les cosm\u00e9tiques.<\/li>\n<li data-start=\"1111\" data-end=\"1689\"><strong data-start=\"1533\" data-end=\"1563\">Alternative \u00e9conomique<\/strong> - M\u00eame qualit\u00e9 que les fleurs \u00e0 un prix inf\u00e9rieur.<\/li>\n<li data-start=\"1111\" data-end=\"1689\"><strong data-start=\"1626\" data-end=\"1654\">Disponibilit\u00e9 limit\u00e9e<\/strong> - Disponible pendant une courte p\u00e9riode seulement.<\/li>\n<\/ul>\n<hr data-start=\"1691\" data-end=\"1696\">\n<h2 data-start=\"1698\" data-end=\"1741\"><strong data-start=\"1701\" data-end=\"1739\">Pourquoi acheter Afghan Kush Handtrim ?<\/strong><\/h2>\n<p data-start=\"1742\" data-end=\"1999\">Cette vari\u00e9t\u00e9 offre la <strong data-start=\"1765\" data-end=\"1812\">qualit\u00e9 compl\u00e8te des fleurs d&rsquo;Afghan Kush<\/strong>, mais dans une <strong data-start=\"1830\" data-end=\"1861\">variante de trim moins ch\u00e8re<\/strong>. Gr\u00e2ce aux <strong data-start=\"1872\" data-end=\"1900\">glandes r\u00e9sineuses abondantes<\/strong>, le <strong data-start=\"1912\" data-end=\"1975\">profil terp\u00e9nique intense, doux et amer, avec une fine note d&rsquo;agrumes<\/strong>, est enti\u00e8rement pr\u00e9serv\u00e9. <\/p>\n<p data-start=\"2001\" data-end=\"2206\">Que ce soit pour <strong data-start=\"2008\" data-end=\"2069\">fumer, pour des extractions ou comme base pour des cosm\u00e9tiques au CBD<\/strong>, ce trim manuel est un excellent choix pour ceux qui cherchent une <strong data-start=\"2135\" data-end=\"2196\">alternative de qualit\u00e9 mais moins ch\u00e8re que les fleurs enti\u00e8res<\/strong>.<\/p>\n<hr data-start=\"2208\" data-end=\"2213\">\n<h2 data-start=\"2215\" data-end=\"2279\"><strong data-start=\"2218\" data-end=\"2277\">Acheter CBD Trim - D\u00e9couvrez Afghan Kush Handtrim maintenant !<\/strong><\/h2>\n<p data-start=\"2280\" data-end=\"2425\">Pour ceux qui souhaitent <strong data-start=\"2284\" data-end=\"2303\">acheter du CBD trim<\/strong>, <strong data-start=\"2323\" data-end=\"2347\">Afghan Kush Handtrim<\/strong> est une <strong data-start=\"2353\" data-end=\"2422\">alternative de qualit\u00e9 et polyvalente aux fleurs enti\u00e8res<\/strong>.<\/p>\n<p data-start=\"2427\" data-end=\"2496\">\ud83d\uded2 <strong data-start=\"2430\" data-end=\"2494\">Commandez maintenant Afghan Kush Handtrim &amp; profitez d&rsquo;un CBD premium !<\/strong><\/p>\n","protected":false},"excerpt":{"rendered":"<p>Handtrim avec un ar\u00f4me doux et amer et de douces notes d&rsquo;agrumes<\/p>\n","protected":false},"featured_media":51253,"comment_status":"open","ping_status":"closed","template":"","meta":{"inline_featured_image":false},"product_brand":[],"product_cat":[355,356],"product_tag":[],"class_list":{"0":"post-14859","1":"product","2":"type-product","3":"status-publish","4":"has-post-thumbnail","6":"product_cat-fleurs-de-cbd","7":"product_cat-trim-fr","8":"pif-has-gallery","10":"first","11":"outofstock","12":"taxable","13":"shipping-taxable","14":"purchasable","15":"product-type-simple"},"_links":{"self":[{"href":"https:\/\/www.herbadiberna.ch\/fr\/wp-json\/wp\/v2\/product\/14859","targetHints":{"allow":["GET"]}}],"collection":[{"href":"https:\/\/www.herbadiberna.ch\/fr\/wp-json\/wp\/v2\/product"}],"about":[{"href":"https:\/\/www.herbadiberna.ch\/fr\/wp-json\/wp\/v2\/types\/product"}],"replies":[{"embeddable":true,"href":"https:\/\/www.herbadiberna.ch\/fr\/wp-json\/wp\/v2\/comments?post=14859"}],"wp:featuredmedia":[{"embeddable":true,"href":"https:\/\/www.herbadiberna.ch\/fr\/wp-json\/wp\/v2\/media\/51253"}],"wp:attachment":[{"href":"https:\/\/www.herbadiberna.ch\/fr\/wp-json\/wp\/v2\/media?parent=14859"}],"wp:term":[{"taxonomy":"product_brand","embeddable":true,"href":"https:\/\/www.herbadiberna.ch\/fr\/wp-json\/wp\/v2\/product_brand?post=14859"},{"taxonomy":"product_cat","embeddable":true,"href":"https:\/\/www.herbadiberna.ch\/fr\/wp-json\/wp\/v2\/product_cat?post=14859"},{"taxonomy":"product_tag","embeddable":true,"href":"https:\/\/www.herbadiberna.ch\/fr\/wp-json\/wp\/v2\/product_tag?post=14859"}],"curies":[{"name":"wp","href":"https:\/\/api.w.org\/{rel}","templated":true}]}}