{"id":14790,"date":"2022-04-22T15:05:59","date_gmt":"2022-04-22T14:05:59","guid":{"rendered":"https:\/\/www.herbadiberna.ch\/cannaqueen-indoor\/"},"modified":"2026-04-28T17:38:49","modified_gmt":"2026-04-28T16:38:49","slug":"cannaqueen-indoor","status":"publish","type":"product","link":"https:\/\/www.herbadiberna.ch\/fr\/produit\/cannaqueen-indoor\/","title":{"rendered":"Cannaqueen Indoor"},"content":{"rendered":"<div class=\"flex max-w-full flex-col flex-grow\">\n<div class=\"min-h-8 text-message flex w-full flex-col items-end gap-2 whitespace-normal break-words text-start [.text-message+&amp;]:mt-5\" dir=\"auto\">\n<div class=\"flex w-full flex-col gap-1 empty:hidden first:pt-[3px]\">\n<div class=\"markdown prose w-full break-words dark:prose-invert light\">\n<h2><strong>Acheter Cannaqueen Indoor - Le croisement royal d&rsquo;Harlequin &amp; Cannatonic<\/strong><\/h2>\n<p>Vous envisagez d&rsquo;<strong>acheter Cannaqueen Indoor<\/strong>? Ou \u00eates-vous \u00e0 la recherche de la nouveaut\u00e9 ultime qui combine deux des plus l\u00e9gendaires souches suisses en une seule fleur ?<br \/>\nNotre <strong>Cannaqueen Indoor<\/strong> est le dernier bijou de la maison Herba di Berna. En tr\u00e8s peu de temps, cette vari\u00e9t\u00e9 est devenue une favorite absolue, car elle fusionne les grandes structures r\u00e9sineuses de l&rsquo;Harlequin avec l&rsquo;extr\u00eame douceur de la Cannatonic.  <\/p>\n<p>C&rsquo;est aussi le choix parfait pour les connaisseurs qui ne font pas de compromis sur l&rsquo;esth\u00e9tique. C&rsquo;est pourquoi ces magnifiques buds sont parfaits pour une consommation exigeante dans un vaporisateur, lib\u00e9rant leur ar\u00f4me complexe dans la <strong>vape<\/strong> et \u00e9tablissant de nouvelles normes pour l&rsquo;<strong>achat de fleurs de CBD<\/strong> en Suisse.<br \/>\nCette exp\u00e9rience est un v\u00e9ritable couronnement. Nous utilisons un processus de fermentation pr\u00e9cis\u00e9ment ajust\u00e9 pour faire ressortir les nuances douces et florales. Le r\u00e9sultat est une <strong>exp\u00e9rience d&rsquo;achat de fleurs de CBD en int\u00e9rieur<\/strong> qui \u00e9tablit tout simplement de nouvelles normes en termes d&rsquo;intensit\u00e9 et de texture.   <\/p>\n<h2><strong>Le profil aromatique : l&rsquo;\u00e9l\u00e9gance florale rencontre la douceur intense<\/strong><\/h2>\n<p>Chez nous, vous achetez des g\u00e9n\u00e9tiques exclusives issues d&rsquo;une culture en int\u00e9rieur contr\u00f4l\u00e9e en Suisse. Ces fleurs repr\u00e9sentent le sommet de l&rsquo;art de la culture moderne. <\/p>\n<ul>\n<li><strong>L&rsquo;ar\u00f4me :<\/strong> un profil terp\u00e9nique unique qui enthousiasme. Une base intens\u00e9ment douce (h\u00e9ritage cannatonique) accompagn\u00e9e de notes florales \u00e9l\u00e9gantes (influence de l&rsquo;arlequin) vous attend. Le go\u00fbt est donc plein, doux et tr\u00e8s harmonieux.  <\/li>\n<li><strong>La structure :<\/strong> vous obtenez des fleurs remarquablement grandes et denses, recouvertes d&rsquo;une couche scintillante de cristaux de r\u00e9sine. Cette structure dense permet aux ar\u00f4mes d&rsquo;\u00eatre parfaitement conserv\u00e9s jusqu&rsquo;au dernier moment. <\/li>\n<\/ul>\n<h2><strong>Caract\u00e9ristiques du produit : Pourquoi acheter Cannaqueen Indoor ?<\/strong><\/h2>\n<ul>\n<li>Cette vari\u00e9t\u00e9 est une <strong>exclusivit\u00e9 :<\/strong> le meilleur de Harlequin et de Cannatonic dans une fleur de qualit\u00e9 sup\u00e9rieure.<\/li>\n<li><strong>Une production maximale de r\u00e9sine :<\/strong> Gr\u00e2ce \u00e0 la g\u00e9n\u00e9tique Harlequin, les buds sont particuli\u00e8rement r\u00e9sineux et pr\u00e9sentent une densit\u00e9 impressionnante.<\/li>\n<li><strong>Qualit\u00e9 Premium Indoor :<\/strong> un s\u00e9chage doux et une fermentation lente garantissent une exp\u00e9rience gustative pure et inalt\u00e9r\u00e9e.<\/li>\n<li><strong>Puret\u00e9 naturelle :<\/strong> sans pesticides ni herbicides, 100 % Swiss Made et cultiv\u00e9 sous les contr\u00f4les de qualit\u00e9 les plus stricts.<\/li>\n<\/ul>\n<h2><strong>Acheter du Cannaqueen Indoor - Une innovation suisse pour les connaisseurs<\/strong><\/h2>\n<p>Nous investissons beaucoup de temps dans la recherche et le d\u00e9veloppement de nouvelles vari\u00e9t\u00e9s afin de toujours vous offrir la meilleure exp\u00e9rience. Cannaqueen est le r\u00e9sultat de ce travail. Ce que l&rsquo;on appelle techniquement un \u00ab\u00a0croisement hybride\u00a0\u00bb est pour nous le perfectionnement du go\u00fbt et des effets.<br \/>\nEn cons\u00e9quence, vous obtenez un produit convaincant \u00e0 tous \u00e9gards. C&rsquo;est donc une mani\u00e8re intelligente de consommer <strong>du CBD exclusif<\/strong> si vous recherchez quelque chose de sp\u00e9cial et si vous attachez de l&rsquo;importance \u00e0 la production r\u00e9gionale suisse.   <\/p>\n<h2><strong>T\u00e9moignages de clients sur le Cannaqueen Indoor<\/strong><\/h2>\n<p>Le plus souvent, nos clients d\u00e9crivent l&rsquo;exp\u00e9rience comme <strong>\u00ab\u00a0distinctement douce et fleurie\u00a0\u00bb<\/strong>. La taille et le caract\u00e8re r\u00e9sineux des fleurs, en particulier, sont toujours soulign\u00e9s comme un point fort. Beaucoup appr\u00e9cient la qualit\u00e9 constante de la culture en int\u00e9rieur, qui fait de Cannaqueen leur premier choix pour des moments de plaisir exclusifs.  <\/p>\n<h2><strong>Achetez Cannaqueen Indoor maintenant &amp; d\u00e9couvrez l&rsquo;ar\u00f4me royal !<\/strong><\/h2>\n<p>\u00cates-vous pr\u00eat pour le m\u00e9lange parfait de deux l\u00e9gendes suisses ?<br \/>\nCommandez d\u00e8s maintenant et obtenez notre marque maison exclusive, issue d&rsquo;une culture en int\u00e9rieur de premi\u00e8re qualit\u00e9.<\/p>\n<h2><strong>Des compl\u00e9ments parfaits pour votre style de vie<\/strong><\/h2>\n<p>\u27a1\ufe0f  <a href=\"https:\/\/www.herbadiberna.ch\/fr\/haschisch-au-cbd\/\">Acheter du hasch CBD<\/a> (Pour les amateurs de r\u00e9sine)<br \/>\n\u27a1\ufe0f  <a href=\"https:\/\/www.herbadiberna.ch\/fr\/huile-de-cbd\/\">D\u00e9couvrir l&rsquo;huile de CBD<\/a> (qualit\u00e9 plein spectre)<br \/>\n\u27a1\ufe0f  <a href=\"https:\/\/www.herbadiberna.ch\/fr\/accessoires-cbd\/\">Boutique d&rsquo;accessoires CBD<\/a> (papiers, grinders &amp; plus)<\/p>\n<\/div>\n<\/div>\n<\/div>\n<\/div>\n","protected":false},"excerpt":{"rendered":"<p data-path-to-node=\"10\">Acheter Cannaqueen Indoor chez Herba di Berna. Le croisement exclusif de Cannatonic &amp; Harlequin. Un ar\u00f4me doux et floral, de gros buds r\u00e9sineux &amp; une qualit\u00e9 100% suisse en int\u00e9rieur. Le meilleur de deux l\u00e9gendes pour une exp\u00e9rience de plaisir unique.     <strong>Command\u00e9 jusqu&rsquo;\u00e0 15:00, livr\u00e9 demain \u2713 Port pay\u00e9 \u00e0 partir de 80 CHF \u2713<\/strong><\/p>\n","protected":false},"featured_media":78748,"comment_status":"open","ping_status":"closed","template":"","meta":{"inline_featured_image":false},"product_brand":[],"product_cat":[355,357],"product_tag":[],"class_list":{"0":"post-14790","1":"product","2":"type-product","3":"status-publish","4":"has-post-thumbnail","6":"product_cat-fleurs-de-cbd","7":"product_cat-interieur","8":"pif-has-gallery","10":"first","11":"instock","12":"taxable","13":"shipping-taxable","14":"purchasable","15":"product-type-variable","16":"rtwpvs-product"},"_links":{"self":[{"href":"https:\/\/www.herbadiberna.ch\/fr\/wp-json\/wp\/v2\/product\/14790","targetHints":{"allow":["GET"]}}],"collection":[{"href":"https:\/\/www.herbadiberna.ch\/fr\/wp-json\/wp\/v2\/product"}],"about":[{"href":"https:\/\/www.herbadiberna.ch\/fr\/wp-json\/wp\/v2\/types\/product"}],"replies":[{"embeddable":true,"href":"https:\/\/www.herbadiberna.ch\/fr\/wp-json\/wp\/v2\/comments?post=14790"}],"wp:featuredmedia":[{"embeddable":true,"href":"https:\/\/www.herbadiberna.ch\/fr\/wp-json\/wp\/v2\/media\/78748"}],"wp:attachment":[{"href":"https:\/\/www.herbadiberna.ch\/fr\/wp-json\/wp\/v2\/media?parent=14790"}],"wp:term":[{"taxonomy":"product_brand","embeddable":true,"href":"https:\/\/www.herbadiberna.ch\/fr\/wp-json\/wp\/v2\/product_brand?post=14790"},{"taxonomy":"product_cat","embeddable":true,"href":"https:\/\/www.herbadiberna.ch\/fr\/wp-json\/wp\/v2\/product_cat?post=14790"},{"taxonomy":"product_tag","embeddable":true,"href":"https:\/\/www.herbadiberna.ch\/fr\/wp-json\/wp\/v2\/product_tag?post=14790"}],"curies":[{"name":"wp","href":"https:\/\/api.w.org\/{rel}","templated":true}]}}