{"id":13331,"date":"2021-12-15T18:11:02","date_gmt":"2021-12-15T17:11:02","guid":{"rendered":"https:\/\/www.herbadiberna.ch\/fraises-outdoor-gros-conditionnement-distributeur\/"},"modified":"2026-04-29T15:43:29","modified_gmt":"2026-04-29T14:43:29","slug":"distributeur-de-fraises-en-gros-pour-lexterieur","status":"publish","type":"product","link":"https:\/\/www.herbadiberna.ch\/fr\/produit\/distributeur-de-fraises-en-gros-pour-lexterieur\/","title":{"rendered":"Fraises Outdoor en gros conditionnement"},"content":{"rendered":"<h2 data-start=\"0\" data-end=\"92\"><strong data-start=\"2\" data-end=\"90\">Fraises en gros Outdoor - Fleurs CBD Outdoor de haute qualit\u00e9 pour les commandes en gros<\/strong><\/h2>\n<h2 data-start=\"93\" data-end=\"168\"><strong data-start=\"96\" data-end=\"166\">Acheter des fleurs de CBD - Ar\u00f4me intense de baies des bois en qualit\u00e9 d&rsquo;ext\u00e9rieur<\/strong><\/h2>\n<p data-start=\"169\" data-end=\"489\"><strong data-start=\"169\" data-end=\"203\">Les fraises en gros Outdoor<\/strong> offrent une excellente opportunit\u00e9 \u00e0 tous ceux qui recherchent <strong data-start=\"256\" data-end=\"309\">des fleurs CBD d&rsquo;ext\u00e9rieur de premi\u00e8re qualit\u00e9 en plus grande quantit\u00e9<\/strong>. Cette vari\u00e9t\u00e9 est <strong data-start=\"335\" data-end=\"370\">cultiv\u00e9e biologiquement \u00e0 Fribourg<\/strong> et s\u00e9duit par son <strong data-start=\"395\" data-end=\"427\">profil terp\u00e9nique complexe<\/strong>, qui rappelle <strong data-start=\"436\" data-end=\"477\">les fraises, les myrtilles &amp; le bois frais<\/strong>.<\/p>\n<p data-start=\"491\" data-end=\"682\">Les <strong data-start=\"495\" data-end=\"526\">fleurs compactes et plus petites<\/strong> sont particuli\u00e8rement aromatiques et offrent une <strong data-start=\"569\" data-end=\"609\">saveur intense et naturelle<\/strong>. Gr\u00e2ce au <strong data-start=\"620\" data-end=\"647\">traitement d\u00e9licat<\/strong>, tout l&rsquo;ar\u00f4me est pr\u00e9serv\u00e9.<\/p>\n<hr data-start=\"684\" data-end=\"689\">\n<h2 data-start=\"691\" data-end=\"750\"><strong data-start=\"694\" data-end=\"748\">Caract\u00e9ristiques du produit Fraises Outdoor en vrac<\/strong><\/h2>\n<ul>\n<li data-start=\"751\" data-end=\"1321\"><strong data-start=\"753\" data-end=\"787\">Fruits des bois &amp; notes bois\u00e9es fra\u00eeches<\/strong> - Ar\u00f4me intense et fruit\u00e9 avec une profondeur naturelle.<\/li>\n<li data-start=\"751\" data-end=\"1321\"><strong data-start=\"846\" data-end=\"880\">Culture biologique \u00e0 Fribourg<\/strong> - Production durable sans pesticides.<\/li>\n<li data-start=\"751\" data-end=\"1321\"><strong data-start=\"926\" data-end=\"944\">Taux de CBD \u00e9lev\u00e9<\/strong> - Parfait pour les moments de d\u00e9tente et de plaisir.<\/li>\n<li data-start=\"751\" data-end=\"1321\"><strong data-start=\"991\" data-end=\"1020\">Fleurs plus petites et compactes<\/strong> - Production \u00e9lev\u00e9e de r\u00e9sine pour une qualit\u00e9 maximale.<\/li>\n<li data-start=\"751\" data-end=\"1321\"><strong data-start=\"1070\" data-end=\"1107\">S\u00e9ch\u00e9 &amp; trait\u00e9 en douceur<\/strong> - conservation des pr\u00e9cieux terp\u00e8nes &amp; cannabino\u00efdes.<\/li>\n<li data-start=\"751\" data-end=\"1321\"><strong data-start=\"1160\" data-end=\"1192\">Parfait pour les achats en gros<\/strong> - Disponible en gros pour les distributeurs et les acheteurs fr\u00e9quents.<\/li>\n<li data-start=\"751\" data-end=\"1321\"><strong data-start=\"1253\" data-end=\"1275\">\u00c9dition limit\u00e9e<\/strong> - Seulement saisonnier &amp; jusqu&rsquo;\u00e0 \u00e9puisement des stocks.<\/li>\n<\/ul>\n<hr data-start=\"1323\" data-end=\"1328\">\n<h2 data-start=\"1330\" data-end=\"1383\"><strong data-start=\"1333\" data-end=\"1381\">Pourquoi acheter des fraises Outdoor en gros ?<\/strong><\/h2>\n<p data-start=\"1384\" data-end=\"1688\">Cette vari\u00e9t\u00e9 combine <strong data-start=\"1407\" data-end=\"1457\">des ar\u00f4mes intenses de baies avec des nuances de bois terreux<\/strong> et offre une <strong data-start=\"1474\" data-end=\"1526\">qualit\u00e9 d&rsquo;ext\u00e9rieur de premier ordre en grandes quantit\u00e9s<\/strong>. Le <strong data-start=\"1532\" data-end=\"1558\">traitement d\u00e9licat<\/strong> permet de pr\u00e9server les <strong data-start=\"1596\" data-end=\"1622\">terp\u00e8nes &amp; cannabino\u00efdes<\/strong> naturels, ce qui garantit une <strong data-start=\"1632\" data-end=\"1674\">exp\u00e9rience CBD de qualit\u00e9 &amp; intense<\/strong>.<\/p>\n<p data-start=\"1690\" data-end=\"1888\">Que ce soit pour <strong data-start=\"1701\" data-end=\"1773\">votre consommation personnelle, pour un traitement ult\u00e9rieur ou comme source de CBD \u00e0 long terme<\/strong>, ce <strong data-start=\"1787\" data-end=\"1885\">grand conditionnement vous permet d&rsquo;obtenir des fleurs de CBD d&rsquo;ext\u00e9rieur de premi\u00e8re qualit\u00e9 au meilleur rapport qualit\u00e9\/prix<\/strong>.<\/p>\n<hr data-start=\"1890\" data-end=\"1895\">\n<h2 data-start=\"1897\" data-end=\"1973\"><strong data-start=\"1900\" data-end=\"1971\">Acheter des fleurs de CBD - D\u00e9couvrez Erdbeerli Outdoor en gros d\u00e8s maintenant !<\/strong><\/h2>\n<p data-start=\"1974\" data-end=\"2117\">Pour ceux qui souhaitent <strong data-start=\"1978\" data-end=\"1999\">acheter des fleurs de CBD<\/strong>, <strong data-start=\"2019\" data-end=\"2053\">Erdbeerli Outdoor en gros<\/strong> est une <strong data-start=\"2059\" data-end=\"2114\">option de qualit\u00e9 &amp; polyvalente pour les grandes quantit\u00e9s<\/strong>.<\/p>\n<p data-start=\"2119\" data-end=\"2206\">\ud83d\uded2 <strong data-start=\"2122\" data-end=\"2204\">Commandez maintenant des fraises en vrac pour l&rsquo;ext\u00e9rieur et profitez d&rsquo;un CBD premium pour l&rsquo;ext\u00e9rieur !<\/strong><\/p>\n","protected":false},"excerpt":{"rendered":"<p>Fleurs de chanvre CBD avec une note fruit\u00e9e de fraise<\/p>\n","protected":false},"featured_media":11247,"comment_status":"open","ping_status":"closed","template":"","meta":{"inline_featured_image":false},"product_brand":[],"product_cat":[437,355,416],"product_tag":[],"class_list":{"0":"post-13331","1":"product","2":"type-product","3":"status-publish","4":"has-post-thumbnail","6":"product_cat-en-plein-air-fr","7":"product_cat-fleurs-de-cbd","8":"product_cat-grands-recipients-ch","9":"pif-has-gallery","11":"first","12":"outofstock","13":"taxable","14":"shipping-taxable","15":"purchasable","16":"product-type-variable","17":"rtwpvs-product"},"_links":{"self":[{"href":"https:\/\/www.herbadiberna.ch\/fr\/wp-json\/wp\/v2\/product\/13331","targetHints":{"allow":["GET"]}}],"collection":[{"href":"https:\/\/www.herbadiberna.ch\/fr\/wp-json\/wp\/v2\/product"}],"about":[{"href":"https:\/\/www.herbadiberna.ch\/fr\/wp-json\/wp\/v2\/types\/product"}],"replies":[{"embeddable":true,"href":"https:\/\/www.herbadiberna.ch\/fr\/wp-json\/wp\/v2\/comments?post=13331"}],"wp:featuredmedia":[{"embeddable":true,"href":"https:\/\/www.herbadiberna.ch\/fr\/wp-json\/wp\/v2\/media\/11247"}],"wp:attachment":[{"href":"https:\/\/www.herbadiberna.ch\/fr\/wp-json\/wp\/v2\/media?parent=13331"}],"wp:term":[{"taxonomy":"product_brand","embeddable":true,"href":"https:\/\/www.herbadiberna.ch\/fr\/wp-json\/wp\/v2\/product_brand?post=13331"},{"taxonomy":"product_cat","embeddable":true,"href":"https:\/\/www.herbadiberna.ch\/fr\/wp-json\/wp\/v2\/product_cat?post=13331"},{"taxonomy":"product_tag","embeddable":true,"href":"https:\/\/www.herbadiberna.ch\/fr\/wp-json\/wp\/v2\/product_tag?post=13331"}],"curies":[{"name":"wp","href":"https:\/\/api.w.org\/{rel}","templated":true}]}}