{"id":13305,"date":"2021-12-15T18:15:29","date_gmt":"2021-12-15T17:15:29","guid":{"rendered":"https:\/\/www.herbadiberna.ch\/harlequin-indoor-grossiste-distributeur\/"},"modified":"2026-04-19T23:05:11","modified_gmt":"2026-04-19T22:05:11","slug":"harlequin-indoor-grossiste-haendler","status":"publish","type":"product","link":"https:\/\/www.herbadiberna.ch\/fr\/produit\/harlequin-indoor-grossiste-haendler\/","title":{"rendered":"Harlequin Indoor grand r\u00e9cipient"},"content":{"rendered":"<h2><strong>Acheter Harlequin Indoor en gros - Fleurs de CBD de qualit\u00e9 sup\u00e9rieure en quantit\u00e9<\/strong><\/h2>\n<p><strong>Achetez<\/strong> maintenant le <strong>Harlequin Indoor en gros<\/strong> et obtenez jusqu&rsquo;\u00e0 1 kg de fleurs de CBD de premi\u00e8re qualit\u00e9 \u00e0 un prix de gros attractif. Cette vari\u00e9t\u00e9 est le choix parfait pour tous les gros consommateurs, les transformateurs et les passionn\u00e9s qui recherchent des quantit\u00e9s plus importantes dans une qualit\u00e9 indoor sans compromis. Apr\u00e8s tout, Harlequin est consid\u00e9r\u00e9e comme la \u00ab\u00a0reine des terp\u00e8nes\u00a0\u00bb. Elle se distingue \u00e9galement par ses grands buds clairs et son ar\u00f4me intense. Par cons\u00e9quent, vous ferez l&rsquo;exp\u00e9rience d&rsquo;une fra\u00eecheur d&rsquo;agrumes p\u00e9tillante combin\u00e9e \u00e0 une douce d\u00e9tente.    <\/p>\n<div style=\"background-color: #e8f5e9; border-left: 4px solid #4caf50; padding: 15px; margin-top: 20px; margin-bottom: 20px;\">\n<h3><strong>\ud83c\udf3f Notre <span style=\"text-decoration: underline;\">service premium<\/span>: mixez jusqu&rsquo;\u00e0 3 vari\u00e9t\u00e9s pour 500g et 1kg !<\/strong><\/h3>\n<p><strong>Vous ne voulez pas vous limiter \u00e0 une seule vari\u00e9t\u00e9 ? Pas de probl\u00e8me ! Pour un suppl\u00e9ment unique de seulement 50 CHF, vous pouvez facilement diviser votre 1kg ou 500g avec jusqu&rsquo;\u00e0 3 vari\u00e9t\u00e9s diff\u00e9rentes actuellement disponibles dans notre gamme de gros emballages. Pour ce faire, il vous suffit d&rsquo;ajouter le produit avec l&rsquo;option de m\u00e9lange au panier et de nous faire part de vos souhaits exacts (quelles vari\u00e9t\u00e9s dans quelles proportions) directement par e-mail \u00e0 <a href=\"mailto:info@herbadiberna.ch\">info@herbadiberna.ch<\/a>. Nous nous ferons un plaisir d&#8217;emballer votre paquet individuel pour vous !    <\/strong><\/p>\n<\/div>\n<h2><strong>Pourquoi acheter le Harlequin Indoor en vrac ?<\/strong><\/h2>\n<p>Cette vari\u00e9t\u00e9 combine une g\u00e9n\u00e9tique de premier ordre avec une culture en int\u00e9rieur hautement professionnelle. C&rsquo;est pourquoi Harlequin vous offre une densit\u00e9 de r\u00e9sine extr\u00eame et un profil terp\u00e9nique complexe. Les notes dominantes d&rsquo;agrumes rencontrent ici une douceur fine, florale et fruit\u00e9e. De plus, les grandes fleurs sont trait\u00e9es \u00e0 la main. Enfin, les pr\u00e9cieux cannabino\u00efdes et la structure des buds sont ainsi pr\u00e9serv\u00e9s de mani\u00e8re optimale. Avec 14,5 % de CBD, vous obtenez en outre une base solide pour votre bien-\u00eatre, sans pour autant vous alourdir.     <\/p>\n<h2><strong>D\u00e9tails du produit pour vos fleurs de CBD Harlequin grand format<\/strong><\/h2>\n<ul>\n<li><strong>Quantit\u00e9 :<\/strong> 250g, 500g ou 1kg en gros (id\u00e9al pour le stockage ou la transformation).<\/li>\n<li><strong>Ar\u00f4me :<\/strong> profil intense d&rsquo;agrumes avec des nuances florales et fruit\u00e9es.<\/li>\n<li><strong>Option de m\u00e9lange :<\/strong> combiner de mani\u00e8re flexible jusqu&rsquo;\u00e0 3 vari\u00e9t\u00e9s (+ 50 CHF de suppl\u00e9ment) pour 500g et 1kg.<\/li>\n<li><strong>Caract\u00e9ristiques :<\/strong> Fleurs d&rsquo;int\u00e9rieur lumineuses, grandes et extr\u00eamement r\u00e9sineuses.<\/li>\n<li><strong>Teneur en principes actifs :<\/strong> teneur \u00e9lev\u00e9e en CBD de 14,5 % pour une relaxation profonde.<\/li>\n<\/ul>\n<div style=\"background-color: #f8f9fa; border-left: 4px solid #d9534f; padding: 15px; margin-top: 20px; margin-bottom: 20px;\">\n<h3><strong>\u26a0\ufe0f Remarques importantes pour les acheteurs de gros volumes<\/strong><\/h3>\n<p><strong>Veuillez noter que les remises habituelles de la boutique ne sont pas applicables \u00e0 ce grand conditionnement \u00e0 prix optimis\u00e9 (\u00e0 l&rsquo;exception des remises sp\u00e9cifiques sur les quantit\u00e9s). Si vous avez des questions ou si vous souhaitez recevoir un \u00e9chantillon, n&rsquo;h\u00e9sitez pas \u00e0 nous contacter \u00e0 <a href=\"mailto:info@herbadiberna.ch\">info@herbadiberna.ch<\/a>! <\/strong><\/p>\n<\/div>\n<h2><strong>Commandez maintenant Harlequin Indoor en vrac et profitez d&rsquo;une CBD premium<\/strong><\/h2>\n<p>Qu&rsquo;il s&rsquo;agisse d&rsquo;une mati\u00e8re premi\u00e8re aromatique pour vos propres extraits ou pour une consommation personnelle importante, ce grand conditionnement vous permet de profiter de l&rsquo;artisanat suisse au meilleur prix. Il vous suffit de choisir la quantit\u00e9 souhait\u00e9e. Profitez \u00e9galement de notre option de fractionnement flexible pour varier les plaisirs. Commandez en ligne d\u00e8s aujourd&rsquo;hui en toute s\u00e9curit\u00e9 et confortablement chez Herba di Berna et d\u00e9couvrez le coup de fouet fruit\u00e9 aux agrumes de qualit\u00e9 sup\u00e9rieure.   <\/p>\n<h2><strong>D\u00e9couvrir d&rsquo;autres produits phares de notre gamme<\/strong><\/h2>\n<p>\u27a1\ufe0f Lancez votre propre projet : <a href=\"https:\/\/www.herbadiberna.ch\/fr\/culture-du-cbd\/\">Achetez des accessoires de culture CBD<\/a><br \/>\n\u27a1\ufe0f Des extraits de haute qualit\u00e9 pour les connaisseurs : <a href=\"https:\/\/www.herbadiberna.ch\/fr\/haschisch-au-cbd\/\">D\u00e9couvrez le hasch CBD<\/a><br \/>\n\u27a1\ufe0f Des soins b\u00e9n\u00e9fiques pour la vie quotidienne :    <a href=\"https:\/\/www.herbadiberna.ch\/fr\/produits-de-soins-au-cbd\/\">Trouver des cosm\u00e9tiques CBD<\/a><\/p>\n","protected":false},"excerpt":{"rendered":"<p>Harlequin Indoor en gros conditionnement vous offre de grandes fleurs avec 14,5 % de CBD. En outre, son ar\u00f4me fruit\u00e9 et floral d&rsquo;agrumes est tr\u00e8s convaincant.  Il est donc id\u00e9al pour les gros consommateurs.  <b>Command\u00e9 jusqu&rsquo;\u00e0 15:00, livr\u00e9 demain \u2713 Port pay\u00e9 \u00e0 partir de 80 CHF \u2713<\/b><\/p>\n","protected":false},"featured_media":10533,"comment_status":"open","ping_status":"closed","template":"","meta":{"inline_featured_image":false},"product_brand":[],"product_cat":[416,419],"product_tag":[],"class_list":{"0":"post-13305","1":"product","2":"type-product","3":"status-publish","4":"has-post-thumbnail","6":"product_cat-grands-recipients-ch","7":"product_cat-interieur-fr","8":"pif-has-gallery","10":"first","11":"outofstock","12":"taxable","13":"shipping-taxable","14":"purchasable","15":"product-type-variable","16":"rtwpvs-product"},"_links":{"self":[{"href":"https:\/\/www.herbadiberna.ch\/fr\/wp-json\/wp\/v2\/product\/13305","targetHints":{"allow":["GET"]}}],"collection":[{"href":"https:\/\/www.herbadiberna.ch\/fr\/wp-json\/wp\/v2\/product"}],"about":[{"href":"https:\/\/www.herbadiberna.ch\/fr\/wp-json\/wp\/v2\/types\/product"}],"replies":[{"embeddable":true,"href":"https:\/\/www.herbadiberna.ch\/fr\/wp-json\/wp\/v2\/comments?post=13305"}],"wp:featuredmedia":[{"embeddable":true,"href":"https:\/\/www.herbadiberna.ch\/fr\/wp-json\/wp\/v2\/media\/10533"}],"wp:attachment":[{"href":"https:\/\/www.herbadiberna.ch\/fr\/wp-json\/wp\/v2\/media?parent=13305"}],"wp:term":[{"taxonomy":"product_brand","embeddable":true,"href":"https:\/\/www.herbadiberna.ch\/fr\/wp-json\/wp\/v2\/product_brand?post=13305"},{"taxonomy":"product_cat","embeddable":true,"href":"https:\/\/www.herbadiberna.ch\/fr\/wp-json\/wp\/v2\/product_cat?post=13305"},{"taxonomy":"product_tag","embeddable":true,"href":"https:\/\/www.herbadiberna.ch\/fr\/wp-json\/wp\/v2\/product_tag?post=13305"}],"curies":[{"name":"wp","href":"https:\/\/api.w.org\/{rel}","templated":true}]}}