{"id":13299,"date":"2021-12-06T16:07:27","date_gmt":"2021-12-06T15:07:27","guid":{"rendered":"https:\/\/www.herbadiberna.ch\/nouilles-au-chanvre\/"},"modified":"2026-04-14T05:09:18","modified_gmt":"2026-04-14T04:09:18","slug":"nouilles-au-chanvre","status":"publish","type":"product","link":"https:\/\/www.herbadiberna.ch\/fr\/produit\/nouilles-au-chanvre\/","title":{"rendered":"Nouilles au chanvre"},"content":{"rendered":"<p>Les nouilles au chanvre sont fabriqu\u00e9es dans une entreprise familiale souabe traditionnelle.<br \/>\nGr\u00e2ce \u00e0 leur teneur \u00e9lev\u00e9e en farine de chanvre, les nouilles de chanvre ont un agr\u00e9able go\u00fbt de noisette.<br \/>\nLes p\u00e2tes en spirale peuvent \u00eatre utilis\u00e9es comme plat principal, comme accompagnement, pour des souffl\u00e9s, des salades et bien d&rsquo;autres choses encore, et elles plaisent \u00e0 tout le monde \u00e0 table.<br \/>\nIngr\u00e9dients : Semoule de bl\u00e9 dur, farine de chanvre 5% - tous issus de l&rsquo;agriculture biologique contr\u00f4l\u00e9e<br \/>\nSans ajout d&rsquo;\u0153uf.<br \/>\nOrigine du chanvre : Europe (France, Allemagne)<br \/>\nOrigine du bl\u00e9 dur : Allemagne, Italie<br \/>\nFabriqu\u00e9 en Allemagne<br \/>\nContenu 250g<\/p>\n","protected":false},"excerpt":{"rendered":"<p>Fussili \u00e0 la semoule de bl\u00e9 dur et \u00e0 la farine de chanvre - l&rsquo;alternative aux p\u00e2tes au chanvre, riche en prot\u00e9ines et en fibres !<\/p>\n","protected":false},"featured_media":12091,"comment_status":"open","ping_status":"closed","template":"","meta":{"inline_featured_image":false},"product_brand":[],"product_cat":[346,389],"product_tag":[],"class_list":{"0":"post-13299","1":"product","2":"type-product","3":"status-publish","4":"has-post-thumbnail","6":"product_cat-aliments-chanvre","7":"product_cat-produits-alimentaires","8":"pif-has-gallery","10":"first","11":"outofstock","12":"taxable","13":"shipping-taxable","14":"purchasable","15":"product-type-simple"},"_links":{"self":[{"href":"https:\/\/www.herbadiberna.ch\/fr\/wp-json\/wp\/v2\/product\/13299","targetHints":{"allow":["GET"]}}],"collection":[{"href":"https:\/\/www.herbadiberna.ch\/fr\/wp-json\/wp\/v2\/product"}],"about":[{"href":"https:\/\/www.herbadiberna.ch\/fr\/wp-json\/wp\/v2\/types\/product"}],"replies":[{"embeddable":true,"href":"https:\/\/www.herbadiberna.ch\/fr\/wp-json\/wp\/v2\/comments?post=13299"}],"wp:featuredmedia":[{"embeddable":true,"href":"https:\/\/www.herbadiberna.ch\/fr\/wp-json\/wp\/v2\/media\/12091"}],"wp:attachment":[{"href":"https:\/\/www.herbadiberna.ch\/fr\/wp-json\/wp\/v2\/media?parent=13299"}],"wp:term":[{"taxonomy":"product_brand","embeddable":true,"href":"https:\/\/www.herbadiberna.ch\/fr\/wp-json\/wp\/v2\/product_brand?post=13299"},{"taxonomy":"product_cat","embeddable":true,"href":"https:\/\/www.herbadiberna.ch\/fr\/wp-json\/wp\/v2\/product_cat?post=13299"},{"taxonomy":"product_tag","embeddable":true,"href":"https:\/\/www.herbadiberna.ch\/fr\/wp-json\/wp\/v2\/product_tag?post=13299"}],"curies":[{"name":"wp","href":"https:\/\/api.w.org\/{rel}","templated":true}]}}