{"id":13227,"date":"2021-12-06T23:31:37","date_gmt":"2021-12-06T22:31:37","guid":{"rendered":"https:\/\/www.herbadiberna.ch\/cannatonic-outdoor-edition-limitee\/"},"modified":"2026-04-18T00:22:29","modified_gmt":"2026-04-17T23:22:29","slug":"cannatonic-outdoor-limited-edition","status":"publish","type":"product","link":"https:\/\/www.herbadiberna.ch\/fr\/produit\/cannatonic-outdoor-limited-edition\/","title":{"rendered":"Cannatonic Outdoor 40g"},"content":{"rendered":"<h2><strong>Acheter Cannatonic Outdoor - L&rsquo;ar\u00f4me classique du Tessin<\/strong><\/h2>\n<p>Vous voulez acheter du CBD Cannatonic Outdoor de haute qualit\u00e9 ? Alors nous avons de bonnes nouvelles, car notre classique populaire est \u00e0 nouveau disponible cette ann\u00e9e en tant que produit d&rsquo;ext\u00e9rieur !<br \/>\nLa culture naturelle de <strong>cette<\/strong> vari\u00e9t\u00e9 lui conf\u00e8re une saveur unique, tandis que son profil terp\u00e9nique rappelle fortement celui de la vari\u00e9t\u00e9 classique d&rsquo;int\u00e9rieur tr\u00e8s appr\u00e9ci\u00e9e.<\/p>\n<p><strong>Pourquoi la qualit\u00e9 est-elle si \u00e9lev\u00e9e ?<\/strong><br \/>\nCette souche a \u00e9t\u00e9 produite par notre partenaire de longue date, la ferme de bouturage. Elle a donc b\u00e9n\u00e9fici\u00e9 d&rsquo;excellentes conditions de culture dans le Tessin, juste \u00e0 la fronti\u00e8re italienne.<br \/>\nL&rsquo;ann\u00e9e 2023 ayant \u00e9t\u00e9 exceptionnellement ensoleill\u00e9e, la qualit\u00e9 et la structure de ces fleurs se sont donc encore am\u00e9lior\u00e9es. <\/p>\n<p>En raison de la culture en ext\u00e9rieur, une nuance tr\u00e8s particuli\u00e8re du go\u00fbt du cannatonic se d\u00e9veloppe, bien que la vari\u00e9t\u00e9 conserve ses terp\u00e8nes doux bien connus et son ar\u00f4me agr\u00e9able.<br \/>\nComme elle pr\u00e9sente \u00e9galement de bonnes valeurs de CBD et un rapport qualit\u00e9-prix imbattable de seulement <strong>1 franc par gramme<\/strong>, cette vari\u00e9t\u00e9 est id\u00e9ale pour tous ceux qui souhaitent profiter d&rsquo;<strong>un CBD d&rsquo;ext\u00e9rieur de qualit\u00e9 \u00e0 un prix raisonnable<\/strong>.<\/p>\n<h2><strong>Caract\u00e9ristiques du produit Cannatonic Outdoor  <\/strong><\/h2>\n<ul>\n<li><strong>Culture naturelle en ext\u00e9rieur :<\/strong> des fleurs authentiques, gorg\u00e9es de soleil, en provenance directe de Suisse.<\/li>\n<li><strong>Ar\u00f4me classique :<\/strong> go\u00fbt typique de Cannatonic avec une nuance sauvage d&rsquo;ext\u00e9rieur.<\/li>\n<li><strong>A grandi au Tessin :<\/strong> a b\u00e9n\u00e9fici\u00e9 d&rsquo;un ensoleillement exceptionnel dans le sud en 2023.<\/li>\n<li><strong>Bons niveaux de CBD :<\/strong> parfaitement adapt\u00e9s \u00e0 la relaxation douce &amp; au plaisir quotidien.<\/li>\n<li><strong>Structure forte :<\/strong> Cultiv\u00e9 de haute qualit\u00e9 &amp; r\u00e9colt\u00e9 avec soin.<\/li>\n<li><strong>Un rapport qualit\u00e9-prix exceptionnel :<\/strong> un prix imbattable pour seulement 1,00 franc par gramme.<\/li>\n<li><strong>Offre saisonni\u00e8re :<\/strong> Jusqu&rsquo;\u00e0 \u00e9puisement des stocks de la r\u00e9colte.<\/li>\n<li style=\"list-style-type: none;\">\n<\/li>\n<\/ul>\n<h2><strong>Pourquoi acheter et d\u00e9couvrir Cannatonic Outdoor<\/strong><\/h2>\n<p>Si vous souhaitez <strong>acheter des fleurs de CBD d&rsquo;ext\u00e9rieur<\/strong>, vous trouverez dans <strong>Cannatonic Outdoor<\/strong> une vari\u00e9t\u00e9 de qualit\u00e9 sup\u00e9rieure, qui se distingue \u00e0 la fois par son ar\u00f4me \u00e9prouv\u00e9 et par sa culture durable.<br \/>\nC&rsquo;est donc le choix parfait pour les personnes soucieuses de leur budget mais qui ne veulent pas renoncer \u00e0 la qualit\u00e9.<\/p>\n<h2><strong>Commandez et profitez de Cannatonic Outdoor d\u00e8s maintenant !<\/strong><\/h2>\n<p>N&rsquo;attendez donc pas trop longtemps. Commandez <strong>Cannatonic Outdoor<\/strong> d\u00e8s maintenant et profitez d&rsquo;un CBD de qualit\u00e9 sup\u00e9rieure \u00e0 un prix d&rsquo;ami ! <\/p>\n<h2><strong>En d\u00e9couvrir davantage : Autres points forts du CBD<\/strong><\/h2>\n<p>\u27a1\ufe0f Regardez aussi nos populaires <a href=\"https:\/\/www.herbadiberna.ch\/produkt\/purple-punch-mini-buds\/\">Purple Punch Mini Buds<\/a>.<br \/>\n\u27a1\ufe0f Ou d\u00e9couvrez nos <a href=\"https:\/\/www.herbadiberna.ch\/fr\/huile-de-cbd\/\">huiles CBD Full Spectrum<\/a> pour profiter de toute la puissance des plantes.<br \/>\n<a href=\"https:\/\/www.herbadiberna.ch\/fr\/fleurs-de-cbd\/\">\u27a1\ufe0f Retour \u00e0 l&rsquo;aper\u00e7u de toutes les fleurs de CBD<\/a><\/p>\n","protected":false},"excerpt":{"rendered":"<p>Le classique de la r\u00e9gion ensoleill\u00e9e de Suisse : Cannatonic Outdoor convainc par sa culture naturelle au Tessin et son profil terp\u00e9nique authentique. Profitez de la r\u00e9colte ensoleill\u00e9e de 2023 au juste prix de seulement 1,00 CHF\/g. <\/p>\n","protected":false},"featured_media":57612,"comment_status":"open","ping_status":"closed","template":"","meta":{"inline_featured_image":false},"product_brand":[],"product_cat":[423,355],"product_tag":[],"class_list":{"0":"post-13227","1":"product","2":"type-product","3":"status-publish","4":"has-post-thumbnail","6":"product_cat-en-plein-air","7":"product_cat-fleurs-de-cbd","8":"pif-has-gallery","10":"first","11":"instock","12":"taxable","13":"shipping-taxable","14":"purchasable","15":"product-type-simple"},"_links":{"self":[{"href":"https:\/\/www.herbadiberna.ch\/fr\/wp-json\/wp\/v2\/product\/13227","targetHints":{"allow":["GET"]}}],"collection":[{"href":"https:\/\/www.herbadiberna.ch\/fr\/wp-json\/wp\/v2\/product"}],"about":[{"href":"https:\/\/www.herbadiberna.ch\/fr\/wp-json\/wp\/v2\/types\/product"}],"replies":[{"embeddable":true,"href":"https:\/\/www.herbadiberna.ch\/fr\/wp-json\/wp\/v2\/comments?post=13227"}],"wp:featuredmedia":[{"embeddable":true,"href":"https:\/\/www.herbadiberna.ch\/fr\/wp-json\/wp\/v2\/media\/57612"}],"wp:attachment":[{"href":"https:\/\/www.herbadiberna.ch\/fr\/wp-json\/wp\/v2\/media?parent=13227"}],"wp:term":[{"taxonomy":"product_brand","embeddable":true,"href":"https:\/\/www.herbadiberna.ch\/fr\/wp-json\/wp\/v2\/product_brand?post=13227"},{"taxonomy":"product_cat","embeddable":true,"href":"https:\/\/www.herbadiberna.ch\/fr\/wp-json\/wp\/v2\/product_cat?post=13227"},{"taxonomy":"product_tag","embeddable":true,"href":"https:\/\/www.herbadiberna.ch\/fr\/wp-json\/wp\/v2\/product_tag?post=13227"}],"curies":[{"name":"wp","href":"https:\/\/api.w.org\/{rel}","templated":true}]}}