{"id":13209,"date":"2021-12-05T23:52:33","date_gmt":"2021-12-05T22:52:33","guid":{"rendered":"https:\/\/www.herbadiberna.ch\/orangello-outdoor-edition-limitee\/"},"modified":"2026-04-30T07:36:48","modified_gmt":"2026-04-30T06:36:48","slug":"orangello-outdoor-limited-edition","status":"publish","type":"product","link":"https:\/\/www.herbadiberna.ch\/fr\/produit\/orangello-outdoor-limited-edition\/","title":{"rendered":"Orangello Outdoor \u00c9dition limit\u00e9e 40g"},"content":{"rendered":"<h2><strong>Acheter Orangello Outdoor CBD - Le classique \u00e0 l&rsquo;ar\u00f4me d&rsquo;orange<\/strong><\/h2>\n<p>Orangello Outdoor CBD est une g\u00e9n\u00e9tique CBD \u00e9prouv\u00e9e qui conna\u00eet un renouveau impressionnant. Son nom est tout un programme : le profil terp\u00e9nique de cette vari\u00e9t\u00e9 rappelle l&rsquo;<strong>orange fra\u00eeche et le chanvre coup\u00e9<\/strong>, ce qui lui conf\u00e8re une exp\u00e9rience gustative distinctive et classique.<br \/>\nSi vous souhaitez <strong>acheter des fleurs de CBD<\/strong> authentiques et <strong>bon march\u00e9<\/strong>, vous ferez le bon choix avec cette offre. <\/p>\n<p>Ce chanvre CBD biologique a \u00e9t\u00e9 cultiv\u00e9 avec beaucoup d&rsquo;amour dans <strong>le Seeland bernois <\/strong>. Il convainc par sa structure tr\u00e8s compacte avec des fleurs (buds) remarquablement grandes, ce qui est exceptionnel pour une qualit\u00e9 d&rsquo;ext\u00e9rieur. <\/p>\n<p>Avec des niveaux de CBD solides et un prix imbattable de seulement<strong> 1CHF par gramme<\/strong>, c&rsquo;est la meilleure opportunit\u00e9 pour les personnes soucieuses de leur budget.<\/p>\n<h2><strong>Caract\u00e9ristiques du produit Orangello Outdoor<\/strong><\/h2>\n<ul>\n<li style=\"list-style-type: none;\">\n<ul>\n<li><strong>G\u00e9n\u00e9tique CBD classique :<\/strong> une vari\u00e9t\u00e9 l\u00e9gendaire au caract\u00e8re fort.<\/li>\n<li><strong>Ar\u00f4me intense :<\/strong> notes fra\u00eeches d&rsquo;agrumes combin\u00e9es \u00e0 l&rsquo;\u00e2pret\u00e9 du chanvre.<\/li>\n<li><strong>Origine premium :<\/strong> Cultiv\u00e9 biologiquement dans le Seeland bernois suisse.<\/li>\n<li><strong>Aspect :<\/strong> fleurs plus grandes et plus compactes que la moyenne pour le chanvre d&rsquo;ext\u00e9rieur.<\/li>\n<li><strong>Effet :<\/strong> Valeurs solides de CBD - id\u00e9al pour des moments de plaisir relaxants au quotidien.<\/li>\n<li><strong>Meilleur rapport qualit\u00e9-prix :<\/strong> seulement 1,00 franc par gramme.<\/li>\n<\/ul>\n<\/li>\n<\/ul>\n<h2><strong>Pourquoi s\u00e9curiser Orangello Outdoor d\u00e8s maintenant ?<\/strong><\/h2>\n<p>Si vous souhaitez <strong>acheter des fleurs de CBD en ext\u00e9rieur<\/strong> tout en faisant extr\u00eamement attention \u00e0 votre budget, ne laissez pas passer cette occasion. Orangello Outdoor offre une v\u00e9ritable qualit\u00e9 suisse \u00e0 un prix difficile \u00e0 trouver sur le march\u00e9.<br \/>\nLa combinaison de la culture biologique dans les Alpes et du rapport qualit\u00e9-prix en fait le parfait \u00ab\u00a0CBD de tous les jours\u00a0\u00bb. <\/p>\n<h2><strong>Commandez d\u00e8s maintenant, avant qu&rsquo;il ne soit \u00e9puis\u00e9 !<\/strong><\/h2>\n<p><strong>Obtenez le stock restant !<\/strong><br \/>\nCommandez maintenant Orangello Outdoor et profitez des prix bas. Si c&rsquo;est parti, c&rsquo;est parti ! <\/p>\n<h2><strong>Il va parfaitement avec :<\/strong><\/h2>\n<p>\u27a1\ufe0f Pour les gourmands : d\u00e9couvrez nos <a href=\"https:\/\/www.herbadiberna.ch\/fr\/produit\/harlequin-indoor-mini-buds\/\">mini-bouteilles fra\u00eeches Harlequin Indoor<\/a>.<br \/>\n\u27a1\ufe0f Ou essayez nos <a href=\"https:\/\/www.herbadiberna.ch\/fr\/huile-de-cbd\/\">huiles CBD Full Spectrum <\/a>pour obtenir toute la puissance de la plante.<br \/>\n<a href=\"https:\/\/www.herbadiberna.ch\/fr\/fleurs-de-cbd\/\">\u27a1\ufe0f Retour \u00e0 l&rsquo;aper\u00e7u de toutes les fleurs de CBD<\/a><\/p>\n","protected":false},"excerpt":{"rendered":"<p>Le vainqueur du rapport qualit\u00e9-prix du Seeland bernois : Orangello Outdoor convainc par ses grandes fleurs compactes et son ar\u00f4me frais d&rsquo;orange &amp; de chanvre. Assurez-vous les derniers stocks de ce classique \u00e0 un prix absolument bas. <\/p>\n","protected":false},"featured_media":57786,"comment_status":"open","ping_status":"closed","template":"","meta":{"inline_featured_image":false},"product_brand":[],"product_cat":[423,355],"product_tag":[],"class_list":{"0":"post-13209","1":"product","2":"type-product","3":"status-publish","4":"has-post-thumbnail","6":"product_cat-en-plein-air","7":"product_cat-fleurs-de-cbd","8":"pif-has-gallery","10":"first","11":"instock","12":"taxable","13":"shipping-taxable","14":"purchasable","15":"product-type-simple"},"_links":{"self":[{"href":"https:\/\/www.herbadiberna.ch\/fr\/wp-json\/wp\/v2\/product\/13209","targetHints":{"allow":["GET"]}}],"collection":[{"href":"https:\/\/www.herbadiberna.ch\/fr\/wp-json\/wp\/v2\/product"}],"about":[{"href":"https:\/\/www.herbadiberna.ch\/fr\/wp-json\/wp\/v2\/types\/product"}],"replies":[{"embeddable":true,"href":"https:\/\/www.herbadiberna.ch\/fr\/wp-json\/wp\/v2\/comments?post=13209"}],"wp:featuredmedia":[{"embeddable":true,"href":"https:\/\/www.herbadiberna.ch\/fr\/wp-json\/wp\/v2\/media\/57786"}],"wp:attachment":[{"href":"https:\/\/www.herbadiberna.ch\/fr\/wp-json\/wp\/v2\/media?parent=13209"}],"wp:term":[{"taxonomy":"product_brand","embeddable":true,"href":"https:\/\/www.herbadiberna.ch\/fr\/wp-json\/wp\/v2\/product_brand?post=13209"},{"taxonomy":"product_cat","embeddable":true,"href":"https:\/\/www.herbadiberna.ch\/fr\/wp-json\/wp\/v2\/product_cat?post=13209"},{"taxonomy":"product_tag","embeddable":true,"href":"https:\/\/www.herbadiberna.ch\/fr\/wp-json\/wp\/v2\/product_tag?post=13209"}],"curies":[{"name":"wp","href":"https:\/\/api.w.org\/{rel}","templated":true}]}}