{"id":13194,"date":"2021-12-07T00:37:57","date_gmt":"2021-12-06T23:37:57","guid":{"rendered":"https:\/\/www.herbadiberna.ch\/miel-bio-500ml\/"},"modified":"2025-08-13T17:35:29","modified_gmt":"2025-08-13T16:35:29","slug":"miel-bio-500ml","status":"publish","type":"product","link":"https:\/\/www.herbadiberna.ch\/fr\/produit\/miel-bio-500ml\/","title":{"rendered":"Miel bio 500g"},"content":{"rendered":"<p>Depuis 2017, Pan Gander travaille de mani\u00e8re professionnelle avec plus de 50 colonies d&rsquo;abeilles et leurs pr\u00e9cieux produits. La sant\u00e9 des abeilles et une manipulation soigneuse sont importantes pour lui. Il n&rsquo;utilise que de la cire biologique et des produits biologiques pour l&rsquo;alimentation ou la lutte contre les parasites. Son exploitation est certifi\u00e9e Bourgeon Bio Suisse pour le miel, la cire d&rsquo;abeille et la propolis depuis le 01.06.2019.<br \/>\nSes ruchers sont situ\u00e9s \u00e0 diff\u00e9rents endroits, de la r\u00e9gion du lac de Morat \u00e0 Grafenried, en passant par la ville de Berne.<\/p>\n","protected":false},"excerpt":{"rendered":"<p>Miel certifi\u00e9 Bourgeon Bio Suisse du canton de Berne<\/p>\n","protected":false},"featured_media":11736,"comment_status":"open","ping_status":"closed","template":"","meta":{"inline_featured_image":false},"product_brand":[],"product_cat":[346,476],"product_tag":[],"class_list":{"0":"post-13194","1":"product","2":"type-product","3":"status-publish","4":"has-post-thumbnail","6":"product_cat-aliments-chanvre","7":"product_cat-miel","9":"first","10":"outofstock","11":"taxable","12":"shipping-taxable","13":"purchasable","14":"product-type-variable","15":"rtwpvs-product"},"_links":{"self":[{"href":"https:\/\/www.herbadiberna.ch\/fr\/wp-json\/wp\/v2\/product\/13194","targetHints":{"allow":["GET"]}}],"collection":[{"href":"https:\/\/www.herbadiberna.ch\/fr\/wp-json\/wp\/v2\/product"}],"about":[{"href":"https:\/\/www.herbadiberna.ch\/fr\/wp-json\/wp\/v2\/types\/product"}],"replies":[{"embeddable":true,"href":"https:\/\/www.herbadiberna.ch\/fr\/wp-json\/wp\/v2\/comments?post=13194"}],"wp:featuredmedia":[{"embeddable":true,"href":"https:\/\/www.herbadiberna.ch\/fr\/wp-json\/wp\/v2\/media\/11736"}],"wp:attachment":[{"href":"https:\/\/www.herbadiberna.ch\/fr\/wp-json\/wp\/v2\/media?parent=13194"}],"wp:term":[{"taxonomy":"product_brand","embeddable":true,"href":"https:\/\/www.herbadiberna.ch\/fr\/wp-json\/wp\/v2\/product_brand?post=13194"},{"taxonomy":"product_cat","embeddable":true,"href":"https:\/\/www.herbadiberna.ch\/fr\/wp-json\/wp\/v2\/product_cat?post=13194"},{"taxonomy":"product_tag","embeddable":true,"href":"https:\/\/www.herbadiberna.ch\/fr\/wp-json\/wp\/v2\/product_tag?post=13194"}],"curies":[{"name":"wp","href":"https:\/\/api.w.org\/{rel}","templated":true}]}}