{"id":13156,"date":"2021-12-06T23:39:21","date_gmt":"2021-12-06T22:39:21","guid":{"rendered":"https:\/\/www.herbadiberna.ch\/pommade-au-cbd\/"},"modified":"2026-04-26T07:03:41","modified_gmt":"2026-04-26T06:03:41","slug":"pommade-au-cbd","status":"publish","type":"product","link":"https:\/\/www.herbadiberna.ch\/fr\/produit\/pommade-au-cbd\/","title":{"rendered":"Pommade au CBD"},"content":{"rendered":"<p>Pommade traitante au chanvre et \u00e0 la verveine pour une exp\u00e9rience cutan\u00e9e agr\u00e9able. Fabriqu\u00e9 \u00e0 partir d&rsquo;extrait de chanvre organique de notre production. Avec beaucoup d&rsquo;amour et de soin, nous avons revu plusieurs fois le rapport entre la phase aqueuse et la phase huileuse. Le produit fini convainc non seulement gr\u00e2ce \u00e0 son application agr\u00e9able, mais aussi gr\u00e2ce \u00e0 ses notes parfum\u00e9es harmonieusement coordonn\u00e9es. Le beurre de karit\u00e9 permet \u00e0 la pommade de p\u00e9n\u00e9trer rapidement sans \u00eatre grasse. La pommade hydrate durablement, apaise et renforce la peau.<\/p>\n","protected":false},"excerpt":{"rendered":"<p>Pommade 50ml au parfum de chanvre et de verveine<\/p>\n","protected":false},"featured_media":54715,"comment_status":"closed","ping_status":"closed","template":"","meta":{"inline_featured_image":false},"product_brand":[],"product_cat":[467,466],"product_tag":[],"class_list":{"0":"post-13156","1":"product","2":"type-product","3":"status-publish","4":"has-post-thumbnail","6":"product_cat-pommades","7":"product_cat-produits-de-soins-au-cbd","8":"pif-has-gallery","10":"first","11":"instock","12":"taxable","13":"shipping-taxable","14":"purchasable","15":"product-type-simple"},"_links":{"self":[{"href":"https:\/\/www.herbadiberna.ch\/fr\/wp-json\/wp\/v2\/product\/13156","targetHints":{"allow":["GET"]}}],"collection":[{"href":"https:\/\/www.herbadiberna.ch\/fr\/wp-json\/wp\/v2\/product"}],"about":[{"href":"https:\/\/www.herbadiberna.ch\/fr\/wp-json\/wp\/v2\/types\/product"}],"replies":[{"embeddable":true,"href":"https:\/\/www.herbadiberna.ch\/fr\/wp-json\/wp\/v2\/comments?post=13156"}],"wp:featuredmedia":[{"embeddable":true,"href":"https:\/\/www.herbadiberna.ch\/fr\/wp-json\/wp\/v2\/media\/54715"}],"wp:attachment":[{"href":"https:\/\/www.herbadiberna.ch\/fr\/wp-json\/wp\/v2\/media?parent=13156"}],"wp:term":[{"taxonomy":"product_brand","embeddable":true,"href":"https:\/\/www.herbadiberna.ch\/fr\/wp-json\/wp\/v2\/product_brand?post=13156"},{"taxonomy":"product_cat","embeddable":true,"href":"https:\/\/www.herbadiberna.ch\/fr\/wp-json\/wp\/v2\/product_cat?post=13156"},{"taxonomy":"product_tag","embeddable":true,"href":"https:\/\/www.herbadiberna.ch\/fr\/wp-json\/wp\/v2\/product_tag?post=13156"}],"curies":[{"name":"wp","href":"https:\/\/api.w.org\/{rel}","templated":true}]}}