{"id":12986,"date":"2020-10-21T22:40:39","date_gmt":"2020-10-21T20:40:39","guid":{"rendered":"https:\/\/www.herbadiberna.ch\/sirop-dherba-en-bouteille\/"},"modified":"2026-04-17T17:33:36","modified_gmt":"2026-04-17T16:33:36","slug":"sirop-dherbe-en-bouteille-7dl","status":"publish","type":"product","link":"https:\/\/www.herbadiberna.ch\/fr\/produit\/sirop-dherbe-en-bouteille-7dl\/","title":{"rendered":"Sirop d&rsquo;herba en bouteille"},"content":{"rendered":"<p>Le sirop d&rsquo;herba est la suite logique de notre d\u00e9veloppement des boissons. Une infusion des meilleures fleurs de chanvre indoor. S\u00e9lectionn\u00e9es par nos soins, seules les plus belles parties de la fleur entrent en ligne de compte pour ce sirop intense. Le sirop d&rsquo;Herba est, comme son nom l&rsquo;indique, une variante am\u00e8re et intense du sirop d&rsquo;\u00e9t\u00e9 de Herba di Berna. Pour ce sirop, nous utilisons du chanvre certifi\u00e9 par l&rsquo;UE.    <\/p>\n<p>Pr\u00e9paration : m\u00e9langer 1 dl de sirop avec 1 l d&rsquo;eau et consommer frais.<span class=\"Apple-converted-space\"> <\/span><\/p>\n<p>Disponible en bouteille de 7 dl, 2 dl ou en carton de 5 litres.<\/p>\n","protected":false},"excerpt":{"rendered":"<p>Sirop de chanvre amer<\/p>\n","protected":false},"featured_media":10761,"comment_status":"open","ping_status":"closed","template":"","meta":{"inline_featured_image":false},"product_brand":[],"product_cat":[346,350],"product_tag":[],"class_list":{"0":"post-12986","1":"product","2":"type-product","3":"status-publish","4":"has-post-thumbnail","6":"product_cat-aliments-chanvre","7":"product_cat-sirop","8":"product_shipping_class-postpac-verre","9":"pif-has-gallery","11":"first","12":"outofstock","13":"taxable","14":"shipping-taxable","15":"purchasable","16":"product-type-variable","17":"has-default-attributes","18":"rtwpvs-product"},"_links":{"self":[{"href":"https:\/\/www.herbadiberna.ch\/fr\/wp-json\/wp\/v2\/product\/12986","targetHints":{"allow":["GET"]}}],"collection":[{"href":"https:\/\/www.herbadiberna.ch\/fr\/wp-json\/wp\/v2\/product"}],"about":[{"href":"https:\/\/www.herbadiberna.ch\/fr\/wp-json\/wp\/v2\/types\/product"}],"replies":[{"embeddable":true,"href":"https:\/\/www.herbadiberna.ch\/fr\/wp-json\/wp\/v2\/comments?post=12986"}],"wp:featuredmedia":[{"embeddable":true,"href":"https:\/\/www.herbadiberna.ch\/fr\/wp-json\/wp\/v2\/media\/10761"}],"wp:attachment":[{"href":"https:\/\/www.herbadiberna.ch\/fr\/wp-json\/wp\/v2\/media?parent=12986"}],"wp:term":[{"taxonomy":"product_brand","embeddable":true,"href":"https:\/\/www.herbadiberna.ch\/fr\/wp-json\/wp\/v2\/product_brand?post=12986"},{"taxonomy":"product_cat","embeddable":true,"href":"https:\/\/www.herbadiberna.ch\/fr\/wp-json\/wp\/v2\/product_cat?post=12986"},{"taxonomy":"product_tag","embeddable":true,"href":"https:\/\/www.herbadiberna.ch\/fr\/wp-json\/wp\/v2\/product_tag?post=12986"}],"curies":[{"name":"wp","href":"https:\/\/api.w.org\/{rel}","templated":true}]}}