{"id":12922,"date":"2021-03-15T20:23:04","date_gmt":"2021-03-15T19:23:04","guid":{"rendered":"https:\/\/www.herbadiberna.ch\/mini-buds-dinterieur-harlequin\/"},"modified":"2026-04-19T06:29:48","modified_gmt":"2026-04-19T05:29:48","slug":"harlequin-indoor-mini-buds","status":"publish","type":"product","link":"https:\/\/www.herbadiberna.ch\/fr\/produit\/harlequin-indoor-mini-buds\/","title":{"rendered":"Harlequin Indoor Mini-Buds Fleurs de CBD"},"content":{"rendered":"<h2><strong>Acheter Harlequin Indoor Mini-Bud - Fleurs de CBD fruit\u00e9es de Suisse<\/strong><\/h2>\n<p><strong>Commandez les Harlequin Indoor Mini-Buds <\/strong>et d\u00e9couvrez la qualit\u00e9 exceptionnelle de cette vari\u00e9t\u00e9. Avec une <strong>teneur en CBD de 14,5 %<\/strong>, les Mini-Buds s\u00e9duisent par leurs <strong>ar\u00f4mes floraux et fruit\u00e9s<\/strong> avec une <strong>note<\/strong> dominante <strong>d&rsquo;agrumes<\/strong>. Un s\u00e9chage et une fermentation d\u00e9licats pr\u00e9servent le profil terp\u00e9nique complet et garantissent une exp\u00e9rience gustative intense.  <\/p>\n<h2><strong>Caract\u00e9ristiques du produit Harlequin Mini Buds<\/strong><\/h2>\n<ul>\n<li><strong>Teneur en CBD de 14,5 % :<\/strong> Parfait pour les moments de d\u00e9tente sans effet d&rsquo;ivresse.<\/li>\n<li><strong>Ar\u00f4me fruit\u00e9 :<\/strong> nuances florales avec une note dominante d&rsquo;agrumes.<\/li>\n<li><strong>Qualit\u00e9 Premium Indoor :<\/strong> petites fleurs compactes \u00e0 forte teneur en r\u00e9sine.<\/li>\n<li><strong>Mini-Buds en<\/strong> \u00e9dition <strong>limit\u00e9e :<\/strong> une \u00e9dition exclusive \u00e0 un prix attractif.<\/li>\n<li><strong>Traitement en douceur :<\/strong> fermentation et s\u00e9chage sp\u00e9ciaux pour une pr\u00e9servation maximale des ar\u00f4mes.<\/li>\n<\/ul>\n<h2><strong>Pourquoi acheter Harlequin Mini Buds ?<\/strong><\/h2>\n<p>Si vous souhaitez acheter <strong>des fleurs de CBD en Suisse<\/strong>, vous faites un excellent choix en optant pour les mini buds de Harlequin. La <strong>culture en int\u00e9rieur dans des conditions optimales<\/strong> garantit une qualit\u00e9 \u00e9lev\u00e9e et constante. Gr\u00e2ce \u00e0 un traitement soign\u00e9, les <strong>terp\u00e8nes et cannabino\u00efdes importants<\/strong> sont pr\u00e9serv\u00e9s, ce qui permet de vivre une exp\u00e9rience CBD inalt\u00e9r\u00e9e.  <\/p>\n<h2><strong>T\u00e9moignages de clients sur Harlequin CBD Mini-Bud<\/strong><\/h2>\n<p>Les clients louent la <strong>note fra\u00eeche et fruit\u00e9e<\/strong> et la <strong>taille compacte des fleurs<\/strong>. Ils appr\u00e9cient particuli\u00e8rement la teneur \u00e9lev\u00e9e en CBD, la <strong>qualit\u00e9 premium<\/strong> et l&rsquo;ar\u00f4me intense qui font de Harlequin Mini-Buds une vari\u00e9t\u00e9 tr\u00e8s appr\u00e9ci\u00e9e. <\/p>\n<h2><strong>Commandez et profitez d\u00e8s maintenant de Harlequin Mini Buds !<\/strong><\/h2>\n<p><strong>D\u00e9couvrez la qualit\u00e9 des Mini-Buds Harlequin !<\/strong>  Commandez d\u00e8s maintenant et profitez de fleurs de CBD aromatiques au caract\u00e8re premium pour l&rsquo;int\u00e9rieur - exclusivement sous forme de mini-buds.<\/p>\n<h2><strong>En d\u00e9couvrir davantage : Autres vari\u00e9t\u00e9s de CBD de qualit\u00e9 sup\u00e9rieure<\/strong><\/h2>\n<p>\u27a1\ufe0f Essayez aussi notre <a href=\"https:\/\/www.herbadiberna.ch\/fr\/haschisch-au-cbd\/\">haschisch CBD<\/a>.<br \/>\n\u27a1\ufe0f D\u00e9couvrez nos <a href=\"https:\/\/www.herbadiberna.ch\/fr\/produits-de-soins-au-cbd\/\">cosm\u00e9tiques CBD<\/a> pour d&rsquo;autres vari\u00e9t\u00e9s exclusives.<br \/>\n<a href=\"https:\/\/www.herbadiberna.ch\/fr\/huile-de-cbd\/\">\u27a1\ufe0f D\u00e9couvrir les huiles CBD<\/a><\/p>\n","protected":false},"excerpt":{"rendered":"<p data-path-to-node=\"2,0\">Harlequin Indoor Mini-Buds - Commandez des fleurs de CBD avec 14,5 % de CBD et un ar\u00f4me intense. Go\u00fbt fruit\u00e9 et floral, qualit\u00e9 indoor sup\u00e9rieure &amp; fermentation douce pour un plaisir maximal.   <b data-path-to-node=\"2,0\" data-index-in-node=\"189\">Pas tout \u00e0 fait notre standard habituel, c&rsquo;est pourquoi nous proposons une qualit\u00e9 B limit\u00e9e avec 10 % de r\u00e9duction !<\/b><\/p>\n<p data-path-to-node=\"3\">\n","protected":false},"featured_media":78670,"comment_status":"open","ping_status":"closed","template":"","meta":{"inline_featured_image":false},"product_brand":[],"product_cat":[355,357],"product_tag":[1521],"class_list":{"0":"post-12922","1":"product","2":"type-product","3":"status-publish","4":"has-post-thumbnail","6":"product_cat-fleurs-de-cbd","7":"product_cat-interieur","8":"product_tag-remise-de-qualite-b","9":"pif-has-gallery","11":"first","12":"instock","13":"sale","14":"taxable","15":"shipping-taxable","16":"purchasable","17":"product-type-variable","18":"rtwpvs-product"},"_links":{"self":[{"href":"https:\/\/www.herbadiberna.ch\/fr\/wp-json\/wp\/v2\/product\/12922","targetHints":{"allow":["GET"]}}],"collection":[{"href":"https:\/\/www.herbadiberna.ch\/fr\/wp-json\/wp\/v2\/product"}],"about":[{"href":"https:\/\/www.herbadiberna.ch\/fr\/wp-json\/wp\/v2\/types\/product"}],"replies":[{"embeddable":true,"href":"https:\/\/www.herbadiberna.ch\/fr\/wp-json\/wp\/v2\/comments?post=12922"}],"wp:featuredmedia":[{"embeddable":true,"href":"https:\/\/www.herbadiberna.ch\/fr\/wp-json\/wp\/v2\/media\/78670"}],"wp:attachment":[{"href":"https:\/\/www.herbadiberna.ch\/fr\/wp-json\/wp\/v2\/media?parent=12922"}],"wp:term":[{"taxonomy":"product_brand","embeddable":true,"href":"https:\/\/www.herbadiberna.ch\/fr\/wp-json\/wp\/v2\/product_brand?post=12922"},{"taxonomy":"product_cat","embeddable":true,"href":"https:\/\/www.herbadiberna.ch\/fr\/wp-json\/wp\/v2\/product_cat?post=12922"},{"taxonomy":"product_tag","embeddable":true,"href":"https:\/\/www.herbadiberna.ch\/fr\/wp-json\/wp\/v2\/product_tag?post=12922"}],"curies":[{"name":"wp","href":"https:\/\/api.w.org\/{rel}","templated":true}]}}