{"id":12837,"date":"2020-10-21T22:40:34","date_gmt":"2020-10-21T21:40:34","guid":{"rendered":"https:\/\/www.herbadiberna.ch\/t-shirt-herba-di-berna-hommes\/"},"modified":"2026-05-02T20:47:04","modified_gmt":"2026-05-02T19:47:04","slug":"t-shirt-herba-di-berna-maenner","status":"publish","type":"product","link":"https:\/\/www.herbadiberna.ch\/fr\/produit\/t-shirt-herba-di-berna-maenner\/","title":{"rendered":"T-shirt Herba di Berna"},"content":{"rendered":"<p>Ce t-shirt 100% coton avec l&rsquo;imprim\u00e9 Herba di Berna est issu d&rsquo;une production \u00e9quitable et durable. Une solide combinaison de long\u00e9vit\u00e9 et de qualit\u00e9. Disponible en deux versions : pour les femmes avec un col en V et pour les hommes avec un col rond. Tailles : XS, S, M, L, XL<\/p>\n","protected":false},"excerpt":{"rendered":"<p>Naturellement produit de mani\u00e8re durable<\/p>\n","protected":false},"featured_media":36845,"comment_status":"open","ping_status":"closed","template":"","meta":{"inline_featured_image":false},"product_brand":[],"product_cat":[583],"product_tag":[],"class_list":{"0":"post-12837","1":"product","2":"type-product","3":"status-publish","4":"has-post-thumbnail","6":"product_cat-lestextiles","7":"pif-has-gallery","9":"first","10":"instock","11":"taxable","12":"shipping-taxable","13":"purchasable","14":"product-type-variable","15":"rtwpvs-product"},"_links":{"self":[{"href":"https:\/\/www.herbadiberna.ch\/fr\/wp-json\/wp\/v2\/product\/12837","targetHints":{"allow":["GET"]}}],"collection":[{"href":"https:\/\/www.herbadiberna.ch\/fr\/wp-json\/wp\/v2\/product"}],"about":[{"href":"https:\/\/www.herbadiberna.ch\/fr\/wp-json\/wp\/v2\/types\/product"}],"replies":[{"embeddable":true,"href":"https:\/\/www.herbadiberna.ch\/fr\/wp-json\/wp\/v2\/comments?post=12837"}],"wp:featuredmedia":[{"embeddable":true,"href":"https:\/\/www.herbadiberna.ch\/fr\/wp-json\/wp\/v2\/media\/36845"}],"wp:attachment":[{"href":"https:\/\/www.herbadiberna.ch\/fr\/wp-json\/wp\/v2\/media?parent=12837"}],"wp:term":[{"taxonomy":"product_brand","embeddable":true,"href":"https:\/\/www.herbadiberna.ch\/fr\/wp-json\/wp\/v2\/product_brand?post=12837"},{"taxonomy":"product_cat","embeddable":true,"href":"https:\/\/www.herbadiberna.ch\/fr\/wp-json\/wp\/v2\/product_cat?post=12837"},{"taxonomy":"product_tag","embeddable":true,"href":"https:\/\/www.herbadiberna.ch\/fr\/wp-json\/wp\/v2\/product_tag?post=12837"}],"curies":[{"name":"wp","href":"https:\/\/api.w.org\/{rel}","templated":true}]}}