{"id":12822,"date":"2020-07-15T22:56:55","date_gmt":"2020-07-15T20:56:55","guid":{"rendered":"https:\/\/www.herbadiberna.ch\/fullspectrum-huile-de-chanvre-cbd-bio-sans-thc-6-cbd\/"},"modified":"2026-05-05T22:40:12","modified_gmt":"2026-05-05T21:40:12","slug":"fullspectrum-bio-cbd-hanfoel-0thc-6cbd","status":"publish","type":"product","link":"https:\/\/www.herbadiberna.ch\/fr\/produit\/fullspectrum-bio-cbd-hanfoel-0thc-6cbd\/","title":{"rendered":"6% Broad Spectrum Huile de chanvre CBD bio sans THC"},"content":{"rendered":"<div class=\"flex max-w-full flex-col flex-grow\">\n<div class=\"min-h-8 text-message flex w-full flex-col items-end gap-2 whitespace-normal break-words text-start [.text-message+&amp;]:mt-5\" dir=\"auto\">\n<div class=\"flex w-full flex-col gap-1 empty:hidden first:pt-[3px]\">\n<div class=\"markdown prose w-full break-words dark:prose-invert light\">\n<h2><strong>Acheter de l&rsquo;huile de CBD 6% - sans THC Commandez maintenant et soyez livr\u00e9 d\u00e8s demain.<\/strong><\/h2>\n<p>Ceux qui <strong>souhaitent acheter <\/strong>notre <strong>huile de CBD 6% - sans THC <\/strong>sont id\u00e9alement \u00e9quip\u00e9s pour une utilisation quotidienne.<br \/>\nCette huile ou goutte de chanvre Broad Spectrum est obtenue \u00e0 partir de chanvre cultiv\u00e9 biologiquement et ne contient pas de THC (t\u00e9trahydrocannabinol).<br \/>\nGr\u00e2ce \u00e0 l&rsquo;extraction douce au CO\u2082, tous les composants pr\u00e9cieux, \u00e9galement appel\u00e9s <a href=\"https:\/\/www.herbadiberna.ch\/fr\/blog\/les-terpenes-du-cannabis-expliques-pourquoi-la-sativa-et-lindica-ont-des-sensations-differentes\/\">terp\u00e8nes<\/a>, sont conserv\u00e9s dans l&rsquo;huile.<\/p>\n<h2><strong>Avantages de l&rsquo;huile de CBD 6% - sans THC<\/strong><\/h2>\n<ul>\n<li><strong>Sans THC &amp; Broad Spectrum :<\/strong> contient 6% de CBD, mais pas de THC psychoactif (t\u00e9trahydrocannabinol).<\/li>\n<li><strong>100% naturel &amp; bio :<\/strong> chanvre cultiv\u00e9 de mani\u00e8re durable, sans pesticides ni herbicides.<\/li>\n<li><strong>Extraction douce CO\u2082 :<\/strong> puret\u00e9 &amp; qualit\u00e9 et naturalit\u00e9 maximales.<\/li>\n<li><strong>Ar\u00f4me doux :<\/strong> l&rsquo;huile de tournesol biologique donne une odeur agr\u00e9able.<\/li>\n<li><strong>Sans additifs artificiels :<\/strong> pas de colorants, d&rsquo;ar\u00f4mes.<\/li>\n<\/ul>\n<h2><strong>Pourquoi acheter notre huile de cannabidiol 6% ?<\/strong><\/h2>\n<p>Cette <strong>huile de chanvre bio exempte de t\u00e9trahydrocannabinol<\/strong> convainc par : <\/p>\n<ul>\n<li>Concentration en CBD de 6% - Douceur &amp; dosage optimal.<\/li>\n<li>Parfait pour la vie quotidienne et professionnelle - ne contient pas d&rsquo;agents psychoactifs.<\/li>\n<li>Odeur agr\u00e9able - Naturelle gr\u00e2ce \u00e0 l&rsquo;huile de tournesol biologique.<\/li>\n<\/ul>\n<h2><strong>T\u00e9moignages de clients sur l&rsquo;huile de CBD 6% - sans THC<\/strong><\/h2>\n<p>Nos clients appr\u00e9cient l&rsquo;odeur naturellement l\u00e9g\u00e8re et la <strong>facilit\u00e9 de dosage gr\u00e2ce \u00e0 la pipette<\/strong>.<br \/>\nLa <strong>qualit\u00e9 100% naturelle<\/strong> de notre huile de CBD est particuli\u00e8rement appr\u00e9ci\u00e9e.<\/p>\n<h2><strong>Acheter maintenant des gouttes de CBD 6% - sans THC &amp; test\u00e9 en laboratoire<\/strong><\/h2>\n<p><strong>D\u00e9couvrez l&rsquo;odeur douce et d\u00e9licate de notre huile de CBD \u00e0 6% de large spectre - commandez maintenant !<\/strong><\/p>\n<h2><strong>D\u00e9couvrir d&rsquo;autres huiles CBD<\/strong><\/h2>\n<ul>\n<li>\u27a1\ufe0f Pour une version plus forte :<a href=\"https:\/\/www.herbadiberna.ch\/fr\/produkt\/fullspectrum-bio-cbd-hanfoel-0thc-18cbd\/\"> huile de CBD 18%<\/a>.<\/li>\n<li>\u27a1\ufe0f Extra fort ?  <a href=\"https:\/\/www.herbadiberna.ch\/fr\/produkt\/40-fullspectrum-bio-cbd-hanfoel\/\">Huile de CBD 40<\/a><\/li>\n<li><a href=\"https:\/\/www.herbadiberna.ch\/fr\/huile-de-cbd\/\">\u27a1\ufe0f Plus <\/a><a href=\"https:\/\/www.herbadiberna.ch\/fr\/huile-de-cbd\/\"> D\u00e9couvrir les huiles CBD<\/a><\/li>\n<\/ul>\n<\/div>\n<\/div>\n<\/div>\n<\/div>\n","protected":false},"excerpt":{"rendered":"<p>Notre huile de chanvre CBD bio 6% \u00e0 large spectre sans THC est id\u00e9ale pour une utilisation quotidienne. Gr\u00e2ce \u00e0 une extraction sp\u00e9ciale, elle ne contient pas de THC et est parfaite pour tous ceux qui ne veulent pas de composants psychoactifs dans leur huile.   <strong>Command\u00e9 jusqu&rsquo;\u00e0 15:00, livr\u00e9 demain \u2713 Port pay\u00e9 \u00e0 partir de 80 CHF \u2713<\/strong><\/p>\n","protected":false},"featured_media":62120,"comment_status":"open","ping_status":"closed","template":"","meta":{"inline_featured_image":false},"product_brand":[],"product_cat":[353,398],"product_tag":[],"class_list":{"0":"post-12822","1":"product","2":"type-product","3":"status-publish","4":"has-post-thumbnail","6":"product_cat-huile-de-cbd","7":"product_cat-huile-sans-thc","8":"pif-has-gallery","10":"first","11":"instock","12":"taxable","13":"shipping-taxable","14":"purchasable","15":"product-type-simple"},"_links":{"self":[{"href":"https:\/\/www.herbadiberna.ch\/fr\/wp-json\/wp\/v2\/product\/12822","targetHints":{"allow":["GET"]}}],"collection":[{"href":"https:\/\/www.herbadiberna.ch\/fr\/wp-json\/wp\/v2\/product"}],"about":[{"href":"https:\/\/www.herbadiberna.ch\/fr\/wp-json\/wp\/v2\/types\/product"}],"replies":[{"embeddable":true,"href":"https:\/\/www.herbadiberna.ch\/fr\/wp-json\/wp\/v2\/comments?post=12822"}],"wp:featuredmedia":[{"embeddable":true,"href":"https:\/\/www.herbadiberna.ch\/fr\/wp-json\/wp\/v2\/media\/62120"}],"wp:attachment":[{"href":"https:\/\/www.herbadiberna.ch\/fr\/wp-json\/wp\/v2\/media?parent=12822"}],"wp:term":[{"taxonomy":"product_brand","embeddable":true,"href":"https:\/\/www.herbadiberna.ch\/fr\/wp-json\/wp\/v2\/product_brand?post=12822"},{"taxonomy":"product_cat","embeddable":true,"href":"https:\/\/www.herbadiberna.ch\/fr\/wp-json\/wp\/v2\/product_cat?post=12822"},{"taxonomy":"product_tag","embeddable":true,"href":"https:\/\/www.herbadiberna.ch\/fr\/wp-json\/wp\/v2\/product_tag?post=12822"}],"curies":[{"name":"wp","href":"https:\/\/api.w.org\/{rel}","templated":true}]}}