{"id":12768,"date":"2020-10-21T22:40:39","date_gmt":"2020-10-21T20:40:39","guid":{"rendered":"https:\/\/www.herbadiberna.ch\/sirop-dherba-en-boite-5l\/"},"modified":"2026-04-17T06:37:16","modified_gmt":"2026-04-17T05:37:16","slug":"sirop-dherbe-dans-la-boite-5l","status":"publish","type":"product","link":"https:\/\/www.herbadiberna.ch\/fr\/produit\/sirop-dherbe-dans-la-boite-5l\/","title":{"rendered":"Sirop d&rsquo;Herba en bo\u00eete (5l)"},"content":{"rendered":"<p>Le sirop d&rsquo;herba est la suite logique de notre d\u00e9veloppement des boissons. Une infusion des meilleures fleurs de chanvre d&rsquo;int\u00e9rieur. S\u00e9lectionn\u00e9es par nos soins, seules les plus belles parties de fleurs entrent en ligne de compte pour ce sirop intense. Comme son nom l&rsquo;indique, le sirop d&rsquo;herba est une variante \u00e2pre et intense du sirop d&rsquo;\u00e9t\u00e9 de Herba di Berna. Pour le sirop, nous utilisons du chanvre certifi\u00e9 par l&rsquo;UE.<\/p>\n<p>Pr\u00e9paration : m\u00e9langer 1 dl de sirop avec 1 l d&rsquo;eau et consommer frais.<\/p>\n<p>Disponible en bouteille de 7 dl, 2 dl ou en carton de 5 litres.<\/p>\n","protected":false},"excerpt":{"rendered":"<p>Sirop de chanvre amer<\/p>\n","protected":false},"featured_media":10755,"comment_status":"open","ping_status":"closed","template":"","meta":{"inline_featured_image":false},"product_brand":[],"product_cat":[346,350],"product_tag":[],"class_list":{"0":"post-12768","1":"product","2":"type-product","3":"status-publish","4":"has-post-thumbnail","6":"product_cat-aliments-chanvre","7":"product_cat-sirop","8":"pif-has-gallery","10":"first","11":"outofstock","12":"taxable","13":"shipping-taxable","14":"purchasable","15":"product-type-simple"},"_links":{"self":[{"href":"https:\/\/www.herbadiberna.ch\/fr\/wp-json\/wp\/v2\/product\/12768","targetHints":{"allow":["GET"]}}],"collection":[{"href":"https:\/\/www.herbadiberna.ch\/fr\/wp-json\/wp\/v2\/product"}],"about":[{"href":"https:\/\/www.herbadiberna.ch\/fr\/wp-json\/wp\/v2\/types\/product"}],"replies":[{"embeddable":true,"href":"https:\/\/www.herbadiberna.ch\/fr\/wp-json\/wp\/v2\/comments?post=12768"}],"wp:featuredmedia":[{"embeddable":true,"href":"https:\/\/www.herbadiberna.ch\/fr\/wp-json\/wp\/v2\/media\/10755"}],"wp:attachment":[{"href":"https:\/\/www.herbadiberna.ch\/fr\/wp-json\/wp\/v2\/media?parent=12768"}],"wp:term":[{"taxonomy":"product_brand","embeddable":true,"href":"https:\/\/www.herbadiberna.ch\/fr\/wp-json\/wp\/v2\/product_brand?post=12768"},{"taxonomy":"product_cat","embeddable":true,"href":"https:\/\/www.herbadiberna.ch\/fr\/wp-json\/wp\/v2\/product_cat?post=12768"},{"taxonomy":"product_tag","embeddable":true,"href":"https:\/\/www.herbadiberna.ch\/fr\/wp-json\/wp\/v2\/product_tag?post=12768"}],"curies":[{"name":"wp","href":"https:\/\/api.w.org\/{rel}","templated":true}]}}