{"id":12761,"date":"2020-07-15T22:56:55","date_gmt":"2020-07-15T20:56:55","guid":{"rendered":"https:\/\/www.herbadiberna.ch\/huile-de-chanvre-cbd-pour-chats\/"},"modified":"2026-05-08T16:11:38","modified_gmt":"2026-05-08T15:11:38","slug":"cbd-hanfoel-chat","status":"publish","type":"product","link":"https:\/\/www.herbadiberna.ch\/fr\/produit\/cbd-hanfoel-chat\/","title":{"rendered":"Huile de chanvre CBD pour chats"},"content":{"rendered":"<div class=\"flex max-w-full flex-col flex-grow\">\n<div class=\"min-h-8 text-message flex w-full flex-col items-end gap-2 whitespace-normal break-words text-start [.text-message+&amp;]:mt-5\" dir=\"auto\">\n<div class=\"flex w-full flex-col gap-1 empty:hidden first:pt-[3px]\">\n<div class=\"markdown prose w-full break-words dark:prose-invert light\">\n<h2><strong>Acheter de l&rsquo;huile de CBD pour chats - Naturelle et de haute qualit\u00e9<\/strong><\/h2>\n<p><strong>Acheter de l&rsquo;huile de CBD pour chats - De l&rsquo;huile de chanvre biologique de haute qualit\u00e9 pour le bien-\u00eatre de votre compagnon \u00e0 quatre pattes !<\/strong><\/p>\n<p>Si vous souhaitez <strong>acheter des gouttes de CBD pour chat<\/strong> qui soient tol\u00e9r\u00e9es en douceur et de haute qualit\u00e9, notre huile de chanvre pour chat sp\u00e9cialement con\u00e7ue est le choix parfait.<br \/>\nElle est associ\u00e9e \u00e0 de l&rsquo;huile de saumon press\u00e9e \u00e0 froid produite en Suisse pour garantir une tol\u00e9rance optimale et une meilleure absorption.<\/p>\n<h2><strong>Pourquoi acheter notre huile de CBD pour chats ?<\/strong><\/h2>\n<ul>\n<li><strong>Sp\u00e9cialement con\u00e7u pour les chats :<\/strong> Formule optimale avec de l&rsquo;huile de saumon.<\/li>\n<li><strong>100% naturel &amp; bio :<\/strong> exempt de pesticides &amp; d&rsquo;herbicides.<\/li>\n<li><strong>Extraction douce au CO\u2082 :<\/strong> pr\u00e9serve toutes les substances v\u00e9g\u00e9tales importantes.<\/li>\n<li><strong>Huile de saumon press\u00e9e \u00e0 froid comme base :<\/strong> favorise l&rsquo;absorption des nutriments.<\/li>\n<li><strong>Sans additifs artificiels :<\/strong> pas de colorants, d&rsquo;ar\u00f4mes ou de conservateurs.<\/li>\n<\/ul>\n<h2><strong>Acheter des gouttes de CBD pour chats - Certifi\u00e9 biologique &amp; Doux pour les chats<\/strong><\/h2>\n<p>Cette <strong>huile CBD pour chats<\/strong> a \u00e9t\u00e9 d\u00e9velopp\u00e9e en collaboration avec des experts en alimentation animale et ne contient que des ingr\u00e9dients naturels.<br \/>\nIl est id\u00e9al pour une utilisation quotidienne et offre un soutien en douceur pour le bien-\u00eatre de votre animal de compagnie.<\/p>\n<h2><strong>T\u00e9moignages de clients sur les gouttes de CBD pour chats<\/strong><\/h2>\n<p>De nombreux propri\u00e9taires de chats rapportent les <strong>effets positifs<\/strong> et la douceur de l&rsquo;utilisation de notre huile de chanvre CBD pour chats.<br \/>\nLa facilit\u00e9 de dosage et la qualit\u00e9 sup\u00e9rieure sont particuli\u00e8rement appr\u00e9ci\u00e9es.<\/p>\n<h2><strong>Achetez maintenant des gouttes de CBD pour chats - une qualit\u00e9 sup\u00e9rieure pour votre animal de compagnie<\/strong><\/h2>\n<p><strong>Offrez \u00e0 votre chat ce qu&rsquo;il y a de mieux - commandez d\u00e8s maintenant de l&rsquo;huile de chanvre CBD pour chats de haute qualit\u00e9 !<\/strong><\/p>\n<h2><strong>D\u00e9couvrir d&rsquo;autres huiles CBD pour animaux de compagnie<\/strong><\/h2>\n<ul>\n<li>\u27a1\ufe0f Pour les chiens : <a href=\"https:\/\/www.herbadiberna.ch\/it\/produkt\/cbd-hanfoel-dogs\/\">Huile de CBD pour chiens<\/a><\/li>\n<li>\u27a1\ufe0f Dose \u00e9lev\u00e9e pour les animaux plus grands ?  <a href=\"https:\/\/www.herbadiberna.ch\/it\/produkt\/olio-di-canapa-cbd-per-gatti-kopie\/\">Huile de CBD 40% pour chevaux<\/a><\/li>\n<li><a href=\"https:\/\/www.herbadiberna.ch\/cbd-oel-fuer-tiere\/\">\u27a1\ufe0f En savoir plus<\/a><\/li>\n<\/ul>\n<\/div>\n<\/div>\n<\/div>\n<\/div>\n","protected":false},"excerpt":{"rendered":"<p>L&rsquo;huile de chanvre CBD pour chats, qui contient 5% de CBD, a \u00e9t\u00e9 sp\u00e9cialement con\u00e7ue pour les animaux domestiques. Gr\u00e2ce \u00e0 l&rsquo;huile de saumon de haute qualit\u00e9, elle est absorb\u00e9e de mani\u00e8re optimale - 100% biologique, durable et d&rsquo;origine suisse. <\/p>\n","protected":false},"featured_media":70540,"comment_status":"open","ping_status":"closed","template":"","meta":{"inline_featured_image":false},"product_brand":[],"product_cat":[353,396],"product_tag":[],"class_list":{"0":"post-12761","1":"product","2":"type-product","3":"status-publish","4":"has-post-thumbnail","6":"product_cat-huile-de-cbd","7":"product_cat-huile-de-cbd-animaux","8":"pif-has-gallery","10":"first","11":"instock","12":"taxable","13":"shipping-taxable","14":"purchasable","15":"product-type-simple"},"_links":{"self":[{"href":"https:\/\/www.herbadiberna.ch\/fr\/wp-json\/wp\/v2\/product\/12761","targetHints":{"allow":["GET"]}}],"collection":[{"href":"https:\/\/www.herbadiberna.ch\/fr\/wp-json\/wp\/v2\/product"}],"about":[{"href":"https:\/\/www.herbadiberna.ch\/fr\/wp-json\/wp\/v2\/types\/product"}],"replies":[{"embeddable":true,"href":"https:\/\/www.herbadiberna.ch\/fr\/wp-json\/wp\/v2\/comments?post=12761"}],"wp:featuredmedia":[{"embeddable":true,"href":"https:\/\/www.herbadiberna.ch\/fr\/wp-json\/wp\/v2\/media\/70540"}],"wp:attachment":[{"href":"https:\/\/www.herbadiberna.ch\/fr\/wp-json\/wp\/v2\/media?parent=12761"}],"wp:term":[{"taxonomy":"product_brand","embeddable":true,"href":"https:\/\/www.herbadiberna.ch\/fr\/wp-json\/wp\/v2\/product_brand?post=12761"},{"taxonomy":"product_cat","embeddable":true,"href":"https:\/\/www.herbadiberna.ch\/fr\/wp-json\/wp\/v2\/product_cat?post=12761"},{"taxonomy":"product_tag","embeddable":true,"href":"https:\/\/www.herbadiberna.ch\/fr\/wp-json\/wp\/v2\/product_tag?post=12761"}],"curies":[{"name":"wp","href":"https:\/\/api.w.org\/{rel}","templated":true}]}}