{"id":12759,"date":"2020-07-15T21:56:52","date_gmt":"2020-07-15T19:56:52","guid":{"rendered":"https:\/\/www.herbadiberna.ch\/stimulant-biobizz-try-pack\/"},"modified":"2026-04-17T18:26:56","modified_gmt":"2026-04-17T17:26:56","slug":"biobizz-try-pack-stimulants","status":"publish","type":"product","link":"https:\/\/www.herbadiberna.ch\/fr\/produit\/biobizz-try-pack-stimulants\/","title":{"rendered":"Stimulant Biobizz Try Pack"},"content":{"rendered":"<h2><strong>Acheter Biobizz Try Pack Stimulant - Le Bio-Booster<\/strong><\/h2>\n<p>Vos plantes ont des feuilles tombantes ou manquent d&rsquo;\u00e9clat ? Alors le <strong>Try Pack Stimulant de Biobizz<\/strong> est exactement ce qu&rsquo;il vous faut. Ce kit a \u00e9t\u00e9 con\u00e7u pour aider vos plantes \u00e0 chaque \u00e9tape, que vous soyez d\u00e9butant ou que vous souhaitiez maximiser votre rendement.  <\/p>\n<p>Lorsque vous utilisez le <strong>Biobizz Try Pack Stimulant<\/strong>, vous optez pour une qualit\u00e9 100% organique. C&rsquo;est l&rsquo;entr\u00e9e id\u00e9ale dans le monde des suppl\u00e9ments d&rsquo;engrais. Vous pouvez facilement le combiner avec d&rsquo;autres engrais pour obtenir des plantes plus grandes et des fruits au go\u00fbt plus sucr\u00e9.  <\/p>\n<h2><strong>Biobizz Try Pack Stimulant : Ce que contient le kit<\/strong><\/h2>\n<p>Ce pack vous fournit le \u00ab\u00a0mile suppl\u00e9mentaire\u00a0\u00bb pour 1 \u00e0 4 plantes. Il contient trois composants sp\u00e9cialis\u00e9s (250 ml chacun) qui vont bien au-del\u00e0 de la fertilisation NPK normale : <\/p>\n<ul>\n<li><strong>Root-Juice (stimulateur de racines) :<\/strong> Assure une croissance explosive des racines. Une base racinaire solide est le fondement d&rsquo;une plante saine et d&rsquo;une meilleure absorption des nutriments. <\/li>\n<li><strong>Top-Max (booster de floraison) :<\/strong> Ce booster de floraison 100 % organique a un triple effet. Il augmente la taille des inflorescences, accro\u00eet l&rsquo;absorption des nutriments et donne un go\u00fbt plus sucr\u00e9 et plus intense aux produits finis. <\/li>\n<li><strong>Alg-A-Mic (booster de vitalit\u00e9) :<\/strong> Le salut en cas de stress. Lorsque vos plantes souffrent d&rsquo;une surfertilisation, de carences, de maladies ou de variations de temp\u00e9rature, Alg-A-Mic leur redonne le vert des feuilles et de la vitalit\u00e9. <\/li>\n<\/ul>\n<h2><strong>Caract\u00e9ristiques du produit : Pourquoi choisir Biobizz Try Stimulant ?<\/strong><\/h2>\n<ul>\n<li><strong>Solution compl\u00e8te :<\/strong> vous n&rsquo;avez pas besoin de chercher p\u00e9niblement des flacons individuels. Avec le <strong>Biobizz Try Pack Stimulant<\/strong>, vous avez tout ce qu&rsquo;il faut pour les racines, la floraison et la protection dans une seule bo\u00eete. <\/li>\n<li><strong>Polyvalence :<\/strong> il convient parfaitement \u00e0 la culture en terre, mais aussi \u00e0 la culture hydroponique.<\/li>\n<li><strong>Rapport qualit\u00e9-prix :<\/strong> parfait pour d\u00e9couvrir la gamme Biobizz sans avoir \u00e0 acheter des bouteilles d&rsquo;un litre.<\/li>\n<li><strong>Qualit\u00e9 :<\/strong> Biobizz est synonyme d&rsquo;engrais organiques certifi\u00e9s qui favorisent le go\u00fbt naturel de vos r\u00e9coltes au lieu de le d\u00e9naturer chimiquement.<\/li>\n<\/ul>\n<h2><strong>Augmenter le rendement avec le Stimulant Pack<\/strong><\/h2>\n<p>Nous savons que la culture peut \u00eatre une science en soi. Biobizz vous facilite la t\u00e2che.<br \/>\nPar cons\u00e9quent, vous obtenez ici un produit qui pardonne les erreurs et donne des r\u00e9sultats. C&rsquo;est donc la mani\u00e8re la plus intelligente de doper vos plantes de mani\u00e8re organique.  <\/p>\n<h2><strong>T\u00e9moignages de clients de Biobizz<\/strong><\/h2>\n<p><em>\u00ab\u00a0Le go\u00fbt des fleurs est beaucoup plus intense !<\/em><em>\u00ab\u00a0<\/em> - C&rsquo;est ce que nous entendons souvent lorsque les clients utilisent Top-Max de ce kit.<br \/>\nLe Root-Juice est \u00e9galement appr\u00e9ci\u00e9, car il permet aux boutures et aux jeunes plants de \u00ab\u00a0prendre pied\u00a0\u00bb beaucoup plus rapidement.<\/p>\n<h2><strong>Commandez d\u00e8s maintenant Biobizz Try Stimulant &amp; commencez !<\/strong><\/h2>\n<p>\u00cates-vous pr\u00eat \u00e0 avoir des plantes pleines de vitalit\u00e9 et des r\u00e9coltes bien grasses ?<br \/>\nCommandez d\u00e8s maintenant et donnez \u00e0 votre grow le coup de pouce dont vous avez besoin.<\/p>\n<h2><strong>Des compl\u00e9ments parfaits pour votre culture<\/strong><\/h2>\n<p>\u27a1\ufe0f  <a href=\"https:\/\/www.herbadiberna.ch\/fr\/fleurs-de-cbd\/\">Acheter des fleurs de CBD<\/a> (Comparez votre r\u00e9colte \u00e0 la n\u00f4tre)<br \/>\n\u27a1\ufe0f  <a href=\"https:\/\/www.herbadiberna.ch\/fr\/papes-filtres-broyeurs\/\">Papers &amp; Rolls<\/a> (Pour le plaisir d&rsquo;apr\u00e8s)<br \/>\n\u27a1\ufe0f  <a href=\"https:\/\/www.herbadiberna.ch\/fr\/interieur\/\">Fleurs d&rsquo;int\u00e9rieur<\/a> (notre qualit\u00e9 de r\u00e9f\u00e9rence)<\/p>\n","protected":false},"excerpt":{"rendered":"<p data-path-to-node=\"12\">Vos plantes semblent ternes ou ont besoin d&rsquo;un coup de pouce \u00e9nerg\u00e9tique ? Le Biobizz Try Pack Stimulant est la solution compl\u00e8te pour la culture biologique. Il permet d&rsquo;obtenir des racines plus fortes, des feuilles plus vigoureuses et des fruits plus sucr\u00e9s.    <b data-path-to-node=\"13\" data-index-in-node=\"0\">Command\u00e9 aujourd&rsquo;hui jusqu&rsquo;\u00e0 15h, livr\u00e9 demain \u2713 Port pay\u00e9 \u00e0 partir de 79 CHF \u2713<\/b><\/p>\n","protected":false},"featured_media":11034,"comment_status":"open","ping_status":"closed","template":"","meta":{"inline_featured_image":false},"product_brand":[],"product_cat":[387,390],"product_tag":[],"class_list":{"0":"post-12759","1":"product","2":"type-product","3":"status-publish","4":"has-post-thumbnail","6":"product_cat-culture-du-cbd","7":"product_cat-engrais","8":"pif-has-gallery","10":"first","11":"instock","12":"taxable","13":"shipping-taxable","14":"purchasable","15":"product-type-simple"},"_links":{"self":[{"href":"https:\/\/www.herbadiberna.ch\/fr\/wp-json\/wp\/v2\/product\/12759","targetHints":{"allow":["GET"]}}],"collection":[{"href":"https:\/\/www.herbadiberna.ch\/fr\/wp-json\/wp\/v2\/product"}],"about":[{"href":"https:\/\/www.herbadiberna.ch\/fr\/wp-json\/wp\/v2\/types\/product"}],"replies":[{"embeddable":true,"href":"https:\/\/www.herbadiberna.ch\/fr\/wp-json\/wp\/v2\/comments?post=12759"}],"wp:featuredmedia":[{"embeddable":true,"href":"https:\/\/www.herbadiberna.ch\/fr\/wp-json\/wp\/v2\/media\/11034"}],"wp:attachment":[{"href":"https:\/\/www.herbadiberna.ch\/fr\/wp-json\/wp\/v2\/media?parent=12759"}],"wp:term":[{"taxonomy":"product_brand","embeddable":true,"href":"https:\/\/www.herbadiberna.ch\/fr\/wp-json\/wp\/v2\/product_brand?post=12759"},{"taxonomy":"product_cat","embeddable":true,"href":"https:\/\/www.herbadiberna.ch\/fr\/wp-json\/wp\/v2\/product_cat?post=12759"},{"taxonomy":"product_tag","embeddable":true,"href":"https:\/\/www.herbadiberna.ch\/fr\/wp-json\/wp\/v2\/product_tag?post=12759"}],"curies":[{"name":"wp","href":"https:\/\/api.w.org\/{rel}","templated":true}]}}