{"id":12755,"date":"2020-07-15T21:56:52","date_gmt":"2020-07-15T19:56:52","guid":{"rendered":"https:\/\/www.herbadiberna.ch\/biobizz-try-pack-indoor\/"},"modified":"2026-05-01T07:32:11","modified_gmt":"2026-05-01T06:32:11","slug":"biobizz-try-pack-indoor","status":"publish","type":"product","link":"https:\/\/www.herbadiberna.ch\/fr\/produit\/biobizz-try-pack-indoor\/","title":{"rendered":"Kit d&rsquo;essai Biobizz Indoor"},"content":{"rendered":"<div class=\"markdown prose w-full break-words\">\n<h2><strong>Acheter Biobizz Try Pack Indoor - Votre kit de d\u00e9marrage pour la culture de CBD en int\u00e9rieur<\/strong><\/h2>\n<p><strong>Acheter Biobizz Try Pack Indoor et obtenir des r\u00e9sultats de premi\u00e8re qualit\u00e9 \u00e0 un co\u00fbt minimal !<\/strong><\/p>\n<p>Si vous pr\u00e9voyez de <strong>cultiver du CBD<\/strong> \u00e0 l&rsquo;int\u00e9rieur, ce kit complet est le compagnon id\u00e9al. <b>De plus<\/b>, il vous permet de vous concentrer sur des ingr\u00e9dients 100% organiques.<\/p>\n<p>Biobizz vous facilite la t\u00e2che <b>:<\/b> le kit couvre l&rsquo;alimentation de base de vos plantes. Vous n&rsquo;avez <b>donc<\/b> pas besoin de vous encombrer de tableaux compliqu\u00e9s. <b>De plus<\/b>, c&rsquo;est un excellent point de d\u00e9part pour acqu\u00e9rir une premi\u00e8re exp\u00e9rience.<\/p>\n<p><strong>Conseil de pro : combiner pour un rendement maximal<\/strong><br \/>\nVous voulez tirer le meilleur parti de votre culture de CBD ? Les produits du Try Pack peuvent \u00eatre facilement combin\u00e9s avec d&rsquo;autres produits Biobizz. Vous pouvez <b>ainsi<\/b> personnaliser votre apport en nutriments. Pour des r\u00e9sultats optimaux, nous vous recommandons <b>\u00e9galement<\/b> de suivre le sch\u00e9ma officiel de fertilisation.  <\/p>\n<h2><strong>Caract\u00e9ristiques du produit Biobizz Try Pack Indoor<\/strong><\/h2>\n<ul>\n<li><strong>Remarque importante :<\/strong> ce produit est un outil pour la culture des plantes et n&rsquo;est pas destin\u00e9 \u00e0 diagnostiquer ou \u00e0 gu\u00e9rir des maladies.<\/li>\n<li><strong>100% organique :<\/strong> des ingr\u00e9dients purement biologiques pour un ar\u00f4me inalt\u00e9r\u00e9.<\/li>\n<li><strong>Kit complet :<\/strong> Contient Bio-Grow (croissance), Bio-Bloom (floraison) et Top-Max (booster de floraison).<\/li>\n<li><strong>Id\u00e9al pour les d\u00e9butants :<\/strong> con\u00e7u pour alimenter 1 \u00e0 4 plantes.<\/li>\n<li><strong>Durable &amp; Efficace :<\/strong> Un co\u00fbt minimal pour une efficacit\u00e9 maximale des nutriments.<\/li>\n<\/ul>\n<h2><strong>Connaissances pour votre succ\u00e8s : botanique et culture<\/strong><\/h2>\n<p>Il <b>est bien connu qu&rsquo;<\/b> une <strong>culture de CBD<\/strong> r\u00e9ussie exige plus que de l&rsquo;eau. <b>C&rsquo;est pourquoi<\/b> vous devriez utiliser notre magazine pour tirer le meilleur parti de votre kit Biobizz : <\/p>\n<ul>\n<li><strong>Pour bien commencer :<\/strong> utilisez notre <a href=\"https:\/\/www.herbadiberna.ch\/cannabis-anbau-anleitung-schritt-fuer-schritt-zum-erfolg\/\">guide de culture \u00e9tape par \u00e9tape<\/a>.<\/li>\n<li><strong>Un sous-sol sain :<\/strong> pourquoi <a href=\"https:\/\/www.herbadiberna.ch\/fr\/blog\/un-sol-vivant-pour-nos-plantes-de-chanvre\/\">un sol vivant<\/a> renforce l&rsquo;effet de votre engrais.<\/li>\n<li><strong>Comprendre la botanique :<\/strong> En savoir plus sur la structure de la <a href=\"https:\/\/www.herbadiberna.ch\/die-botanik-von-cannabis\/\">plante de chanvre et ses besoins<\/a>.<\/li>\n<\/ul>\n<h2><strong>D\u00e9tails du contenu du Try Pack<\/strong><\/h2>\n<ul>\n<li><strong>Marque :<\/strong> Biobizz<\/li>\n<li><strong>Bio-Grow (250 ml) :<\/strong> assure une croissance luxuriante pendant la phase v\u00e9g\u00e9tative.<\/li>\n<li><strong>Bio-Bloom (250 ml) :<\/strong> Fournit des min\u00e9raux et des enzymes pour une floraison magnifique.<\/li>\n<li><strong>Top-Max (250 ml) :<\/strong> augmente la taille et le poids des inflorescences.<\/li>\n<\/ul>\n<h2><strong>Pourquoi acheter Biobizz Try Pack Indoor ?<\/strong><\/h2>\n<p>Depuis des d\u00e9cennies, Biobizz est synonyme de qualit\u00e9 dans le domaine de la nutrition organique des plantes. <b>En outre<\/b>, le Try Pack Indoor est une formule \u00e9prouv\u00e9e. Celle-ci est <b>sp\u00e9cialement<\/b> adapt\u00e9e aux d\u00e9fis de la lumi\u00e8re artificielle.  <\/p>\n<p><b>En cons\u00e9quence<\/b>, le kit aide vos plantes \u00e0 se d\u00e9velopper de mani\u00e8re optimale dans des espaces ferm\u00e9s. <b>Enfin<\/b>, l&rsquo;engrais garantit un produit final propre et aromatique, sans r\u00e9sidus chimiques.<\/p>\n<h2><strong>T\u00e9moignages de clients de Biobizz<\/strong><\/h2>\n<p>Les jardiniers appr\u00e9cient surtout la facilit\u00e9 d&rsquo;utilisation. <b>De plus<\/b>, le fait que l&rsquo;on ne puisse presque pas \u00ab\u00a0surfertiliser\u00a0\u00bb les plantes \u00e0 l&rsquo;int\u00e9rieur, <b>car<\/b> les ingr\u00e9dients sont li\u00e9s organiquement, est un atout <b>suppl\u00e9mentaire<\/b>. <\/p>\n<p>Les r\u00e9sultats parlent <b>donc<\/b> d&rsquo;eux-m\u00eames. Vous obtiendrez des plantes vigoureuses, des tiges robustes et des fleurs r\u00e9sineuses <b>.<\/b>  <\/p>\n<h2><strong>Commandez d\u00e8s maintenant le Try Pack Indoor de Biobizz &amp; commencez \u00e0 l&rsquo;utiliser !<\/strong><\/h2>\n<p><strong>Obtenez le kit professionnel pour votre bo\u00eete de culture !<\/strong><\/p>\n<p>Commandez maintenant et commencez votre <strong>culture<\/strong> organique <strong>de CBD<\/strong> avec la s\u00e9curit\u00e9 de Biobizz. <b>Ainsi<\/b>, vous profitez de notre service : command\u00e9 aujourd&rsquo;hui avant 15h, livr\u00e9 demain !<\/p>\n<h3><strong>Foire aux questions (FAQ)<\/strong><\/h3>\n<p><b>Quelle est la diff\u00e9rence entre le Try Pack Indoor et Outdoor ?<\/b><br \/>\nLa principale diff\u00e9rence r\u00e9side dans l&rsquo;engrais de croissance. <b>Alors que<\/b> le kit pour l&rsquo;ext\u00e9rieur contient le Fish-Mix, qui a une forte odeur, le kit pour l&rsquo;int\u00e9rieur utilise le Bio-Grow, \u00e0 base de m\u00e9lasse. Vous \u00e9vitez <b>ainsi<\/b> les odeurs fortes dans votre int\u00e9rieur.<\/p>\n<p><b>Quand commencer \u00e0 utiliser l&rsquo;engrais ?<\/b><br \/>\n<b>Normalement<\/b>, vous commencez \u00e0 utiliser Bio-Grow d\u00e8s que votre plante a form\u00e9 ses premi\u00e8res vraies feuilles et qu&rsquo;elle mesure environ 10 \u00e0 15 cm. <b>Ensuite,<\/b> vous n&rsquo;ajoutez Bio-Bloom et Top-Max que <b>lorsque<\/b> la phase de lumi\u00e8re change et que la floraison commence.<\/p>\n<p><b>L&rsquo;engrais Biobizz est-il adapt\u00e9 au terreau de coco ?<\/b><br \/>\n<b>Bien que<\/b> Biobizz soit principalement con\u00e7u pour les m\u00e9langes de terre classiques, il <b>peut<\/b> \u00e9galement \u00eatre utilis\u00e9 sur les substrats de coco (Coco-Mix). <b>Cependant<\/b>, vous devez surveiller de pr\u00e8s le pH et l&rsquo;\u00e9quilibre calcium\/magn\u00e9sium.<\/p>\n<h2><strong>En d\u00e9couvrir davantage : Tout pour votre culture<\/strong><\/h2>\n<p>\u27a1\ufe0f La base ad\u00e9quate pour votre engrais : <a href=\"https:\/\/www.herbadiberna.ch\/fr\/culture-du-cbd\/\">Accessoires de culture CBD<\/a><br \/>\n\u27a1\ufe0f D\u00e9marrez avec la meilleure g\u00e9n\u00e9tique : <a href=\"https:\/\/www.herbadiberna.ch\/fr\/boutures\/\">Acheter des boutures de CBD en Suisse<\/a><br \/>\n\u27a1\ufe0f Du mat\u00e9riel de haute qualit\u00e9 \u00e0 m\u00e9langer :    <a href=\"https:\/\/www.herbadiberna.ch\/fr\/trim-fr\/\">Acheter du CBD trim<\/a><\/p>\n<\/div>\n","protected":false},"excerpt":{"rendered":"<p>Engrais organique pour la culture des plantes<\/p>\n","protected":false},"featured_media":27636,"comment_status":"open","ping_status":"closed","template":"","meta":{"inline_featured_image":false},"product_brand":[],"product_cat":[387,390],"product_tag":[],"class_list":{"0":"post-12755","1":"product","2":"type-product","3":"status-publish","4":"has-post-thumbnail","6":"product_cat-culture-du-cbd","7":"product_cat-engrais","9":"first","10":"instock","11":"taxable","12":"shipping-taxable","13":"purchasable","14":"product-type-simple"},"_links":{"self":[{"href":"https:\/\/www.herbadiberna.ch\/fr\/wp-json\/wp\/v2\/product\/12755","targetHints":{"allow":["GET"]}}],"collection":[{"href":"https:\/\/www.herbadiberna.ch\/fr\/wp-json\/wp\/v2\/product"}],"about":[{"href":"https:\/\/www.herbadiberna.ch\/fr\/wp-json\/wp\/v2\/types\/product"}],"replies":[{"embeddable":true,"href":"https:\/\/www.herbadiberna.ch\/fr\/wp-json\/wp\/v2\/comments?post=12755"}],"wp:featuredmedia":[{"embeddable":true,"href":"https:\/\/www.herbadiberna.ch\/fr\/wp-json\/wp\/v2\/media\/27636"}],"wp:attachment":[{"href":"https:\/\/www.herbadiberna.ch\/fr\/wp-json\/wp\/v2\/media?parent=12755"}],"wp:term":[{"taxonomy":"product_brand","embeddable":true,"href":"https:\/\/www.herbadiberna.ch\/fr\/wp-json\/wp\/v2\/product_brand?post=12755"},{"taxonomy":"product_cat","embeddable":true,"href":"https:\/\/www.herbadiberna.ch\/fr\/wp-json\/wp\/v2\/product_cat?post=12755"},{"taxonomy":"product_tag","embeddable":true,"href":"https:\/\/www.herbadiberna.ch\/fr\/wp-json\/wp\/v2\/product_tag?post=12755"}],"curies":[{"name":"wp","href":"https:\/\/api.w.org\/{rel}","templated":true}]}}