{"id":12743,"date":"2020-07-15T22:56:55","date_gmt":"2020-07-15T20:56:55","guid":{"rendered":"https:\/\/www.herbadiberna.ch\/fullspectrum-huile-de-chanvre-cbd-bio-sans-thc-18-cbd\/"},"modified":"2026-05-09T16:13:29","modified_gmt":"2026-05-09T15:13:29","slug":"fullspectrum-bio-cbd-hanfoel-0thc-18cbd","status":"publish","type":"product","link":"https:\/\/www.herbadiberna.ch\/fr\/produit\/fullspectrum-bio-cbd-hanfoel-0thc-18cbd\/","title":{"rendered":"18% Broad Spectrum Huile de chanvre CBD bio sans THC"},"content":{"rendered":"<div class=\"flex max-w-full flex-col flex-grow\">\n<div class=\"min-h-8 text-message flex w-full flex-col items-end gap-2 whitespace-normal break-words text-start [.text-message+&amp;]:mt-5\" dir=\"auto\">\n<div class=\"flex w-full flex-col gap-1 empty:hidden first:pt-[3px]\">\n<div class=\"markdown prose w-full break-words dark:prose-invert light\">\n<h2><strong>Acheter de l&rsquo;huile CBD 18% - sans THC Essayer maintenant<\/strong><\/h2>\n<p><strong>Acheter de l&rsquo;huile de CBD 18% - sans THC et test\u00e9e en laboratoire Acheter maintenant et recevoir demain dans votre bo\u00eete aux lettres.<br \/>\n<\/strong>Si vous souhaitez <strong>acheter<\/strong> une <strong>huile de CBD 18%<\/strong> de haute qualit\u00e9, <strong>sans THC<\/strong> et produite naturellement, vous ferez le choix parfait avec notre huile de chanvre Broad Spectrum.<br \/>\nCette <strong>huile de CBD<\/strong> est obtenue \u00e0 partir de chanvre cultiv\u00e9 biologiquement et trait\u00e9e de mani\u00e8re particuli\u00e8rement douce par extraction CO\u2082. Elle est parfaite pour ceux qui recherchent une alternative naturelle, sans aucun agent psychoactif dans l&rsquo;huile de CBD. <\/p>\n<h2><strong>Acheter de l&rsquo;huile de CBD 18% et de l&rsquo;huile de chanvre biologique sans THC de qualit\u00e9 sup\u00e9rieure<\/strong><\/h2>\n<ul>\n<li><strong>CBD hautement dos\u00e9 :<\/strong> 18% d&rsquo;huile de chanvre Broad Spectrum, sans THC (t\u00e9trahydrocannabinol)<\/li>\n<li><strong>100% naturel &amp; bio :<\/strong> chanvre issu de l&rsquo;agriculture biologique suisse, exempt de pesticides &amp; herbicides et autres produits chimiques de culture.<\/li>\n<li><strong>Extraction CO\u2082 douce :<\/strong> pr\u00e9serve tous les <a href=\"https:\/\/www.herbadiberna.ch\/fr\/blog\/saviez-vous-que-la-plante-de-chanvre-contient-plus-de-113-cannabinoides-differents\/\">cannabino\u00efdes<\/a> &amp; <a href=\"https:\/\/www.herbadiberna.ch\/fr\/blog\/les-terpenes-du-cannabis-expliques-pourquoi-la-sativa-et-lindica-ont-des-sensations-differentes\/\">terp\u00e8nes<\/a> essentiels.<\/li>\n<li><strong>Go\u00fbt doux :<\/strong> base d&rsquo;huile de tournesol biologique de haute qualit\u00e9.<\/li>\n<li><strong>Sans additifs artificiels :<\/strong> pas de colorants, ni d&rsquo;ar\u00f4mes.<\/li>\n<\/ul>\n<h2><strong>Pourquoi acheter notre huile de CBD 18% ?<\/strong><\/h2>\n<p>Cette <strong>huile de chanvre sans THC<\/strong> se distingue par son traitement de haute qualit\u00e9 et sa puret\u00e9 : <\/p>\n<ul>\n<li>Concentration en CBD de 18% - Id\u00e9al pour une odeur puissante.<\/li>\n<li>Parfait pour la vie quotidienne et le sport - Aucun ingr\u00e9dient psychoactif.<\/li>\n<li>Doux &amp; agr\u00e9able - Odeur naturelle gr\u00e2ce \u00e0 l&rsquo;huile de tournesol biologique.<\/li>\n<\/ul>\n<h2><strong>T\u00e9moignages de clients sur Huile 18% - Huile de chanvre sans THC<\/strong><\/h2>\n<p>Les utilisateurs font \u00e9tat d&rsquo;une agr\u00e9able relaxation et d&rsquo;un effet aromatique doux dans l&rsquo;odeur.<br \/>\nLa facilit\u00e9 de dosage et la qualit\u00e9 100% naturelle de notre huile Broad Spectrum CBD sont particuli\u00e8rement appr\u00e9ci\u00e9es.<\/p>\n<h2><strong>Acheter des gouttes 18% maintenant - sans THC &amp; assurer la qualit\u00e9 premium !<\/strong><\/h2>\n<p><strong>D\u00e9couvrez les avantages de notre huile de CBD \u00e0 large spectre 18% - commandez maintenant !<br \/>\n<\/strong>Commandez d\u00e8s maintenant et profitez d&rsquo;une qualit\u00e9 test\u00e9e en laboratoire et d&rsquo;une livraison ultra-rapide.<\/p>\n<h2><strong>D\u00e9couvrir plus : Autres huiles CBD<\/strong><\/h2>\n<ul>\n<li>\u27a1\ufe0f Vous cherchez une variante plus douce ? Consultez notre <a href=\"https:\/\/www.herbadiberna.ch\/fr\/produkt\/5-cbg-cbd-full-spectrum-huile-de-chanvre-biologique-kopie\/\">huile CBG\/CBD 10%<\/a>! <\/li>\n<li>\u27a1\ufe0f Extra fort ? Alors essayez notre <a href=\"https:\/\/www.herbadiberna.ch\/fr\/produkt\/40-fullspectrum-bio-cbd-hanfoel\/\">huile de CBD 40%<\/a>! <\/li>\n<li><a href=\"https:\/\/www.herbadiberna.ch\/fr\/huile-de-cbd\/\">\u27a1\ufe0fEn savoir plus<\/a><\/li>\n<\/ul>\n<\/div>\n<\/div>\n<\/div>\n<\/div>\n","protected":false},"excerpt":{"rendered":"<p>Notre <strong data-start=\"6\" data-end=\"52\">huile de chanvre CBD bio 18% Broad Spectrum sans THC<\/strong> vous convaincra par sa forte concentration en CBD et son absence totale de THC. Id\u00e9ale pour une utilisation quotidienne, elle est parfaite pour ceux qui recherchent une tol\u00e9rance z\u00e9ro claire.   <strong>Command\u00e9 jusqu&rsquo;\u00e0 15:00, livr\u00e9 demain \u2713 Port pay\u00e9 \u00e0 partir de 80 CHF \u2713<\/strong><\/p>\n","protected":false},"featured_media":58457,"comment_status":"open","ping_status":"closed","template":"","meta":{"inline_featured_image":false},"product_brand":[],"product_cat":[353,398],"product_tag":[],"class_list":{"0":"post-12743","1":"product","2":"type-product","3":"status-publish","4":"has-post-thumbnail","6":"product_cat-huile-de-cbd","7":"product_cat-huile-sans-thc","8":"pif-has-gallery","10":"first","11":"instock","12":"taxable","13":"shipping-taxable","14":"purchasable","15":"product-type-simple"},"_links":{"self":[{"href":"https:\/\/www.herbadiberna.ch\/fr\/wp-json\/wp\/v2\/product\/12743","targetHints":{"allow":["GET"]}}],"collection":[{"href":"https:\/\/www.herbadiberna.ch\/fr\/wp-json\/wp\/v2\/product"}],"about":[{"href":"https:\/\/www.herbadiberna.ch\/fr\/wp-json\/wp\/v2\/types\/product"}],"replies":[{"embeddable":true,"href":"https:\/\/www.herbadiberna.ch\/fr\/wp-json\/wp\/v2\/comments?post=12743"}],"wp:featuredmedia":[{"embeddable":true,"href":"https:\/\/www.herbadiberna.ch\/fr\/wp-json\/wp\/v2\/media\/58457"}],"wp:attachment":[{"href":"https:\/\/www.herbadiberna.ch\/fr\/wp-json\/wp\/v2\/media?parent=12743"}],"wp:term":[{"taxonomy":"product_brand","embeddable":true,"href":"https:\/\/www.herbadiberna.ch\/fr\/wp-json\/wp\/v2\/product_brand?post=12743"},{"taxonomy":"product_cat","embeddable":true,"href":"https:\/\/www.herbadiberna.ch\/fr\/wp-json\/wp\/v2\/product_cat?post=12743"},{"taxonomy":"product_tag","embeddable":true,"href":"https:\/\/www.herbadiberna.ch\/fr\/wp-json\/wp\/v2\/product_tag?post=12743"}],"curies":[{"name":"wp","href":"https:\/\/api.w.org\/{rel}","templated":true}]}}