{"id":12737,"date":"2020-07-15T21:56:52","date_gmt":"2020-07-15T19:56:52","guid":{"rendered":"https:\/\/www.herbadiberna.ch\/pack-de-demarrage-biobizz\/"},"modified":"2026-04-17T18:26:00","modified_gmt":"2026-04-17T17:26:00","slug":"kit-de-demarrage-biobiz","status":"publish","type":"product","link":"https:\/\/www.herbadiberna.ch\/fr\/produit\/kit-de-demarrage-biobiz\/","title":{"rendered":"Pack de d\u00e9marrage Biobizz"},"content":{"rendered":"<h2><strong>Acheter le Starters Pack de Biobizz - Cultiver comme un pro<\/strong><\/h2>\n<p>Vous voulez tout faire correctement d\u00e8s le d\u00e9but de votre homegrowing ? Le <strong>Starters Pack de Biobizz<\/strong> vous \u00e9pargne les complications de la composition. Ce **kit d&rsquo;engrais organiques** est sp\u00e9cialement con\u00e7u pour les d\u00e9butants* qui veulent obtenir un rendement maximal avec un minimum d&rsquo;efforts.  <\/p>\n<p>Avec ce <strong>kit de culture<\/strong>, vous obtenez une gamme compl\u00e8te de nutriments de haute qualit\u00e9. C&rsquo;est la base id\u00e9ale pour faire vos premi\u00e8res exp\u00e9riences avec les engrais biologiques sans devoir acheter des bouteilles individuelles co\u00fbteuses. <\/p>\n<h2><strong>Contenu : Que contient le paquet de nutriments ?<\/strong><\/h2>\n<p>Biobizz est synonyme de qualit\u00e9 100% organique qui favorise le go\u00fbt naturel de vos fleurs. Le kit couvre toutes les phases, de la formation des racines \u00e0 la r\u00e9colte : <\/p>\n<ul>\n<li><strong>1000ml Bio Bloom :<\/strong> l&rsquo;<strong>engrais<\/strong> liquide <strong>de floraison<\/strong> pour des bourgeons \u00e9pais et compacts.<\/li>\n<li><strong>1000ml Bio Grow :<\/strong> <strong>Engrais de croissance<\/strong> puissant pour un vert intense et des tiges solides.<\/li>\n<li><strong>500ml Top Max :<\/strong> un <strong>stimulateur de floraison<\/strong> qui stimule la division cellulaire et intensifie l&rsquo;ar\u00f4me.<\/li>\n<li><strong>250ml Bio Heaven :<\/strong> un booster d&rsquo;\u00e9nergie qui am\u00e9liore l&rsquo;absorption des nutriments et revitalise la plante.<\/li>\n<li><strong>250ml Root Juice :<\/strong> le <strong>stimulateur de racines<\/strong> pour une croissance explosive des racines au cours des premi\u00e8res semaines.<\/li>\n<\/ul>\n<h2><strong>Pourquoi acheter ce kit d&rsquo;engrais ?<\/strong><\/h2>\n<p>Le <strong>Starters Pack Biobizz<\/strong> est facile \u00e0 utiliser. Il se combine facilement avec d&rsquo;autres produits Biobizz et fournit la nutrition de base pour vos plantes.<br \/>\nComme il s&rsquo;agit d&rsquo;engrais organiques, le risque de surfertilisation est moindre qu&rsquo;avec des produits min\u00e9raux, ce qui est parfait pour un d\u00e9marrage en toute s\u00e9curit\u00e9. De plus, ce <strong>kit complet<\/strong> vous permet de r\u00e9aliser des \u00e9conomies substantielles par rapport \u00e0 l&rsquo;achat individuel.  <\/p>\n<h2><strong>Commandez d\u00e8s maintenant le Starters Pack Biobizz !<\/strong><\/h2>\n<p>\u00cates-vous pr\u00eat \u00e0 faire votre premi\u00e8re r\u00e9colte de qualit\u00e9 biologique ?<br \/>\nAssurez-vous de b\u00e9n\u00e9ficier d&rsquo;un pack sans souci et de fournir \u00e0 vos plantes tout ce dont elles ont besoin.<\/p>\n<h2><strong>Ce dont vous avez besoin pour commencer<\/strong><\/h2>\n<p>\u27a1\ufe0f  <a href=\"https:\/\/www.herbadiberna.ch\/fr\/terre-de-culture-substrats\/\">Terre de cannabis<\/a> (Le sol parfait pour Biobizz)<br \/>\n\u27a1\ufe0f  <a href=\"https:\/\/www.herbadiberna.ch\/fr\/graines-de-cbd\/\">Acheter des graines de CBD<\/a> (La g\u00e9n\u00e9tique fait la diff\u00e9rence)<br \/>\n\u27a1\ufe0f  <a href=\"https:\/\/www.herbadiberna.ch\/fr\/culture-du-cbd\/\">Accessoires de culture<\/a> (pots, ciseaux &amp; plus)<\/p>\n","protected":false},"excerpt":{"rendered":"<p data-path-to-node=\"2\">Cultivez comme un pro : le Starters Pack de Biobizz contient tous les engrais organiques n\u00e9cessaires (Grow, Bloom, Top Max, Heaven, Root Juice) pour votre culture. Le kit complet parfait pour des plantes saines et un rendement maximal - 100% bio &amp; id\u00e9al pour les d\u00e9butants.   <b data-path-to-node=\"3\" data-index-in-node=\"0\">Command\u00e9 aujourd&rsquo;hui jusqu&rsquo;\u00e0 15h, livr\u00e9 demain \u2713 Port pay\u00e9 \u00e0 partir de 79 CHF \u2713<\/b><\/p>\n","protected":false},"featured_media":21919,"comment_status":"open","ping_status":"closed","template":"","meta":{"inline_featured_image":false},"product_brand":[],"product_cat":[387,390],"product_tag":[],"class_list":{"0":"post-12737","1":"product","2":"type-product","3":"status-publish","4":"has-post-thumbnail","6":"product_cat-culture-du-cbd","7":"product_cat-engrais","9":"first","10":"instock","11":"taxable","12":"shipping-taxable","13":"purchasable","14":"product-type-simple"},"_links":{"self":[{"href":"https:\/\/www.herbadiberna.ch\/fr\/wp-json\/wp\/v2\/product\/12737","targetHints":{"allow":["GET"]}}],"collection":[{"href":"https:\/\/www.herbadiberna.ch\/fr\/wp-json\/wp\/v2\/product"}],"about":[{"href":"https:\/\/www.herbadiberna.ch\/fr\/wp-json\/wp\/v2\/types\/product"}],"replies":[{"embeddable":true,"href":"https:\/\/www.herbadiberna.ch\/fr\/wp-json\/wp\/v2\/comments?post=12737"}],"wp:featuredmedia":[{"embeddable":true,"href":"https:\/\/www.herbadiberna.ch\/fr\/wp-json\/wp\/v2\/media\/21919"}],"wp:attachment":[{"href":"https:\/\/www.herbadiberna.ch\/fr\/wp-json\/wp\/v2\/media?parent=12737"}],"wp:term":[{"taxonomy":"product_brand","embeddable":true,"href":"https:\/\/www.herbadiberna.ch\/fr\/wp-json\/wp\/v2\/product_brand?post=12737"},{"taxonomy":"product_cat","embeddable":true,"href":"https:\/\/www.herbadiberna.ch\/fr\/wp-json\/wp\/v2\/product_cat?post=12737"},{"taxonomy":"product_tag","embeddable":true,"href":"https:\/\/www.herbadiberna.ch\/fr\/wp-json\/wp\/v2\/product_tag?post=12737"}],"curies":[{"name":"wp","href":"https:\/\/api.w.org\/{rel}","templated":true}]}}