{"id":12732,"date":"2020-07-15T22:56:53","date_gmt":"2020-07-15T20:56:53","guid":{"rendered":"https:\/\/www.herbadiberna.ch\/chocolat-de-chanvre-blanc-canalade\/"},"modified":"2026-04-17T15:49:45","modified_gmt":"2026-04-17T14:49:45","slug":"canalade-blanc-chocolat-a-la-main","status":"publish","type":"product","link":"https:\/\/www.herbadiberna.ch\/fr\/produit\/canalade-blanc-chocolat-a-la-main\/","title":{"rendered":"Chocolat de chanvre blanc Canalade"},"content":{"rendered":"<p>D\u00e9licieux chocolat blanc bio au chanvre \u00e0 grignoter hot&amp;sweet. Un fondant d\u00e9licat au contenu surprenant ! R\u00e9compens\u00e9 par le prix d&rsquo;or 2019 de la Deutsche Landwirtschafts-Gesellschaft e.V (DLG).<\/p>\n<p>Ingr\u00e9dients : sucre de canne brut*, beurre de cacao*, lait entier en poudre*, 10% de graines de chanvre \u00e9pic\u00e9es* (graines de chanvre*, sucre de canne brut*, piment*, curry*, paprika*, poivre*, sel), poudre de yaourt au lait \u00e9cr\u00e9m\u00e9*, extrait de vanille Bourbon*, cacao min. 29%<br \/>\n*=issu de l&rsquo;agriculture biologique<\/p>\n<p>Origine du chanvre : Europe (France, Lettonie, Allemagne)<br \/>\nOrigine du cacao : R\u00e9publique dominicaine<br \/>\nFabriqu\u00e9 en Allemagne<\/p>\n<p>Peut contenir des composants de fruits \u00e0 coque et de gluten. Film int\u00e9rieur compostable.<\/p>\n","protected":false},"excerpt":{"rendered":"<p>Un excellent chocolat bio<\/p>\n","protected":false},"featured_media":10980,"comment_status":"open","ping_status":"closed","template":"","meta":{"inline_featured_image":false},"product_brand":[],"product_cat":[389],"product_tag":[],"class_list":{"0":"post-12732","1":"product","2":"type-product","3":"status-publish","4":"has-post-thumbnail","6":"product_cat-produits-alimentaires","7":"pif-has-gallery","9":"first","10":"outofstock","11":"taxable","12":"shipping-taxable","13":"purchasable","14":"product-type-simple"},"_links":{"self":[{"href":"https:\/\/www.herbadiberna.ch\/fr\/wp-json\/wp\/v2\/product\/12732","targetHints":{"allow":["GET"]}}],"collection":[{"href":"https:\/\/www.herbadiberna.ch\/fr\/wp-json\/wp\/v2\/product"}],"about":[{"href":"https:\/\/www.herbadiberna.ch\/fr\/wp-json\/wp\/v2\/types\/product"}],"replies":[{"embeddable":true,"href":"https:\/\/www.herbadiberna.ch\/fr\/wp-json\/wp\/v2\/comments?post=12732"}],"wp:featuredmedia":[{"embeddable":true,"href":"https:\/\/www.herbadiberna.ch\/fr\/wp-json\/wp\/v2\/media\/10980"}],"wp:attachment":[{"href":"https:\/\/www.herbadiberna.ch\/fr\/wp-json\/wp\/v2\/media?parent=12732"}],"wp:term":[{"taxonomy":"product_brand","embeddable":true,"href":"https:\/\/www.herbadiberna.ch\/fr\/wp-json\/wp\/v2\/product_brand?post=12732"},{"taxonomy":"product_cat","embeddable":true,"href":"https:\/\/www.herbadiberna.ch\/fr\/wp-json\/wp\/v2\/product_cat?post=12732"},{"taxonomy":"product_tag","embeddable":true,"href":"https:\/\/www.herbadiberna.ch\/fr\/wp-json\/wp\/v2\/product_tag?post=12732"}],"curies":[{"name":"wp","href":"https:\/\/api.w.org\/{rel}","templated":true}]}}