{"id":12730,"date":"2020-07-15T22:56:54","date_gmt":"2020-07-15T20:56:54","guid":{"rendered":"https:\/\/www.herbadiberna.ch\/huile-de-chanvre-cbd-pour-chiens\/"},"modified":"2026-04-27T22:26:37","modified_gmt":"2026-04-27T21:26:37","slug":"cbd-hanfoel-chiens","status":"publish","type":"product","link":"https:\/\/www.herbadiberna.ch\/fr\/produit\/cbd-hanfoel-chiens\/","title":{"rendered":"Huile de chanvre CBD pour chiens"},"content":{"rendered":"<div class=\"flex max-w-full flex-col flex-grow\">\n<div class=\"min-h-8 text-message flex w-full flex-col items-end gap-2 whitespace-normal break-words text-start [.text-message+&amp;]:mt-5\" dir=\"auto\">\n<div class=\"flex w-full flex-col gap-1 empty:hidden first:pt-[3px]\">\n<div class=\"markdown prose w-full break-words dark:prose-invert light\">\n<h1><strong>Acheter de l&rsquo;huile de CBD pour chiens - Naturelle et de haute qualit\u00e9<\/strong><\/h1>\n<p><strong>Acheter de l&rsquo;huile de CBD pour chiens - De l&rsquo;huile de chanvre biologique de haute qualit\u00e9 pour le bien-\u00eatre de votre animal de compagnie !<\/strong><\/p>\n<p>Si vous souhaitez <strong>acheter de l&rsquo;huile de CBD pour chiens<\/strong> qui soit douce et de haute qualit\u00e9, vous \u00eates au bon endroit.<br \/>\nNotre huile de chanvre CBD pour chiens, sp\u00e9cialement con\u00e7ue, est produite \u00e0 partir de chanvre biologique et d&rsquo;une extraction douce au CO\u2082.<\/p>\n<h2><strong>Pourquoi acheter notre Gouttes de CBD pour chiens ?<\/strong><\/h2>\n<ul>\n<li><strong>Sp\u00e9cialement con\u00e7u pour les chiens :<\/strong> Composition optimale pour les animaux domestiques.<\/li>\n<li><strong>100% naturel &amp; bio :<\/strong> exempt de pesticides &amp; d&rsquo;herbicides.<\/li>\n<li><strong>Extraction douce au CO\u2082 :<\/strong> pr\u00e9serve toutes les substances v\u00e9g\u00e9tales importantes.<\/li>\n<li><strong>Huile MCT comme base :<\/strong> bien tol\u00e9r\u00e9 &amp; facile \u00e0 dig\u00e9rer.<\/li>\n<li><strong>Sans additifs artificiels :<\/strong> pas de colorants, d&rsquo;ar\u00f4mes ou de conservateurs.<\/li>\n<\/ul>\n<h2><strong>Acheter des gouttes de CBD pour chiens - Certifi\u00e9 biologique &amp; Doux pour le chien<\/strong><\/h2>\n<p>Cette <strong>huile de CBD pour chiens<\/strong> a \u00e9t\u00e9 d\u00e9velopp\u00e9e en collaboration avec des experts en alimentation animale.<br \/>\nIl ne contient que des ingr\u00e9dients naturels et est id\u00e9al pour un usage quotidien.<\/p>\n<h2><strong>T\u00e9moignages de clients sur l&rsquo;huile de CBD pour chiens<\/strong><\/h2>\n<p>Les propri\u00e9taires d&rsquo;animaux domestiques rapportent les <strong>effets positifs<\/strong> et la douceur de l&rsquo;utilisation de notre huile de chanvre CBD pour chiens.<br \/>\nLa facilit\u00e9 de dosage et la qualit\u00e9 sup\u00e9rieure sont particuli\u00e8rement appr\u00e9ci\u00e9es.<\/p>\n<h2><strong>Acheter des gouttes pour chiens maintenant - assurer la qualit\u00e9 premium pour votre animal de compagnie<\/strong><\/h2>\n<p><strong>Offrez le meilleur \u00e0 votre compagnon \u00e0 quatre pattes - commandez d\u00e8s maintenant de l&rsquo;huile de chanvre CBD de qualit\u00e9 sup\u00e9rieure pour chiens !<\/strong><\/p>\n<h2><strong>D\u00e9couvrir d&rsquo;autres huiles CBD pour animaux<\/strong><\/h2>\n<ul>\n<li>\u27a1\ufe0f Pour les chats : <a href=\"https:\/\/www.herbadiberna.ch\/it\/produkt\/cbd-hanfoel-cat\/\">Acheter de l&rsquo;huile de CBD pour chats maintenant<\/a><\/li>\n<li>\u27a1\ufe0f Haute dose pour les grands chiens ?  <a href=\"https:\/\/www.herbadiberna.ch\/it\/produkt\/olio-di-canapa-cbd-per-gatti-kopie\/\">Acheter de l&rsquo;huile de CBD 40% pour chevaux<\/a><\/li>\n<li><a href=\"https:\/\/www.herbadiberna.ch\/cbd-oel-fuer-tiere\/\">\u27a1\ufe0f En savoir plus<\/a><\/li>\n<\/ul>\n<\/div>\n<\/div>\n<\/div>\n<\/div>\n","protected":false},"excerpt":{"rendered":"<p>L&rsquo;huile de CBD pour chiens, contenant 5% de CBD, est sp\u00e9cialement con\u00e7ue pour les animaux domestiques. Gr\u00e2ce \u00e0 l&rsquo;huile MCT, elle est absorb\u00e9e de mani\u00e8re optimale - 100% biologique, durable et d&rsquo;origine suisse. <\/p>\n","protected":false},"featured_media":70547,"comment_status":"open","ping_status":"closed","template":"","meta":{"inline_featured_image":false},"product_brand":[],"product_cat":[353,396],"product_tag":[],"class_list":{"0":"post-12730","1":"product","2":"type-product","3":"status-publish","4":"has-post-thumbnail","6":"product_cat-huile-de-cbd","7":"product_cat-huile-de-cbd-animaux","8":"pif-has-gallery","10":"first","11":"instock","12":"taxable","13":"shipping-taxable","14":"purchasable","15":"product-type-simple"},"_links":{"self":[{"href":"https:\/\/www.herbadiberna.ch\/fr\/wp-json\/wp\/v2\/product\/12730","targetHints":{"allow":["GET"]}}],"collection":[{"href":"https:\/\/www.herbadiberna.ch\/fr\/wp-json\/wp\/v2\/product"}],"about":[{"href":"https:\/\/www.herbadiberna.ch\/fr\/wp-json\/wp\/v2\/types\/product"}],"replies":[{"embeddable":true,"href":"https:\/\/www.herbadiberna.ch\/fr\/wp-json\/wp\/v2\/comments?post=12730"}],"wp:featuredmedia":[{"embeddable":true,"href":"https:\/\/www.herbadiberna.ch\/fr\/wp-json\/wp\/v2\/media\/70547"}],"wp:attachment":[{"href":"https:\/\/www.herbadiberna.ch\/fr\/wp-json\/wp\/v2\/media?parent=12730"}],"wp:term":[{"taxonomy":"product_brand","embeddable":true,"href":"https:\/\/www.herbadiberna.ch\/fr\/wp-json\/wp\/v2\/product_brand?post=12730"},{"taxonomy":"product_cat","embeddable":true,"href":"https:\/\/www.herbadiberna.ch\/fr\/wp-json\/wp\/v2\/product_cat?post=12730"},{"taxonomy":"product_tag","embeddable":true,"href":"https:\/\/www.herbadiberna.ch\/fr\/wp-json\/wp\/v2\/product_tag?post=12730"}],"curies":[{"name":"wp","href":"https:\/\/api.w.org\/{rel}","templated":true}]}}