{"id":12728,"date":"2020-07-15T22:56:52","date_gmt":"2020-07-15T20:56:52","guid":{"rendered":"https:\/\/www.herbadiberna.ch\/canalade-dark-chocolat-noir-au-chanvre\/"},"modified":"2026-04-17T15:50:21","modified_gmt":"2026-04-17T14:50:21","slug":"canalade-dark-chocolat-noir-han","status":"publish","type":"product","link":"https:\/\/www.herbadiberna.ch\/fr\/produit\/canalade-dark-chocolat-noir-han\/","title":{"rendered":"Canalade Dark chocolat noir au chanvre"},"content":{"rendered":"<p>Chocolat noir bio aux graines de chanvre d\u00e9cortiqu\u00e9es et grill\u00e9es, avec une teneur en cacao d&rsquo;au moins 70%. R\u00e9compens\u00e9 par le prix d&rsquo;or 2018 de la Deutsche Landwirtschafts-Gesellschaft e.V (DLG).<\/p>\n<p>Ingr\u00e9dients : p\u00e2te de cacao*, sucre de canne brut*, beurre de cacao*, graines de chanvre* d\u00e9cortiqu\u00e9es, cacao*, cacao min. 70%<br \/>\n*=issu de l&rsquo;agriculture biologique<\/p>\n<p>Origine du chanvre : Europe (Estonie, Autriche, Allemagne), Chine<br \/>\nOrigine du cacao : R\u00e9publique dominicaine<br \/>\nFabriqu\u00e9 en Allemagne<\/p>\n<p>Peut contenir des composants de fruits \u00e0 coque, de lait et de gluten. Film int\u00e9rieur compostable.<\/p>\n","protected":false},"excerpt":{"rendered":"<p>Un excellent chocolat bio<\/p>\n","protected":false},"featured_media":11013,"comment_status":"open","ping_status":"closed","template":"","meta":{"inline_featured_image":false},"product_brand":[],"product_cat":[389],"product_tag":[],"class_list":{"0":"post-12728","1":"product","2":"type-product","3":"status-publish","4":"has-post-thumbnail","6":"product_cat-produits-alimentaires","7":"pif-has-gallery","9":"first","10":"outofstock","11":"taxable","12":"shipping-taxable","13":"purchasable","14":"product-type-simple"},"_links":{"self":[{"href":"https:\/\/www.herbadiberna.ch\/fr\/wp-json\/wp\/v2\/product\/12728","targetHints":{"allow":["GET"]}}],"collection":[{"href":"https:\/\/www.herbadiberna.ch\/fr\/wp-json\/wp\/v2\/product"}],"about":[{"href":"https:\/\/www.herbadiberna.ch\/fr\/wp-json\/wp\/v2\/types\/product"}],"replies":[{"embeddable":true,"href":"https:\/\/www.herbadiberna.ch\/fr\/wp-json\/wp\/v2\/comments?post=12728"}],"wp:featuredmedia":[{"embeddable":true,"href":"https:\/\/www.herbadiberna.ch\/fr\/wp-json\/wp\/v2\/media\/11013"}],"wp:attachment":[{"href":"https:\/\/www.herbadiberna.ch\/fr\/wp-json\/wp\/v2\/media?parent=12728"}],"wp:term":[{"taxonomy":"product_brand","embeddable":true,"href":"https:\/\/www.herbadiberna.ch\/fr\/wp-json\/wp\/v2\/product_brand?post=12728"},{"taxonomy":"product_cat","embeddable":true,"href":"https:\/\/www.herbadiberna.ch\/fr\/wp-json\/wp\/v2\/product_cat?post=12728"},{"taxonomy":"product_tag","embeddable":true,"href":"https:\/\/www.herbadiberna.ch\/fr\/wp-json\/wp\/v2\/product_tag?post=12728"}],"curies":[{"name":"wp","href":"https:\/\/api.w.org\/{rel}","templated":true}]}}