{"id":12632,"date":"2020-04-18T22:51:01","date_gmt":"2020-04-18T20:51:01","guid":{"rendered":"https:\/\/www.herbadiberna.ch\/the-bien-etre\/"},"modified":"2026-04-17T15:48:24","modified_gmt":"2026-04-17T14:48:24","slug":"the-du-bien-etre","status":"publish","type":"product","link":"https:\/\/www.herbadiberna.ch\/fr\/produit\/the-du-bien-etre\/","title":{"rendered":"Th\u00e9 bien-\u00eatre"},"content":{"rendered":"<p>La force de la plante de chanvre, combin\u00e9e \u00e0 des herbes m\u00e9dicinales connues, aide \u00e0 garder son calme pendant la p\u00e9riode la plus stressante de l&rsquo;ann\u00e9e. Pour parfaire le go\u00fbt d&rsquo;agrumes propre au chanvre, nous avons affin\u00e9 notre chanvre avec de la verveine et du thym citron. Nous utilisons pour cela des feuilles de chanvre d&rsquo;ext\u00e9rieur non psychoactives. Le chanvre est certifi\u00e9 par l&rsquo;UE, cultiv\u00e9 biologiquement et s\u00e9lectionn\u00e9 \u00e0 la main afin d&rsquo;obtenir un maximum de saveur. Avec de la verveine bio et du thym citron bio et sans colorants, ar\u00f4mes ni conservateurs artificiels.<\/p>\n<p>Prudence en cas d&rsquo;allergies connues !<\/p>\n<p>Pr\u00e9paration : mettre 1 cuill\u00e8re \u00e0 caf\u00e9 de th\u00e9 dans une passoire, verser de l&rsquo;eau chaude et laisser infuser pendant 1 \u00e0 3 minutes.<\/p>\n<p>Se conserve au moins 3 mois dans un endroit frais et sec.<\/p>\n","protected":false},"excerpt":{"rendered":"<p>Th\u00e9 de chanvre \u00e0 la verveine et au thym citron<\/p>\n","protected":false},"featured_media":35407,"comment_status":"open","ping_status":"closed","template":"","meta":{"inline_featured_image":false},"product_brand":[],"product_cat":[346,375],"product_tag":[],"class_list":{"0":"post-12632","1":"product","2":"type-product","3":"status-publish","4":"has-post-thumbnail","6":"product_cat-aliments-chanvre","7":"product_cat-the","9":"first","10":"instock","11":"taxable","12":"shipping-taxable","13":"purchasable","14":"product-type-variable","15":"rtwpvs-product"},"_links":{"self":[{"href":"https:\/\/www.herbadiberna.ch\/fr\/wp-json\/wp\/v2\/product\/12632","targetHints":{"allow":["GET"]}}],"collection":[{"href":"https:\/\/www.herbadiberna.ch\/fr\/wp-json\/wp\/v2\/product"}],"about":[{"href":"https:\/\/www.herbadiberna.ch\/fr\/wp-json\/wp\/v2\/types\/product"}],"replies":[{"embeddable":true,"href":"https:\/\/www.herbadiberna.ch\/fr\/wp-json\/wp\/v2\/comments?post=12632"}],"wp:featuredmedia":[{"embeddable":true,"href":"https:\/\/www.herbadiberna.ch\/fr\/wp-json\/wp\/v2\/media\/35407"}],"wp:attachment":[{"href":"https:\/\/www.herbadiberna.ch\/fr\/wp-json\/wp\/v2\/media?parent=12632"}],"wp:term":[{"taxonomy":"product_brand","embeddable":true,"href":"https:\/\/www.herbadiberna.ch\/fr\/wp-json\/wp\/v2\/product_brand?post=12632"},{"taxonomy":"product_cat","embeddable":true,"href":"https:\/\/www.herbadiberna.ch\/fr\/wp-json\/wp\/v2\/product_cat?post=12632"},{"taxonomy":"product_tag","embeddable":true,"href":"https:\/\/www.herbadiberna.ch\/fr\/wp-json\/wp\/v2\/product_tag?post=12632"}],"curies":[{"name":"wp","href":"https:\/\/api.w.org\/{rel}","templated":true}]}}