{"id":12549,"date":"2020-04-18T22:50:53","date_gmt":"2020-04-18T20:50:53","guid":{"rendered":"https:\/\/www.herbadiberna.ch\/harlequin-indoor\/"},"modified":"2026-04-17T10:14:01","modified_gmt":"2026-04-17T09:14:01","slug":"harlequin-indoor","status":"publish","type":"product","link":"https:\/\/www.herbadiberna.ch\/fr\/produit\/harlequin-indoor\/","title":{"rendered":"Fleurs de CBD d&rsquo;int\u00e9rieur Harlequin"},"content":{"rendered":"<div class=\"flex max-w-full flex-col flex-grow\">\n<div class=\"min-h-8 text-message flex w-full flex-col items-end gap-2 whitespace-normal break-words text-start [.text-message+&amp;]:mt-5\" dir=\"auto\">\n<div class=\"flex w-full flex-col gap-1 empty:hidden first:pt-[3px]\">\n<div class=\"markdown prose w-full break-words dark:prose-invert light\">\n<h2><strong>Acheter Harlequin Indoor - L\u00e9gende fruit\u00e9e avec 14,5 % de CBD<\/strong><\/h2>\n<p>Vous envisagez d&rsquo;<strong>acheter Harlequin Indoor<\/strong>? Ou \u00eates-vous \u00e0 la recherche de l&rsquo;\u00e9quilibre parfait entre la fra\u00eecheur p\u00e9tillante des agrumes et la douceur de la relaxation ?<br \/>\nNos fleurs <strong>Harlequin Indoor<\/strong> ne sont en aucun cas des produits standard. Dans le milieu, cette vari\u00e9t\u00e9 est souvent appel\u00e9e la \u00ab\u00a0reine des terp\u00e8nes\u00a0\u00bb et est consid\u00e9r\u00e9e comme un classique absolu sur le march\u00e9 suisse du CBD.  <\/p>\n<p>C&rsquo;est aussi un v\u00e9ritable coup de c\u0153ur pour les esth\u00e8tes qui recherchent de gros buds clairs et une densit\u00e9 de r\u00e9sine extr\u00eame. C&rsquo;est pourquoi elle est id\u00e9ale pour la consommation pure, exprime tout son potentiel dans <strong>la vape<\/strong> et enrichit chaque moment de d\u00e9tente apr\u00e8s une longue journ\u00e9e.<br \/>\nCette vari\u00e9t\u00e9 ressemble \u00e0 une promenade dans un verger de citronniers en fleurs. Nous combinons ici une g\u00e9n\u00e9tique de premi\u00e8re qualit\u00e9 avec une culture en int\u00e9rieur hautement professionnelle. Le r\u00e9sultat est une <strong>exp\u00e9rience d&rsquo;achat de CBD en Suisse<\/strong> dont le parfum est si fleuri et frais que vous red\u00e9couvrez la qualit\u00e9 \u00e0 chaque ouverture du paquet.   <\/p>\n<h2><strong>Le profil aromatique : un coup de fouet citronn\u00e9 et une douceur florale<\/strong><\/h2>\n<p>Chez nous, vous achetez le luxe pur et la puret\u00e9 maximale. Ces fleurs proviennent de nos installations contr\u00f4l\u00e9es en int\u00e9rieur, o\u00f9 elles m\u00fbrissent dans des conditions optimales pour atteindre leur pleine splendeur. <\/p>\n<ul>\n<li><strong>L&rsquo;ar\u00f4me :<\/strong> la g\u00e9n\u00e9tique Harlequin est r\u00e9put\u00e9e pour son profil complexe. Des notes dominantes d&rsquo;agrumes rencontrent une douceur fine, florale et fruit\u00e9e. Le go\u00fbt est donc intense, rafra\u00eechissant et reste agr\u00e9ablement doux jusqu&rsquo;\u00e0 la derni\u00e8re bouff\u00e9e.  <\/li>\n<li><strong>Le traitement :<\/strong> gr\u00e2ce \u00e0 un s\u00e9chage pr\u00e9cis et \u00e0 un processus de fermentation parfaitement adapt\u00e9, les pr\u00e9cieux terp\u00e8nes sont conserv\u00e9s au maximum. De plus, les fleurs sont <strong>trait\u00e9es \u00e0 la main<\/strong> afin de ne pas endommager la structure r\u00e9sineuse des gros buds. <\/li>\n<\/ul>\n<h2><strong>Caract\u00e9ristiques du produit : Pourquoi acheter Harlequin Indoor ?<\/strong><\/h2>\n<ul>\n<li><strong>Teneur \u00e9lev\u00e9e en principes actifs :<\/strong> avec 14,5 % de CBD, cette vari\u00e9t\u00e9 offre une base solide pour une relaxation profonde, sans pour autant \u00eatre alourdie.<\/li>\n<li><strong>Le point fort visuel :<\/strong> vous obtenez des fleurs claires, grandes et extr\u00eamement compactes, recouvertes d&rsquo;une couche de r\u00e9sine brillante - une v\u00e9ritable qualit\u00e9 premium pour l&rsquo;\u0153il.<\/li>\n<li><strong>Premium Indoor :<\/strong> la culture sous lumi\u00e8re artificielle garantit une qualit\u00e9 \u00e9lev\u00e9e constante et un profil terp\u00e9nique rarement atteint \u00e0 l&rsquo;ext\u00e9rieur.<\/li>\n<li><strong>Garantie de puret\u00e9 :<\/strong> naturellement exempt de pesticides et d&rsquo;herbicides, 100 % Swiss Made et cultiv\u00e9 avec un grand souci du d\u00e9tail.<\/li>\n<\/ul>\n<h2><strong>Acheter Harlequin Indoor - L&rsquo;artisanat suisse<\/strong><\/h2>\n<p>L&rsquo;am\u00e9lioration de la plante de chanvre est notre passion. Nous pensons que la qualit\u00e9 ne se voit pas seulement, mais qu&rsquo;elle se sent aussi et surtout. Ce que beaucoup d\u00e9clarent techniquement comme \u00ab\u00a0premium\u00a0\u00bb est la norme v\u00e9cue par notre Harlequin.<br \/>\nEn cons\u00e9quence, vous obtenez un produit qui est plein de soin. C&rsquo;est donc la mani\u00e8re intelligente de profiter d <strong>&lsquo;un CBD de qualit\u00e9 sup\u00e9rieure<\/strong> si vous ne voulez pas faire de compromis sur le go\u00fbt ou l&rsquo;esth\u00e9tique.   <\/p>\n<h2><strong>T\u00e9moignages de clients sur Harlequin Indoor<\/strong><\/h2>\n<p>Nos clients d\u00e9crivent le plus souvent l&rsquo;exp\u00e9rience comme <strong>\u00ab\u00a0rafra\u00eechissante, douce et extr\u00eamement aromatique\u00a0\u00bb<\/strong>. La note marqu\u00e9e d&rsquo;agrumes, en particulier, est toujours soulign\u00e9e comme un \u00e9l\u00e9ment distinctif. Beaucoup appr\u00e9cient \u00e9galement la qualit\u00e9 constante des grandes fleurs, qui fait de Harlequin Indoor leur favori absolu pour les soir\u00e9es gourmandes.  <\/p>\n<h2><strong>Achetez Harlequin Indoor maintenant &amp; d\u00e9couvrez la qualit\u00e9 premium !<\/strong><\/h2>\n<p>\u00cates-vous pr\u00eat pour le coup de fouet fruit\u00e9 aux agrumes de la culture suisse en int\u00e9rieur ?<br \/>\nCommandez d\u00e8s maintenant et obtenez notre produit phare pour votre prochaine exp\u00e9rience de d\u00e9gustation.<\/p>\n<h2><strong>Des compl\u00e9ments parfaits pour votre style de vie<\/strong><\/h2>\n<p>\u27a1\ufe0f  <a href=\"https:\/\/www.herbadiberna.ch\/fr\/huile-de-cbd\/\">Acheter de l&rsquo;huile de CBD<\/a> (Pour la routine quotidienne)<br \/>\n\u27a1\ufe0f  <a href=\"https:\/\/www.herbadiberna.ch\/fr\/haschisch-au-cbd\/\">D\u00e9couvrir le hasch CBD<\/a> (r\u00e9sines pures)<br \/>\n\u27a1\ufe0f  <a href=\"https:\/\/www.herbadiberna.ch\/fr\/accessoires-cbd\/\">Boutique d&rsquo;accessoires<\/a> (Vapes, Papes &amp; Grinders)<\/p>\n<\/div>\n<\/div>\n<\/div>\n<\/div>\n","protected":false},"excerpt":{"rendered":"<p>Fleurs de CBD Suisse - Harlequin Indoor contient 14,5% de CBD &amp; a un ar\u00f4me fruit\u00e9. Qualit\u00e9 Premium Indoor, fleurs r\u00e9sineuses &amp; profil terp\u00e9nique intense. D\u00e9couvrez maintenant !  <\/p>\n","protected":false},"featured_media":78674,"comment_status":"open","ping_status":"closed","template":"","meta":{"inline_featured_image":false},"product_brand":[],"product_cat":[355,357],"product_tag":[],"class_list":{"0":"post-12549","1":"product","2":"type-product","3":"status-publish","4":"has-post-thumbnail","6":"product_cat-fleurs-de-cbd","7":"product_cat-interieur","8":"pif-has-gallery","10":"first","11":"instock","12":"taxable","13":"shipping-taxable","14":"purchasable","15":"product-type-variable","16":"has-default-attributes","17":"rtwpvs-product"},"_links":{"self":[{"href":"https:\/\/www.herbadiberna.ch\/fr\/wp-json\/wp\/v2\/product\/12549","targetHints":{"allow":["GET"]}}],"collection":[{"href":"https:\/\/www.herbadiberna.ch\/fr\/wp-json\/wp\/v2\/product"}],"about":[{"href":"https:\/\/www.herbadiberna.ch\/fr\/wp-json\/wp\/v2\/types\/product"}],"replies":[{"embeddable":true,"href":"https:\/\/www.herbadiberna.ch\/fr\/wp-json\/wp\/v2\/comments?post=12549"}],"wp:featuredmedia":[{"embeddable":true,"href":"https:\/\/www.herbadiberna.ch\/fr\/wp-json\/wp\/v2\/media\/78674"}],"wp:attachment":[{"href":"https:\/\/www.herbadiberna.ch\/fr\/wp-json\/wp\/v2\/media?parent=12549"}],"wp:term":[{"taxonomy":"product_brand","embeddable":true,"href":"https:\/\/www.herbadiberna.ch\/fr\/wp-json\/wp\/v2\/product_brand?post=12549"},{"taxonomy":"product_cat","embeddable":true,"href":"https:\/\/www.herbadiberna.ch\/fr\/wp-json\/wp\/v2\/product_cat?post=12549"},{"taxonomy":"product_tag","embeddable":true,"href":"https:\/\/www.herbadiberna.ch\/fr\/wp-json\/wp\/v2\/product_tag?post=12549"}],"curies":[{"name":"wp","href":"https:\/\/api.w.org\/{rel}","templated":true}]}}