{"id":12532,"date":"2020-04-18T22:50:57","date_gmt":"2020-04-18T20:50:57","guid":{"rendered":"https:\/\/www.herbadiberna.ch\/fullspectrum-huile-de-chanvre-bio-cbd-10-cbd\/"},"modified":"2026-04-30T15:28:59","modified_gmt":"2026-04-30T14:28:59","slug":"fullspectrum-bio-cbd-hanfoel-10","status":"publish","type":"product","link":"https:\/\/www.herbadiberna.ch\/fr\/produit\/fullspectrum-bio-cbd-hanfoel-10\/","title":{"rendered":"12% d&rsquo;huile de chanvre CBD bio Full Spectrum"},"content":{"rendered":"<div class=\"flex max-w-full flex-col flex-grow\">\n<div class=\"min-h-8 text-message flex w-full flex-col items-end gap-2 whitespace-normal break-words text-start [.text-message+&amp;]:mt-5\" dir=\"auto\">\n<div class=\"flex w-full flex-col gap-1 empty:hidden first:pt-[3px]\">\n<div class=\"markdown prose w-full break-words dark:prose-invert light\">\n<h2><strong>Acheter de l&rsquo;huile CBD 12% - Gouttes bio \u00e0 spectre complet<\/strong><\/h2>\n<p><strong>Acheter de l&rsquo;huile CBD 12% - Gouttes bio \u00e0 spectre complet de haute qualit\u00e9 !<\/strong><br \/>\nNotre <strong>huile CBD 12%<\/strong> convainc par son profil complet de cannabino\u00efdes &amp; terp\u00e8nes et est id\u00e9ale pour une utilisation quotidienne.<br \/>\nGr\u00e2ce \u00e0 l&rsquo;extraction douce au CO\u2082, tous les pr\u00e9cieux composants v\u00e9g\u00e9taux sont conserv\u00e9s, tandis que l&rsquo;huile de tournesol bio assure un \u00e9quilibre optimal.<\/p>\n<h2><strong>Caract\u00e9ristiques de l&rsquo;huile de CBD 12<\/strong><\/h2>\n<ul>\n<li style=\"list-style-type: none;\">\n<ul>\n<li><strong>Formule \u00e0 spectre complet de haute qualit\u00e9 :<\/strong> Contient du CBD, CBG, CBN &amp; des terp\u00e8nes naturels.<\/li>\n<li><strong>Qualit\u00e9 biologique :<\/strong> fabriqu\u00e9 \u00e0 partir de chanvre suisse, sans pesticides ni herbicides.<\/li>\n<li><strong>Extraction douce au CO\u2082 :<\/strong> pr\u00e9serve tous les ingr\u00e9dients pr\u00e9cieux pour une puret\u00e9 maximale.<\/li>\n<li><strong>Dosage pr\u00e9cis :<\/strong> 12% de CBD - id\u00e9al pour tous ceux qui recherchent un produit pur.<\/li>\n<li><strong>Huile de support :<\/strong> huile de tournesol biologique de haute qualit\u00e9 pour une biodisponibilit\u00e9 optimale.<\/li>\n<\/ul>\n<\/li>\n<\/ul>\n<h2><strong>Pourquoi acheter CBD Gouttes 12% ?<\/strong><\/h2>\n<p>Notre huile de CBD 12% offre une composition \u00e9quilibr\u00e9e de cannabino\u00efdes.<br \/>\nParfait pour tous ceux qui souhaitent <strong>acheter<\/strong> une <strong>huile de CBD<\/strong> naturelle de haute qualit\u00e9 - avec une puret\u00e9 maximale &amp; issue d&rsquo;une culture suisse durable.<\/p>\n<h2><strong>T\u00e9moignages de clients sur l&rsquo;huile de CBD 12<\/strong><\/h2>\n<p>De nombreux utilisateurs font \u00e9tat d&rsquo;un \u00e9quilibre agr\u00e9able &amp; d&rsquo;une odeur naturelle.<br \/>\nLa douceur de son ar\u00f4me en fait une huile particuli\u00e8rement appr\u00e9ci\u00e9e.<\/p>\n<h2><strong>Commandez d\u00e8s maintenant des gouttes de CBD 12% et d\u00e9couvrez le pouvoir de la plante de chanvre !<\/strong><\/h2>\n<p><strong>D\u00e9couvrez la qualit\u00e9 de notre huile de CBD !<\/strong><br \/>\nCommandez maintenant &amp; d\u00e9couvrez <strong>l&rsquo;huile de CBD<\/strong> pure <strong>de Suisse<\/strong> - qualit\u00e9 bio &amp; extraction douce !<\/p>\n<h2><strong>En d\u00e9couvrir davantage : Autres gouttes de CBD<\/strong><\/h2>\n<p>\u27a1\ufe0f Vous voulez une autre concentration ? Regardez notre <a href=\"https:\/\/www.herbadiberna.ch\/produkt\/6-full-spectrum-bio-cbd-hanfoel\/\">huile de CBD 6%<\/a>!<br \/>\n\u27a1\ufe0f D\u00e9couvrez \u00e9galement notre <a href=\"https:\/\/www.herbadiberna.ch\/produkt\/40-fullspectrum-bio-cbd-hanfoel\/\">huile de CBD 40%<\/a> pour un effet plus puissant.<br \/>\n<a href=\"https:\/\/www.herbadiberna.ch\/fr\/huile-de-cbd\/\">\u27a1\ufe0f En savoir plus<\/a><\/p>\n<\/div>\n<\/div>\n<\/div>\n<\/div>\n","protected":false},"excerpt":{"rendered":"<p>Commandez d\u00e8s maintenant de l&rsquo;huile de chanvre CBD 12% Full-Spectrum avec de l&rsquo;huile de tournesol biologique comme base. 100 % naturelle, extraite au CO\u2082 &amp; sans additifs. Parfait pour une utilisation quotidienne !    <strong>Command\u00e9 jusqu&rsquo;\u00e0 15:00, livr\u00e9 demain \u2713 Port pay\u00e9 \u00e0 partir de 80 CHF \u2713<\/strong><\/p>\n","protected":false},"featured_media":58425,"comment_status":"open","ping_status":"closed","template":"","meta":{"inline_featured_image":false},"product_brand":[],"product_cat":[353,354],"product_tag":[],"class_list":{"0":"post-12532","1":"product","2":"type-product","3":"status-publish","4":"has-post-thumbnail","6":"product_cat-huile-de-cbd","7":"product_cat-huile-fullspectrum","8":"pif-has-gallery","10":"first","11":"instock","12":"taxable","13":"shipping-taxable","14":"purchasable","15":"product-type-simple"},"_links":{"self":[{"href":"https:\/\/www.herbadiberna.ch\/fr\/wp-json\/wp\/v2\/product\/12532","targetHints":{"allow":["GET"]}}],"collection":[{"href":"https:\/\/www.herbadiberna.ch\/fr\/wp-json\/wp\/v2\/product"}],"about":[{"href":"https:\/\/www.herbadiberna.ch\/fr\/wp-json\/wp\/v2\/types\/product"}],"replies":[{"embeddable":true,"href":"https:\/\/www.herbadiberna.ch\/fr\/wp-json\/wp\/v2\/comments?post=12532"}],"wp:featuredmedia":[{"embeddable":true,"href":"https:\/\/www.herbadiberna.ch\/fr\/wp-json\/wp\/v2\/media\/58425"}],"wp:attachment":[{"href":"https:\/\/www.herbadiberna.ch\/fr\/wp-json\/wp\/v2\/media?parent=12532"}],"wp:term":[{"taxonomy":"product_brand","embeddable":true,"href":"https:\/\/www.herbadiberna.ch\/fr\/wp-json\/wp\/v2\/product_brand?post=12532"},{"taxonomy":"product_cat","embeddable":true,"href":"https:\/\/www.herbadiberna.ch\/fr\/wp-json\/wp\/v2\/product_cat?post=12532"},{"taxonomy":"product_tag","embeddable":true,"href":"https:\/\/www.herbadiberna.ch\/fr\/wp-json\/wp\/v2\/product_tag?post=12532"}],"curies":[{"name":"wp","href":"https:\/\/api.w.org\/{rel}","templated":true}]}}