{"id":12519,"date":"2020-04-18T22:50:58","date_gmt":"2020-04-18T20:50:58","guid":{"rendered":"https:\/\/www.herbadiberna.ch\/sirop-dete-en-bouteille\/"},"modified":"2026-04-17T14:34:52","modified_gmt":"2026-04-17T13:34:52","slug":"sirop-dete-7dl","status":"publish","type":"product","link":"https:\/\/www.herbadiberna.ch\/fr\/produit\/sirop-dete-7dl\/","title":{"rendered":"Sirop d&rsquo;\u00e9t\u00e9 en bouteille"},"content":{"rendered":"<p>Le long chemin parcouru depuis l&rsquo;id\u00e9e jusqu&rsquo;au produit fini, en passant par de nombreuses d\u00e9gustations, en a valu la peine : le sirop d&rsquo;\u00e9t\u00e9 de Herba di Berna, avec son ar\u00f4me intense d&rsquo;agrumes et sa note douce mais reconnaissable de chanvre, a un go\u00fbt merveilleusement \u00e9quilibr\u00e9 et rafra\u00eechissant. Pour le sirop, nous utilisons du chanvre certifi\u00e9 par l&rsquo;UE, s\u00e9lectionn\u00e9 \u00e0 la main afin d&rsquo;obtenir un maximum de saveur.<\/p>\n<p>Pr\u00e9paration : m\u00e9langer 1 dl de sirop avec 1 l d&rsquo;eau et consommer frais.<span class=\"Apple-converted-space\"> <\/span><\/p>\n<p>Disponible en bouteille de 7 dl, 2 dl ou en carton de 5 litres.<\/p>\n","protected":false},"excerpt":{"rendered":"<p>Sirop de chanvre rafra\u00eechissant<\/p>\n","protected":false},"featured_media":10419,"comment_status":"open","ping_status":"closed","template":"","meta":{"inline_featured_image":false},"product_brand":[],"product_cat":[346,350],"product_tag":[],"class_list":{"0":"post-12519","1":"product","2":"type-product","3":"status-publish","4":"has-post-thumbnail","6":"product_cat-aliments-chanvre","7":"product_cat-sirop","8":"product_shipping_class-postpac-verre","9":"pif-has-gallery","11":"first","12":"outofstock","13":"taxable","14":"shipping-taxable","15":"purchasable","16":"product-type-variable","17":"rtwpvs-product"},"_links":{"self":[{"href":"https:\/\/www.herbadiberna.ch\/fr\/wp-json\/wp\/v2\/product\/12519","targetHints":{"allow":["GET"]}}],"collection":[{"href":"https:\/\/www.herbadiberna.ch\/fr\/wp-json\/wp\/v2\/product"}],"about":[{"href":"https:\/\/www.herbadiberna.ch\/fr\/wp-json\/wp\/v2\/types\/product"}],"replies":[{"embeddable":true,"href":"https:\/\/www.herbadiberna.ch\/fr\/wp-json\/wp\/v2\/comments?post=12519"}],"wp:featuredmedia":[{"embeddable":true,"href":"https:\/\/www.herbadiberna.ch\/fr\/wp-json\/wp\/v2\/media\/10419"}],"wp:attachment":[{"href":"https:\/\/www.herbadiberna.ch\/fr\/wp-json\/wp\/v2\/media?parent=12519"}],"wp:term":[{"taxonomy":"product_brand","embeddable":true,"href":"https:\/\/www.herbadiberna.ch\/fr\/wp-json\/wp\/v2\/product_brand?post=12519"},{"taxonomy":"product_cat","embeddable":true,"href":"https:\/\/www.herbadiberna.ch\/fr\/wp-json\/wp\/v2\/product_cat?post=12519"},{"taxonomy":"product_tag","embeddable":true,"href":"https:\/\/www.herbadiberna.ch\/fr\/wp-json\/wp\/v2\/product_tag?post=12519"}],"curies":[{"name":"wp","href":"https:\/\/api.w.org\/{rel}","templated":true}]}}