{"id":12497,"date":"2020-04-18T22:50:52","date_gmt":"2020-04-18T20:50:52","guid":{"rendered":"https:\/\/www.herbadiberna.ch\/cannatonic-indoor\/"},"modified":"2026-04-27T04:03:20","modified_gmt":"2026-04-27T03:03:20","slug":"cannatonic-indoor","status":"publish","type":"product","link":"https:\/\/www.herbadiberna.ch\/fr\/produit\/cannatonic-indoor\/","title":{"rendered":"Cannatonic Indoor"},"content":{"rendered":"<div class=\"flex max-w-full flex-col flex-grow\">\n<div class=\"min-h-8 text-message flex w-full flex-col items-end gap-2 whitespace-normal break-words text-start [.text-message+&amp;]:mt-5\" dir=\"auto\">\n<div class=\"flex w-full flex-col gap-1 empty:hidden first:pt-[3px]\">\n<div class=\"markdown prose w-full break-words dark:prose-invert light\">\n<h2><strong>Acheter Cannatonic Indoor - Douceur de la mangue et fra\u00eecheur des agrumes<\/strong><\/h2>\n<p>Vous envisagez d&rsquo;<strong>acheter Cannatonic Indoor<\/strong>? Ou \u00eates-vous \u00e0 la recherche d&rsquo;une vari\u00e9t\u00e9 qui a \u00e9t\u00e9 perfectionn\u00e9e par des ann\u00e9es de culture pour devenir un standard absolu de qualit\u00e9 sup\u00e9rieure ?<br \/>\nNotre <strong>Cannatonic Indoor<\/strong> est bien plus qu&rsquo;une simple floraison. Elle est le r\u00e9sultat de notre passion pour les plantes vigoureuses et exigeantes. Sur la sc\u00e8ne suisse, cette vari\u00e9t\u00e9 est consid\u00e9r\u00e9e comme l&rsquo;incarnation d&rsquo;un CBD fruit\u00e9 de premi\u00e8re classe.   <\/p>\n<p>En outre, cette vari\u00e9t\u00e9 a inspir\u00e9 notre \u00e9quipe d\u00e8s le d\u00e9but. Nous avons donc affin\u00e9 chaque m\u00e9thode de culture pour que les grands buds compacts atteignent leur plein potentiel. Ils sont id\u00e9aux pour une consommation pure, d\u00e9veloppent un bouquet complexe dans la <strong>vape<\/strong> et enrichissent toute collection de CBD sophistiqu\u00e9e.<br \/>\nCette exp\u00e9rience ressemble \u00e0 un petit d\u00e9jeuner tropical. Nous utilisons des conditions contr\u00f4l\u00e9es en int\u00e9rieur pour garantir une formation maximale de r\u00e9sine. Le r\u00e9sultat est une <strong>exp\u00e9rience d&rsquo;achat de CBD en Suisse<\/strong> dont le parfum est si doux et fruit\u00e9 que les connaisseurs l&rsquo;identifient imm\u00e9diatement comme un v\u00e9ritable Cannatonic.    <\/p>\n<h2><strong>Le profil aromatique : la douceur de la mangue rencontre le p\u00e9tillant des agrumes<\/strong><\/h2>\n<p>Chez nous, vous achetez la meilleure qualit\u00e9 et un concentr\u00e9 de terp\u00e8nes. Ces fleurs sont synonymes d&rsquo;une interaction harmonieuse qui ravira aussi bien les d\u00e9butants que les professionnels. <\/p>\n<ul>\n<li><strong>L&rsquo;ar\u00f4me :<\/strong> un vrai r\u00e9gal pour les gourmets. Des notes dominantes de mangue m\u00fbre se m\u00ealent \u00e0 des ar\u00f4mes p\u00e9tillants d&rsquo;agrumes. Ainsi, le go\u00fbt est riche, fruit\u00e9 et pr\u00e9serv\u00e9 jusqu&rsquo;\u00e0 la derni\u00e8re bouff\u00e9e gr\u00e2ce \u00e0 une fermentation douce.  <\/li>\n<li><strong>La structure :<\/strong> vous obtiendrez des fleurs grandes, denses et extr\u00eamement compactes. Gr\u00e2ce \u00e0 la forte teneur en r\u00e9sine, les buds brillent litt\u00e9ralement et montrent la puissance qui se cache dans cette g\u00e9n\u00e9tique. <\/li>\n<\/ul>\n<h2><strong>Caract\u00e9ristiques du produit : Pourquoi acheter Cannatonic Indoor ?<\/strong><\/h2>\n<ul>\n<li><strong>Culture perfectionn\u00e9e :<\/strong> nous cultivons cette vari\u00e9t\u00e9 avec une pr\u00e9dilection particuli\u00e8re et avons optimis\u00e9 les m\u00e9thodes de culture en int\u00e9rieur pendant des ann\u00e9es pour ce profil sp\u00e9cifique.<\/li>\n<li><strong>Qualit\u00e9 s\u00e9lectionn\u00e9e \u00e0 la main :<\/strong> chaque fleur est soigneusement trait\u00e9e et contr\u00f4l\u00e9e \u00e0 la main afin de pr\u00e9server la structure r\u00e9sineuse d\u00e9licate des grands buds.<\/li>\n<li><strong>Puret\u00e9 maximale :<\/strong> exempt de pesticides et d&rsquo;herbicides, produit de mani\u00e8re durable et 100 % Swiss Made - pour une exp\u00e9rience s\u00fbre et authentique.<\/li>\n<li><strong>Fermentation optimale :<\/strong> le s\u00e9chage lent garantit que les terp\u00e8nes volatils ne sont pas perdus, mais qu&rsquo;ils se condensent en un ensemble intense.<\/li>\n<\/ul>\n<h2><strong>Acheter Cannatonic Indoor - Un plaisir unique en provenance de Suisse<\/strong><\/h2>\n<p>Nous sommes fiers d&rsquo;offrir cette plante puissante dans sa forme la plus pure. C&rsquo;est la combinaison de l&rsquo;expertise et de la patience qui rend notre Cannatonic si sp\u00e9ciale. Ce qui est techniquement d\u00e9crit comme une \u00ab\u00a0culture contr\u00f4l\u00e9e en int\u00e9rieur\u00a0\u00bb est chez nous un artisanat v\u00e9cu.<br \/>\nEn cons\u00e9quence, vous obtenez un produit qui ne fait aucun compromis en termes de structure et d&rsquo;ar\u00f4me. C&rsquo;est donc la mani\u00e8re intelligente de profiter d&rsquo;<strong>un CBD de qualit\u00e9 sup\u00e9rieure<\/strong> si vous recherchez le meilleur de la culture suisse de CBD.   <\/p>\n<h2><strong>T\u00e9moignages de clients sur Cannatonic Indoor<\/strong><\/h2>\n<p>Le plus souvent, nos clients d\u00e9crivent l&rsquo;exp\u00e9rience comme <strong>\u00ab\u00a0intens\u00e9ment fruit\u00e9e et incroyablement douce\u00a0\u00bb<\/strong>. La structure dense et r\u00e9sineuse des fleurs est particuli\u00e8rement lou\u00e9e \u00e0 maintes reprises. Beaucoup appr\u00e9cient l&rsquo;ar\u00f4me harmonieux qui fait de Cannatonic Indoor leur favorite incontest\u00e9e pour des moments de plaisir.  <\/p>\n<h2><strong>Achetez Cannatonic Indoor maintenant &amp; d\u00e9couvrez la fra\u00eecheur tropicale !<\/strong><\/h2>\n<p>\u00cates-vous pr\u00eat pour le l\u00e9gendaire m\u00e9lange mangue-agrumes de qualit\u00e9 sup\u00e9rieure ?<br \/>\nCommandez d\u00e8s maintenant et obtenez notre chef-d&rsquo;\u0153uvre de production suisse en int\u00e9rieur.<\/p>\n<h2><strong>Des compl\u00e9ments parfaits pour votre style de vie<\/strong><\/h2>\n<p>\u27a1\ufe0f  <a href=\"https:\/\/www.herbadiberna.ch\/cbd-trim-kaufen\/\">D\u00e9couvrir CBD Trim<\/a> (L&rsquo;alternative \u00e9conomique)<br \/>\n\u27a1\ufe0f  <a href=\"https:\/\/www.herbadiberna.ch\/fr\/aliments-chanvre\/\">Aliments \u00e0 base de chanvre<\/a> (Pour une consommation saine)<br \/>\n\u27a1\ufe0f  <a href=\"https:\/\/www.herbadiberna.ch\/fr\/accessoires-cbd\/\">Acheter des accessoires CBD<\/a> (Vapes, Papes &amp; plus)<\/p>\n<\/div>\n<\/div>\n<\/div>\n<\/div>\n","protected":false},"excerpt":{"rendered":"<p data-path-to-node=\"10\">Acheter Cannatonic Indoor chez Herba di Berna. L&rsquo;ar\u00f4me l\u00e9gendaire de mangue et d&rsquo;agrumes rencontre de grandes fleurs compactes de premi\u00e8re qualit\u00e9. Notre favori de l&rsquo;\u00e9quipe, issu d&rsquo;une culture suisse en int\u00e9rieur perfectionn\u00e9e, pour les plus hautes exigences.    <strong>Command\u00e9 jusqu&rsquo;\u00e0 15:00, livr\u00e9 demain \u2713 Port pay\u00e9 \u00e0 partir de 80 CHF \u2713<\/strong><\/p>\n","protected":false},"featured_media":78730,"comment_status":"open","ping_status":"closed","template":"","meta":{"inline_featured_image":false},"product_brand":[],"product_cat":[355,357],"product_tag":[],"class_list":{"0":"post-12497","1":"product","2":"type-product","3":"status-publish","4":"has-post-thumbnail","6":"product_cat-fleurs-de-cbd","7":"product_cat-interieur","8":"pif-has-gallery","10":"first","11":"instock","12":"taxable","13":"shipping-taxable","14":"purchasable","15":"product-type-variable","16":"has-default-attributes","17":"rtwpvs-product"},"_links":{"self":[{"href":"https:\/\/www.herbadiberna.ch\/fr\/wp-json\/wp\/v2\/product\/12497","targetHints":{"allow":["GET"]}}],"collection":[{"href":"https:\/\/www.herbadiberna.ch\/fr\/wp-json\/wp\/v2\/product"}],"about":[{"href":"https:\/\/www.herbadiberna.ch\/fr\/wp-json\/wp\/v2\/types\/product"}],"replies":[{"embeddable":true,"href":"https:\/\/www.herbadiberna.ch\/fr\/wp-json\/wp\/v2\/comments?post=12497"}],"wp:featuredmedia":[{"embeddable":true,"href":"https:\/\/www.herbadiberna.ch\/fr\/wp-json\/wp\/v2\/media\/78730"}],"wp:attachment":[{"href":"https:\/\/www.herbadiberna.ch\/fr\/wp-json\/wp\/v2\/media?parent=12497"}],"wp:term":[{"taxonomy":"product_brand","embeddable":true,"href":"https:\/\/www.herbadiberna.ch\/fr\/wp-json\/wp\/v2\/product_brand?post=12497"},{"taxonomy":"product_cat","embeddable":true,"href":"https:\/\/www.herbadiberna.ch\/fr\/wp-json\/wp\/v2\/product_cat?post=12497"},{"taxonomy":"product_tag","embeddable":true,"href":"https:\/\/www.herbadiberna.ch\/fr\/wp-json\/wp\/v2\/product_tag?post=12497"}],"curies":[{"name":"wp","href":"https:\/\/api.w.org\/{rel}","templated":true}]}}