{"id":12487,"date":"2020-04-18T22:50:58","date_gmt":"2020-04-18T20:50:58","guid":{"rendered":"https:\/\/www.herbadiberna.ch\/sirop-dhiver-en-boite-5l\/"},"modified":"2026-04-17T15:46:29","modified_gmt":"2026-04-17T14:46:29","slug":"sirop-dhiver-5l","status":"publish","type":"product","link":"https:\/\/www.herbadiberna.ch\/fr\/produit\/sirop-dhiver-5l\/","title":{"rendered":"Sirop d&rsquo;hiver en bo\u00eete (5l)"},"content":{"rendered":"<p>Notre sirop d&rsquo;hiver au chanvre est affin\u00e9 avec du jus de pomme frais bio et de la cannelle. Il a un go\u00fbt merveilleusement rafra\u00eechissant lorsqu&rsquo;il est froid, il peut \u00eatre bu chaud comme un punch ou, avec une gorg\u00e9e de rhum ou de vodka, il est la boisson parfaite pour la saison froide. Pour le sirop, nous utilisons du chanvre certifi\u00e9 par l&rsquo;UE, s\u00e9lectionn\u00e9 \u00e0 la main afin d&rsquo;obtenir un maximum de saveur.<\/p>\n<p>Pr\u00e9paration : m\u00e9langer 1 dl de sirop avec 1 l d&rsquo;eau et consommer frais ou chaud.<\/p>\n<p>Disponible en bouteille de 7 dl, 2 dl ou en carton de 5 litres.<\/p>\n","protected":false},"excerpt":{"rendered":"<p>Sirop de chanvre au jus de pomme bio et \u00e0 la cannelle<\/p>\n","protected":false},"featured_media":10290,"comment_status":"open","ping_status":"closed","template":"","meta":{"inline_featured_image":false},"product_brand":[],"product_cat":[346,350],"product_tag":[],"class_list":{"0":"post-12487","1":"product","2":"type-product","3":"status-publish","4":"has-post-thumbnail","6":"product_cat-aliments-chanvre","7":"product_cat-sirop","8":"pif-has-gallery","10":"first","11":"outofstock","12":"taxable","13":"shipping-taxable","14":"purchasable","15":"product-type-simple"},"_links":{"self":[{"href":"https:\/\/www.herbadiberna.ch\/fr\/wp-json\/wp\/v2\/product\/12487","targetHints":{"allow":["GET"]}}],"collection":[{"href":"https:\/\/www.herbadiberna.ch\/fr\/wp-json\/wp\/v2\/product"}],"about":[{"href":"https:\/\/www.herbadiberna.ch\/fr\/wp-json\/wp\/v2\/types\/product"}],"replies":[{"embeddable":true,"href":"https:\/\/www.herbadiberna.ch\/fr\/wp-json\/wp\/v2\/comments?post=12487"}],"wp:featuredmedia":[{"embeddable":true,"href":"https:\/\/www.herbadiberna.ch\/fr\/wp-json\/wp\/v2\/media\/10290"}],"wp:attachment":[{"href":"https:\/\/www.herbadiberna.ch\/fr\/wp-json\/wp\/v2\/media?parent=12487"}],"wp:term":[{"taxonomy":"product_brand","embeddable":true,"href":"https:\/\/www.herbadiberna.ch\/fr\/wp-json\/wp\/v2\/product_brand?post=12487"},{"taxonomy":"product_cat","embeddable":true,"href":"https:\/\/www.herbadiberna.ch\/fr\/wp-json\/wp\/v2\/product_cat?post=12487"},{"taxonomy":"product_tag","embeddable":true,"href":"https:\/\/www.herbadiberna.ch\/fr\/wp-json\/wp\/v2\/product_tag?post=12487"}],"curies":[{"name":"wp","href":"https:\/\/api.w.org\/{rel}","templated":true}]}}