{"id":77362,"date":"2026-01-15T15:49:11","date_gmt":"2026-01-15T14:49:11","guid":{"rendered":"https:\/\/www.herbadiberna.ch\/?page_id=77362"},"modified":"2026-01-16T13:00:29","modified_gmt":"2026-01-16T12:00:29","slug":"cbd-vape-suisse-votre-guide-sur-les-vaporisateurs-de-cbd-leur-utilisation-et-leurs-effets","status":"publish","type":"page","link":"https:\/\/www.herbadiberna.ch\/fr\/cbd-vape-suisse-votre-guide-sur-les-vaporisateurs-de-cbd-leur-utilisation-et-leurs-effets\/","title":{"rendered":"Accessoires CBD Suisse"},"content":{"rendered":"\n<h2 class=\"wp-block-heading has-text-align-center has-huge-font-size\"><strong><strong><strong><strong><strong><strong>Acheter des accessoires CBD<\/strong> de haute qualit\u00e9 - D\u00e9finition et avantages<\/strong><\/strong><\/strong><\/strong><\/strong><\/h2>\n\n<div class=\"wp-block-media-text is-stacked-on-mobile\"><figure class=\"wp-block-media-text__media\"><img loading=\"lazy\" decoding=\"async\" width=\"1024\" height=\"1024\" src=\"https:\/\/www.herbadiberna.ch\/wp-content\/uploads\/\/CBD_zubehoer_kaufen_Herba-di-Berna-2-1024x1024.jpg\" alt=\"Pr\u00e9sentation raffin\u00e9e d&#039;accessoires professionnels pour le CBD sur une table en bois : un pr\u00e9sentoir avec des papiers Gizeh, OCB et Raw, un bocal rempli de filtres \u00e0 charbon actif Purize et Medusa, ainsi qu&#039;une collection de briquets Clipper, \u00e9clair\u00e9s par une lampe classique en laiton.\" class=\"wp-image-77421 size-full\" srcset=\"https:\/\/www.herbadiberna.ch\/wp-content\/uploads\/CBD_zubehoer_kaufen_Herba-di-Berna-2-1024x1024.jpg 1024w, https:\/\/www.herbadiberna.ch\/wp-content\/uploads\/CBD_zubehoer_kaufen_Herba-di-Berna-2-300x300.jpg 300w, https:\/\/www.herbadiberna.ch\/wp-content\/uploads\/CBD_zubehoer_kaufen_Herba-di-Berna-2-150x150.jpg 150w, https:\/\/www.herbadiberna.ch\/wp-content\/uploads\/CBD_zubehoer_kaufen_Herba-di-Berna-2-768x768.jpg 768w, https:\/\/www.herbadiberna.ch\/wp-content\/uploads\/CBD_zubehoer_kaufen_Herba-di-Berna-2-324x324.jpg 324w, https:\/\/www.herbadiberna.ch\/wp-content\/uploads\/CBD_zubehoer_kaufen_Herba-di-Berna-2-416x416.jpg 416w, https:\/\/www.herbadiberna.ch\/wp-content\/uploads\/CBD_zubehoer_kaufen_Herba-di-Berna-2-100x100.jpg 100w, https:\/\/www.herbadiberna.ch\/wp-content\/uploads\/CBD_zubehoer_kaufen_Herba-di-Berna-2.jpg 1080w\" sizes=\"auto, (max-width: 1024px) 100vw, 1024px\" \/><\/figure><div class=\"wp-block-media-text__content\">\n<p>Chez Herba di Berna, nous entendons par accessoires CBD tous les outils n\u00e9cessaires \u00e0 la pr\u00e9paration, \u00e0 la consommation et au stockage du CBD. De nombreux clients qui souhaitent <strong>acheter des accessoires CBD<\/strong> en ligne recherchent un headshop classique. Cependant, nous nous consid\u00e9rons comme un magasin sp\u00e9cialis\u00e9 dans le chanvre. Nous proposons certes des produits classiques, de Medusa \u00e0 Clipper, mais nous nous concentrons strictement sur la qualit\u00e9 et la durabilit\u00e9.   <\/p>\n\n\n\n<p>Pourquoi est-ce important ? Un \u00e9quipement CBD de haute qualit\u00e9 fait la diff\u00e9rence. Il transforme un joint de weed construit \u00e0 la h\u00e2te en un v\u00e9ritable rituel. Que vous utilisiez nos <a href=\"https:\/\/www.herbadiberna.ch\/fr\/interieur\/\">fleurs d&rsquo;int\u00e9rieur<\/a> ou nos variantes <a href=\"https:\/\/www.herbadiberna.ch\/fr\/en-plein-air\/\">d&rsquo;ext\u00e9rieur<\/a>, si vous <strong>achetez<\/strong> le bon <strong>accessoire CBD<\/strong>, vous obtiendrez le meilleur de vos fleurs de CBD.   <\/p>\n<\/div><\/div>\n\n<div class=\"wp-block-media-text has-media-on-the-right is-stacked-on-mobile\"><div class=\"wp-block-media-text__content\">\n<h3 class=\"wp-block-heading has-normal-font-size\"><strong><strong><strong><strong>Recommandation de marque : Quels <strong>accessoires CBD<\/strong> les professionnels <strong>ach\u00e8tent-ils<\/strong>?<\/strong><\/strong><\/strong><\/strong><\/h3>\n\n\n\n<p>Nous misons sur des fabricants qui ont su s&rsquo;imposer par l&rsquo;innovation. Pour que vous trouviez exactement ce que vous cherchez, nous proposons les grands noms : <\/p>\n\n\n\n<p><strong>Gizeh &amp; OCB - Les classiques<\/strong> Gizeh et OCB sont leaders du march\u00e9 en Europe. En particulier, les <em><a href=\"https:\/\/www.herbadiberna.ch\/it\/produkt\/gizeh-black-king-size-slim-tips\/\">King Size Slim<\/a><\/em> Les variantes sont extr\u00eamement populaires. Elles br\u00fblent lentement et sont ultra-minces. C&rsquo;est le gage d&rsquo;une qualit\u00e9 fiable et du meilleur go\u00fbt.   <\/p>\n\n\n\n<p><strong>Raw - The Organic Way<\/strong> La marque culte des \u00c9tats-Unis est synonyme de plaisir naturel et de finition de qualit\u00e9. Les papiers Raw ne sont pas blanchis et sont v\u00e9g\u00e9taliens. Vous les reconnaissez \u00e0 leur couleur brun\u00e2tre. C&rsquo;est id\u00e9al pour les puristes sans produits chimiques.   <\/p>\n\n\n\n<p><strong><a href=\"https:\/\/www.herbadiberna.ch\/it\/prodotto\/medusafilters-100-sacchetti-mixed-edition\/\">Medusa <\/a>&amp; Purize - La r\u00e9volution des filtres<\/strong> Les filtres \u00e0 charbon actif sont devenus la norme. Des marques comme Medusa et Purize ont r\u00e9volutionn\u00e9 le march\u00e9. Ils filtrent les polluants plus efficacement que les tips en carton. De plus, ils refroidissent la fum\u00e9e sans bloquer les cannabino\u00efdes.<\/p>\n\n\n\n<p><strong><a href=\"https:\/\/www.herbadiberna.ch\/it\/prodotto\/gizeh-rainbow-filtro-attivo-6-mm-50-pezzi\/\">Clipper <\/a>- Plus qu&rsquo;un briquet<\/strong> Un Clipper est un objet culte. Il est robuste et rechargeable. Gr\u00e2ce \u00e0 la goupille d&rsquo;allumage amovible, vous avez \u00e9galement une aide au bourrage int\u00e9gr\u00e9e (\u00ab\u00a0Poker\u00a0\u00bb) \u00e0 port\u00e9e de main.<\/p>\n<\/div><figure class=\"wp-block-media-text__media\"><img loading=\"lazy\" decoding=\"async\" width=\"1024\" height=\"1024\" src=\"https:\/\/www.herbadiberna.ch\/wp-content\/uploads\/\/Welches-CBD-Zubehoer-Gizeh-OCB-Medus-1024x1024.jpg\" alt=\"Image de produit de diff\u00e9rents filtres \u00e0 charbon actif sur fond bleu : \u00e0 gauche, un sachet Gizeh Procell (brun\/or), au centre, des bo\u00eetes des \u00e9ditions Medusa Violet et Organic, \u00e0 droite, le sachet Gizeh Procell Prism color\u00e9. Au premier plan, des filtres Gizeh verts et arc-en-ciel en vrac. \" class=\"wp-image-77454 size-full\" srcset=\"https:\/\/www.herbadiberna.ch\/wp-content\/uploads\/Welches-CBD-Zubehoer-Gizeh-OCB-Medus-1024x1024.jpg 1024w, https:\/\/www.herbadiberna.ch\/wp-content\/uploads\/Welches-CBD-Zubehoer-Gizeh-OCB-Medus-300x300.jpg 300w, https:\/\/www.herbadiberna.ch\/wp-content\/uploads\/Welches-CBD-Zubehoer-Gizeh-OCB-Medus-150x150.jpg 150w, https:\/\/www.herbadiberna.ch\/wp-content\/uploads\/Welches-CBD-Zubehoer-Gizeh-OCB-Medus-768x768.jpg 768w, https:\/\/www.herbadiberna.ch\/wp-content\/uploads\/Welches-CBD-Zubehoer-Gizeh-OCB-Medus-324x324.jpg 324w, https:\/\/www.herbadiberna.ch\/wp-content\/uploads\/Welches-CBD-Zubehoer-Gizeh-OCB-Medus-416x416.jpg 416w, https:\/\/www.herbadiberna.ch\/wp-content\/uploads\/Welches-CBD-Zubehoer-Gizeh-OCB-Medus-100x100.jpg 100w, https:\/\/www.herbadiberna.ch\/wp-content\/uploads\/Welches-CBD-Zubehoer-Gizeh-OCB-Medus.jpg 1080w\" sizes=\"auto, (max-width: 1024px) 100vw, 1024px\" \/><\/figure><\/div>\n\n<h3 class=\"wp-block-heading has-text-align-center has-large-font-size\"><strong><strong>Que rechercher lors de l&rsquo;<strong>achat d&rsquo;accessoires CBD<\/strong>?<\/strong><\/strong><\/h3>\n\n<p>L&rsquo;offre d&rsquo;accessoires pour le CBD est \u00e9norme. D\u00e9couvrez ici quels outils sont vraiment utiles pour votre quotidien. <\/p>\n\n<div class=\"wp-block-media-text is-stacked-on-mobile\"><figure class=\"wp-block-media-text__media\"><img loading=\"lazy\" decoding=\"async\" width=\"1024\" height=\"1024\" src=\"https:\/\/www.herbadiberna.ch\/wp-content\/uploads\/\/Welches-Cannabis-zubehor-soll-ich-kaufen-1-1024x1024.jpg\" alt=\"Image conceptuelle pour le choix des accessoires CBD : un grand point d&#039;interrogation de fum\u00e9e verte au-dessus d&#039;une feuille de cannabis indique par des fl\u00e8ches diff\u00e9rentes options : Le papier de chanvre brut, le papier de riz OCB, un grinder en 2 ou 4 parties, ainsi qu&#039;une comparaison entre de simples tips en papier et un bocal avec des filtres \u00e0 charbon actif.\" class=\"wp-image-77439 size-full\" srcset=\"https:\/\/www.herbadiberna.ch\/wp-content\/uploads\/Welches-Cannabis-zubehor-soll-ich-kaufen-1-1024x1024.jpg 1024w, https:\/\/www.herbadiberna.ch\/wp-content\/uploads\/Welches-Cannabis-zubehor-soll-ich-kaufen-1-300x300.jpg 300w, https:\/\/www.herbadiberna.ch\/wp-content\/uploads\/Welches-Cannabis-zubehor-soll-ich-kaufen-1-150x150.jpg 150w, https:\/\/www.herbadiberna.ch\/wp-content\/uploads\/Welches-Cannabis-zubehor-soll-ich-kaufen-1-768x768.jpg 768w, https:\/\/www.herbadiberna.ch\/wp-content\/uploads\/Welches-Cannabis-zubehor-soll-ich-kaufen-1-324x324.jpg 324w, https:\/\/www.herbadiberna.ch\/wp-content\/uploads\/Welches-Cannabis-zubehor-soll-ich-kaufen-1-416x416.jpg 416w, https:\/\/www.herbadiberna.ch\/wp-content\/uploads\/Welches-Cannabis-zubehor-soll-ich-kaufen-1-100x100.jpg 100w, https:\/\/www.herbadiberna.ch\/wp-content\/uploads\/Welches-Cannabis-zubehor-soll-ich-kaufen-1.jpg 1080w\" sizes=\"auto, (max-width: 1024px) 100vw, 1024px\" \/><\/figure><div class=\"wp-block-media-text__content\">\n<h4 class=\"wp-block-heading has-normal-font-size\">Quel est le papier qui me convient le mieux ?<\/h4>\n\n\n\n<ul class=\"wp-block-list\">\n<li><strong>Papier de chanvre (Hemp) :<\/strong> Ces papiers (par exemple de <a href=\"https:\/\/www.herbadiberna.ch\/it\/prodotto\/rotoli-grezzi-classici-formaggio\/\">Raw<\/a>) sont compos\u00e9s de fibres de chanvre. Ils sont plus maniables et ont un l\u00e9ger go\u00fbt de terre.  <\/li>\n\n\n\n<li><strong>Papier de riz (rice) :<\/strong> Des marques comme OCB et <a href=\"https:\/\/www.herbadiberna.ch\/it\/produkt\/gizeh-black-king-size-slim-tips\/\">Gizeh <\/a>utilisent souvent du riz ou du lin. Ce papier est extr\u00eamement fin (\u00ab\u00a0Ultra Thin\u00a0\u00bb) et br\u00fble presque sans laisser de traces.<\/li>\n<\/ul>\n\n\n\n<h4 class=\"wp-block-heading has-normal-font-size\">Grinder &amp; Crusher (moulin \u00e0 herbes)<\/h4>\n\n\n\n<p>Un <a href=\"https:\/\/www.herbadiberna.ch\/it\/prodotto\/chruetermuehli-herba-di-berna-grossa\/\">grinder <\/a>- souvent appel\u00e9 <strong>broyeur<\/strong>, moulin \u00e0 chanvre ou moulin \u00e0 herbes - est la pi\u00e8ce ma\u00eetresse. Il broie les fleurs de mani\u00e8re \u00ab\u00a0pelucheuse\u00a0\u00bb.<\/p>\n\n\n\n<ul class=\"wp-block-list\">\n<li><strong><a href=\"https:\/\/www.herbadiberna.ch\/it\/prodotto\/chruetermuehli-nero-foglia-steely-dan-stainless-acciaio-2-pezzi\/\">Grinder (broyeur)en 2 parties<\/a>:<\/strong> Le classique compact sans fioritures. Il est id\u00e9al pour les d\u00e9placements, car il est tr\u00e8s plat et robuste.<\/li>\n\n\n\n<li><strong><a href=\"https:\/\/www.herbadiberna.ch\/it\/prodotto\/chruetermuehli-herba-di-berna-grossa\/\">Grinder 4 pi\u00e8ces<\/a>:<\/strong> notre recommandation pour la maison. Tamisez le pollen fin (kief) dans le compartiment inf\u00e9rieur.<\/li>\n<\/ul>\n\n\n\n<h4 class=\"wp-block-heading has-normal-font-size\">Filtre \u00e0 charbon actif vs. filtre en papier<\/h4>\n\n\n\n<p>Les tips classiques en papier ne filtrent pratiquement pas. Les filtres \u00e0 charbon actif<a href=\"https:\/\/www.herbadiberna.ch\/it\/prodotto\/medusa-50s-bag-viola\/\">(Medusa<\/a>, Purize, <a href=\"https:\/\/www.herbadiberna.ch\/it\/prodotto\/gizeh-prisma-procell-arcobaleno\/\">Gizeh<\/a>, OCB) utilisent des pellets de charbon actif. Ceux-ci fixent le goudron et rendent la fum\u00e9e douce et moins charg\u00e9e en produits chimiques. C&rsquo;est un bienfait pour les poumons.   <\/p>\n<\/div><\/div>\n\n<div class=\"wp-block-media-text has-media-on-the-right is-stacked-on-mobile\"><div class=\"wp-block-media-text__content\">\n<h3 class=\"wp-block-heading\"><strong>Instructions : le rituel parfait en 4 \u00e9tapes pour obtenir un joint<\/strong><\/h3>\n\n\n\n<p>Comment tirer le meilleur parti de vos accessoires CBD ? Vous avez votre accessoire \u00e0 port\u00e9e de main ? Voici un petit guide pour obtenir un r\u00e9sultat optimal.  <\/p>\n\n\n\n<ol start=\"1\" class=\"wp-block-list\">\n<li><strong>Pr\u00e9paration :<\/strong> Pr\u00e9parez le plateau, les feuilles et les filtres. Retirez les grosses tiges de la fleur. <\/li>\n\n\n\n<li><strong>Mouliner :<\/strong> Tournez le broyeur jusqu&rsquo;\u00e0 ce que vous ne sentiez presque plus de r\u00e9sistance. Une mouture \u00ab\u00a0duveteuse\u00a0\u00bb permet d&rsquo;obtenir le meilleur courant d&rsquo;air. <\/li>\n\n\n\n<li><strong>Filtrer :<\/strong> Utilisez un filtre \u00e0 charbon actif. Il doit \u00eatre bien fix\u00e9 afin d&rsquo;\u00e9viter tout \u00ab\u00a0air parasite\u00a0\u00bb. <\/li>\n\n\n\n<li><strong>Finition :<\/strong> Ne tournez pas trop fort ni trop l\u00e2chement. Utilisez la goupille d&rsquo;allumage de votre clippeuse pour le rebouchage si n\u00e9cessaire. <\/li>\n<\/ol>\n<\/div><figure class=\"wp-block-media-text__media\"><img loading=\"lazy\" decoding=\"async\" width=\"1024\" height=\"1024\" src=\"https:\/\/www.herbadiberna.ch\/wp-content\/uploads\/\/CBD_Zubehoer-benutzung-herba-di-berna-1024x1024.jpg\" alt=\"Une s\u00e9quence de quatre images pour vous guider : l&#039;image 1 montre la pr\u00e9paration avec le plateau et les papiers bruts ; l&#039;image 2 montre le broyage des fleurs dans le grinder ; l&#039;image 3 montre le vissage d&#039;un filtre \u00e0 charbon actif Purize ; l&#039;image 4 montre le joint fini \u00e0 c\u00f4t\u00e9 d&#039;un briquet Clipper avec un outil de bourrage.\" class=\"wp-image-77410 size-full\" srcset=\"https:\/\/www.herbadiberna.ch\/wp-content\/uploads\/CBD_Zubehoer-benutzung-herba-di-berna-1024x1024.jpg 1024w, https:\/\/www.herbadiberna.ch\/wp-content\/uploads\/CBD_Zubehoer-benutzung-herba-di-berna-300x300.jpg 300w, https:\/\/www.herbadiberna.ch\/wp-content\/uploads\/CBD_Zubehoer-benutzung-herba-di-berna-150x150.jpg 150w, https:\/\/www.herbadiberna.ch\/wp-content\/uploads\/CBD_Zubehoer-benutzung-herba-di-berna-768x768.jpg 768w, https:\/\/www.herbadiberna.ch\/wp-content\/uploads\/CBD_Zubehoer-benutzung-herba-di-berna-324x324.jpg 324w, https:\/\/www.herbadiberna.ch\/wp-content\/uploads\/CBD_Zubehoer-benutzung-herba-di-berna-416x416.jpg 416w, https:\/\/www.herbadiberna.ch\/wp-content\/uploads\/CBD_Zubehoer-benutzung-herba-di-berna-100x100.jpg 100w, https:\/\/www.herbadiberna.ch\/wp-content\/uploads\/CBD_Zubehoer-benutzung-herba-di-berna.jpg 1080w\" sizes=\"auto, (max-width: 1024px) 100vw, 1024px\" \/><\/figure><\/div>\n\n<h2 class=\"wp-block-heading has-text-align-center has-huge-font-size\"><strong>Questions fr\u00e9quentes sur nos accessoires pour le cannabis<\/strong><\/h2>\n\n<div class=\"wp-block-columns alignfull is-layout-flex wp-container-core-columns-is-layout-28f84493 wp-block-columns-is-layout-flex\">\n<div class=\"wp-block-column is-layout-flow wp-block-column-is-layout-flow\">\n<div class=\"wp-block-pb-accordion-item c-accordion__item js-accordion-item no-js\" data-initially-open=\"false\" data-click-to-close=\"true\" data-auto-close=\"true\" data-scroll=\"false\" data-scroll-offset=\"0\"><h3 id=\"at-773608\" class=\"c-accordion__title js-accordion-controller\" role=\"button\"><strong>Was unterscheidet Herba di Berna von einem klassischen Headshop?<\/strong><\/h3><div id=\"ac-773608\" class=\"c-accordion__content\">\n<p>Alors qu&rsquo;un headshop classique propose souvent un nombre incalculable d&rsquo;articles \u00e0 fumer, nous nous concentrons, en tant que magasin sp\u00e9cialis\u00e9 dans le chanvre, sur une qualit\u00e9 curat\u00e9e. Nous proposons des accessoires cibl\u00e9s, parfaitement adapt\u00e9s \u00e0 la consommation de produits CBD de qualit\u00e9 - de Gizeh \u00e0 Raw - et nous mettons l&rsquo;accent sur des conseils s\u00e9rieux plut\u00f4t que sur des clich\u00e9s. <\/p>\n<\/div><\/div>\n\n\n\n<div class=\"wp-block-pb-accordion-item c-accordion__item js-accordion-item no-js\" data-initially-open=\"false\" data-click-to-close=\"true\" data-auto-close=\"true\" data-scroll=\"false\" data-scroll-offset=\"0\"><h3 id=\"at-773609\" class=\"c-accordion__title js-accordion-controller\" role=\"button\"><strong>Warum sollte ich Aktivkohlefilter (Medusa\/Gizeh) nutzen?<\/strong><\/h3><div id=\"ac-773609\" class=\"c-accordion__content\">\n<p>Les filtres \u00e0 charbon actif poss\u00e8dent une structure de surface poreuse qui filtre une grande partie des substances nocives et des condensats de la fum\u00e9e. Cela permet d&rsquo;obtenir une exp\u00e9rience de tabagisme beaucoup plus fra\u00eeche et plus douce, qui sollicite moins les voies respiratoires que les filtres en papier traditionnels, qui servent uniquement \u00e0 ne pas avoir de r\u00e9sidus de tabac dans la bouche. <\/p>\n<\/div><\/div>\n\n\n\n<div class=\"wp-block-pb-accordion-item c-accordion__item js-accordion-item no-js\" data-initially-open=\"false\" data-click-to-close=\"true\" data-auto-close=\"true\" data-scroll=\"false\" data-scroll-offset=\"0\"><h3 id=\"at-7736010\" class=\"c-accordion__title js-accordion-controller\" role=\"button\"><strong>Warum brennt mein Joint schief ab (\u00ab\u00a0Sideburn\u00a0\u00bb)?<\/strong><\/h3><div id=\"ac-7736010\" class=\"c-accordion__content\">\n<p>Une combustion irr\u00e9guli\u00e8re est g\u00e9n\u00e9ralement due \u00e0 des fleurs qui n&rsquo;ont pas \u00e9t\u00e9 broy\u00e9es de mani\u00e8re uniforme ou \u00e0 un roulage trop l\u00e2che. Utilisez un bon broyeur pour obtenir un r\u00e9sultat \u00ab\u00a0duveteux\u00a0\u00bb et veillez \u00e0 remplir le paper (par exemple de Herba di Berna) de mani\u00e8re uniforme et \u00e0 le rouler sans trous d&rsquo;air. <\/p>\n<\/div><\/div>\n\n\n\n<div class=\"wp-block-pb-accordion-item c-accordion__item js-accordion-item no-js\" data-initially-open=\"false\" data-click-to-close=\"true\" data-auto-close=\"true\" data-scroll=\"false\" data-scroll-offset=\"0\"><h3 id=\"at-7736011\" class=\"c-accordion__title js-accordion-controller\" role=\"button\"><strong>Wie reinige ich meinen Grinder am besten?<\/strong><\/h3><div id=\"ac-7736011\" class=\"c-accordion__content\">\n<p>La meilleure fa\u00e7on de nettoyer les grinders coll\u00e9s est de les d\u00e9monter et de les faire tremper dans de l&rsquo;alcool \u00e0 haut degr\u00e9 (alcool isopropylique). Brossez ensuite les restes avec une vieille brosse \u00e0 dents et rincez le tout \u00e0 l&rsquo;eau chaude pour que le moulin fonctionne \u00e0 nouveau sans probl\u00e8me. <\/p>\n<\/div><\/div>\n<\/div>\n\n\n\n<div class=\"wp-block-column is-layout-flow wp-block-column-is-layout-flow\">\n<div class=\"wp-block-pb-accordion-item c-accordion__item js-accordion-item no-js\" data-initially-open=\"false\" data-click-to-close=\"true\" data-auto-close=\"true\" data-scroll=\"false\" data-scroll-offset=\"0\"><h3 id=\"at-7736012\" class=\"c-accordion__title js-accordion-controller\" role=\"button\"><strong>Welche Papers eignen sich am besten f\u00fcr CBD Bl\u00fcten?<\/strong><\/h3><div id=\"ac-7736012\" class=\"c-accordion__content\">\n<p>Nous recommandons des papiers non blanchis et extra fins comme ceux de Raw ou Gizeh, car ils sont presque neutres au niveau du go\u00fbt. Les papiers \u00e9pais peuvent masquer le go\u00fbt propre et d\u00e9licat de nos <a href=\"https:\/\/www.google.com\/search?q=https:\/\/www.herbadiberna.ch\/outdoor\/\" target=\"_blank\" rel=\"noreferrer noopener\">fleurs d<\/a> <a href=\"https:\/\/www.herbadiberna.ch\/fr\/interieur-fr\/\" target=\"_blank\" rel=\"noreferrer noopener\">&lsquo;int\u00e9rieur<\/a><br\/>- ou d&rsquo;ext\u00e9rieur et influencent n\u00e9gativement la combustion. <\/p>\n<\/div><\/div>\n\n\n\n<div class=\"wp-block-pb-accordion-item c-accordion__item js-accordion-item no-js\" data-initially-open=\"false\" data-click-to-close=\"true\" data-auto-close=\"true\" data-scroll=\"false\" data-scroll-offset=\"0\"><h3 id=\"at-7736013\" class=\"c-accordion__title js-accordion-controller\" role=\"button\"><strong>Welchen Grinder soll ich w\u00e4hlen: Metall oder Plastik?<\/strong><\/h3><div id=\"ac-7736013\" class=\"c-accordion__content\">\n<p>Nous conseillons clairement les grinders en m\u00e9tal ou en c\u00e9ramique, car ils sont beaucoup plus durables et ne laissent pas d&rsquo;abrasion dans les herbes. Les grinders en plastique s&rsquo;\u00e9moussent rapidement et peuvent se casser, tandis qu&rsquo;un grinder en m\u00e9tal \u00e0 4 pi\u00e8ces recueille en outre la pr\u00e9cieuse poussi\u00e8re de pollen. <\/p>\n<\/div><\/div>\n\n\n\n<div class=\"wp-block-pb-accordion-item c-accordion__item js-accordion-item no-js\" data-initially-open=\"false\" data-click-to-close=\"true\" data-auto-close=\"true\" data-scroll=\"false\" data-scroll-offset=\"0\"><h3 id=\"at-7736014\" class=\"c-accordion__title js-accordion-controller\" role=\"button\"><strong>Wie pflege ich mein Zubeh\u00f6r f\u00fcr eine lange Haltbarkeit?<\/strong><\/h3><div id=\"ac-7736014\" class=\"c-accordion__content\">\n<p>Les grinders et les filtres r\u00e9utilisables doivent \u00eatre nettoy\u00e9s r\u00e9guli\u00e8rement avec de l&rsquo;alcool \u00e0 haut degr\u00e9 (par exemple de l&rsquo;isopropanol) afin de dissoudre les r\u00e9sidus de r\u00e9sine coll\u00e9s. Un \u00e9quipement propre garantit un go\u00fbt inalt\u00e9r\u00e9 \u00e0 chaque utilisation. <\/p>\n<\/div><\/div>\n\n\n\n<div class=\"wp-block-pb-accordion-item c-accordion__item js-accordion-item no-js\" data-initially-open=\"false\" data-click-to-close=\"true\" data-auto-close=\"true\" data-scroll=\"false\" data-scroll-offset=\"0\"><h3 id=\"at-7736015\" class=\"c-accordion__title js-accordion-controller\" role=\"button\"><strong>Wie lange bleiben meine CBD Bl\u00fcten im Glas frisch?<\/strong><\/h3><div id=\"ac-7736015\" class=\"c-accordion__content\">\n<p>Lorsqu&rsquo;elles sont stock\u00e9es correctement - c&rsquo;est-\u00e0-dire dans un endroit sombre, herm\u00e9tique et frais, par exemple dans nos <a href=\"https:\/\/www.herbadiberna.ch\/it\/prodotto\/vetro-ambrato-125ml\/\">bocaux <\/a>sp\u00e9ciaux - les fleurs de CBD conservent leur ar\u00f4me et leur fra\u00eecheur pendant environ 6 \u00e0 12 mois. Nous recommandons d&rsquo;utiliser des <a href=\"https:\/\/www.herbadiberna.ch\/it\/prodotto\/coppa-svizzera-canna-2023-24-kopie-kopie-kopie-kopie-kopie-kopie\/\">sachets d&rsquo;humidit\u00e9 Boveda<\/a> dans le bocal pour \u00e9viter que les terp\u00e8nes ne se dess\u00e8chent pendant cette p\u00e9riode.  <\/p>\n<\/div><\/div>\n<\/div>\n<\/div>\n\n<p class=\"has-text-align-center\">\ud83d\udc49 Vous n&rsquo;\u00eates pas encore s\u00fbr de l&rsquo;appareil qui vous convient le mieux ? Testez d\u00e8s maintenant notre s\u00e9lection dans notre   <br\/><a href=\"https:\/\/g.co\/kgs\/mr9hjJm\">Magasin sp\u00e9cialis\u00e9 CBD<\/a><\/p>\n","protected":false},"excerpt":{"rendered":"<p>Acheter des accessoires CBD de haute qualit\u00e9 - D\u00e9finition et avantages Chez Herba di Berna, nous entendons par accessoires CBD tous les outils n\u00e9cessaires \u00e0 la pr\u00e9paration, \u00e0 la consommation et au stockage du CBD. De nombreux clients qui souhaitent acheter des accessoires CBD en ligne recherchent un headshop classique. Cependant, nous nous consid\u00e9rons comme [&hellip;]<\/p>\n","protected":false},"author":1147,"featured_media":0,"parent":0,"menu_order":0,"comment_status":"closed","ping_status":"closed","template":"","meta":{"inline_featured_image":false,"footnotes":""},"class_list":["post-77362","page","type-page","status-publish","hentry"],"_links":{"self":[{"href":"https:\/\/www.herbadiberna.ch\/fr\/wp-json\/wp\/v2\/pages\/77362","targetHints":{"allow":["GET"]}}],"collection":[{"href":"https:\/\/www.herbadiberna.ch\/fr\/wp-json\/wp\/v2\/pages"}],"about":[{"href":"https:\/\/www.herbadiberna.ch\/fr\/wp-json\/wp\/v2\/types\/page"}],"author":[{"embeddable":true,"href":"https:\/\/www.herbadiberna.ch\/fr\/wp-json\/wp\/v2\/users\/1147"}],"replies":[{"embeddable":true,"href":"https:\/\/www.herbadiberna.ch\/fr\/wp-json\/wp\/v2\/comments?post=77362"}],"version-history":[{"count":3,"href":"https:\/\/www.herbadiberna.ch\/fr\/wp-json\/wp\/v2\/pages\/77362\/revisions"}],"predecessor-version":[{"id":77496,"href":"https:\/\/www.herbadiberna.ch\/fr\/wp-json\/wp\/v2\/pages\/77362\/revisions\/77496"}],"wp:attachment":[{"href":"https:\/\/www.herbadiberna.ch\/fr\/wp-json\/wp\/v2\/media?parent=77362"}],"curies":[{"name":"wp","href":"https:\/\/api.w.org\/{rel}","templated":true}]}}