{"id":68823,"date":"2025-09-15T12:06:33","date_gmt":"2025-09-15T11:06:33","guid":{"rendered":"https:\/\/www.herbadiberna.ch\/formulaire-dinscription-handler\/"},"modified":"2026-04-21T09:26:34","modified_gmt":"2026-04-21T08:26:34","slug":"formulaire-dinscription-handler","status":"publish","type":"page","link":"https:\/\/www.herbadiberna.ch\/fr\/formulaire-dinscription-handler\/","title":{"rendered":"Revente avec Herba di Berna"},"content":{"rendered":"\n<div class=\"wp-block-columns is-layout-flex wp-container-core-columns-is-layout-28f84493 wp-block-columns-is-layout-flex\">\n<div class=\"wp-block-column is-layout-flow wp-block-column-is-layout-flow\">\n<p>Vous g\u00e9rez votre propre entreprise et souhaitez ajouter des huiles CBD, des aliments ou des produits de soin de Herba di Berna \u00e0 votre assortiment ? Notre gamme compl\u00e8te de produits, y compris Vous trouverez les prix \u00e9chelonn\u00e9s dans le catalogue <a href=\"https:\/\/www.herbadiberna.ch\/wp-content\/uploads\/2026_Wiederverkaeufer_de_mail.pdf\">Catalogue (PDF)<\/a>. Pour plus d&rsquo;informations, n&rsquo;h\u00e9sitez pas \u00e0 nous contacter.<\/p>\n\n\n\n<div class=\"wp-block-buttons is-horizontal is-content-justification-center is-layout-flex wp-container-core-buttons-is-layout-03627597 wp-block-buttons-is-layout-flex\">\n<div class=\"wp-block-button is-style-outline is-style-outline--1\"><a class=\"wp-block-button__link wp-element-button\" href=\"https:\/\/www.herbadiberna.ch\/fr\/formulaire-dinscription-handler\/#anmeldungformular\" style=\"border-radius:5px\">Formulaire d&rsquo;inscription<\/a><\/div>\n<\/div>\n<\/div>\n\n\n\n<div class=\"wp-block-column is-layout-flow wp-block-column-is-layout-flow\">\n<figure class=\"wp-block-image size-full\"><img loading=\"lazy\" decoding=\"async\" width=\"503\" height=\"377\" src=\"https:\/\/www.herbadiberna.ch\/wp-content\/uploads\/Fachgeschaeft-2023-2-Herba-di-Berna.jpg\" alt=\"\" class=\"wp-image-32002\" srcset=\"https:\/\/www.herbadiberna.ch\/wp-content\/uploads\/Fachgeschaeft-2023-2-Herba-di-Berna.jpg 503w, https:\/\/www.herbadiberna.ch\/wp-content\/uploads\/Fachgeschaeft-2023-2-Herba-di-Berna-300x225.jpg 300w, https:\/\/www.herbadiberna.ch\/wp-content\/uploads\/Fachgeschaeft-2023-2-Herba-di-Berna-416x312.jpg 416w\" sizes=\"auto, (max-width: 503px) 100vw, 503px\" \/><\/figure>\n<\/div>\n<\/div>\n\n<h2 class=\"wp-block-heading has-text-align-center\" id=\"growmaterial\">Obtention de mat\u00e9riel de culture chez Herba di Berna<\/h2>\n\n<div class=\"wp-block-group service-description-div\"><div class=\"wp-block-group__inner-container is-layout-flow wp-block-group-is-layout-flow\">\n<div class=\"wp-block-columns is-layout-flex wp-container-core-columns-is-layout-28f84493 wp-block-columns-is-layout-flex\">\n<div class=\"wp-block-column is-layout-flow wp-block-column-is-layout-flow\">\n<figure class=\"wp-block-image size-large\"><img decoding=\"async\" src=\"https:\/\/www.herbadiberna.ch\/wp-content\/uploads\/\/Baupl&#xE4;ne_2-1024x683.png\" alt=\"\" class=\"wp-image-725\"\/><\/figure>\n<\/div>\n\n\n\n<div class=\"wp-block-column is-layout-flow wp-block-column-is-layout-flow\">\n<p>Vous voulez faire pousser et cultiver vos propres plants de cannabis ? Pour cela, nous sommes des professionnels : nous disposons d&rsquo;une longue exp\u00e9rience et d&rsquo;un grand r\u00e9seau de sp\u00e9cialistes de la construction* pour les installations en int\u00e9rieur. En tant que gros acheteur, nous pouvons vous proposer des prix attractifs, par exemple pour les lampes et les pi\u00e8ces de ventilation. Commandes sur demande.<\/p>\n\n\n\n<div class=\"wp-block-buttons is-horizontal is-content-justification-center is-layout-flex wp-container-core-buttons-is-layout-03627597 wp-block-buttons-is-layout-flex\">\n<div class=\"wp-block-button is-style-outline is-style-outline--2\"><a class=\"wp-block-button__link wp-element-button\" href=\"https:\/\/www.herbadiberna.ch\/fr\/contact\/\" style=\"border-radius:5px\">Contact<\/a><\/div>\n<\/div>\n<\/div>\n<\/div>\n<\/div><\/div>\n\n<h2 class=\"wp-block-heading has-text-align-center\" id=\"verpackungsservice\">Service d&#8217;emballage de Herba di Berna<\/h2>\n\n<div class=\"wp-block-group service-description-div\"><div class=\"wp-block-group__inner-container is-layout-flow wp-block-group-is-layout-flow\">\n<div class=\"wp-block-columns is-layout-flex wp-container-core-columns-is-layout-28f84493 wp-block-columns-is-layout-flex\">\n<div class=\"wp-block-column is-layout-flow wp-block-column-is-layout-flow\">\n<p>Vous fabriquez vous-m\u00eame des produits \u00e0 base de CBD, mais vous ne disposez pas de l&rsquo;infrastructure et des ressources n\u00e9cessaires pour les conditionner vous-m\u00eame ? Chez nous, vos produits sont entre de bonnes mains : Nous travaillons avec des institutions sociales pour un emballage soign\u00e9 et hygi\u00e9nique et nous coordonnons cela pour vous - de l&rsquo;enl\u00e8vement au retour de vos produits emball\u00e9s et pr\u00eats \u00e0 l&#8217;emploi.<\/p>\n\n\n\n<p>Vous pouvez faire \u00e9tiqueter vos produits uniquement ou utiliser le service complet : emballage et soudure inclus. Contr\u00f4le de la qualit\u00e9. Nous proposons ce service \u00e0 partir de 250 unit\u00e9s. Nous nous ferons un plaisir de discuter personnellement avec vous de tous les d\u00e9tails et des prix.<\/p>\n\n\n\n<div class=\"wp-block-buttons is-horizontal is-content-justification-center is-layout-flex wp-container-core-buttons-is-layout-03627597 wp-block-buttons-is-layout-flex\">\n<div class=\"wp-block-button is-style-outline is-style-outline--3\"><a class=\"wp-block-button__link wp-element-button\" href=\"https:\/\/www.herbadiberna.ch\/fr\/contact\/\" style=\"border-radius:5px\">Contact<\/a><\/div>\n<\/div>\n<\/div>\n\n\n\n<div class=\"wp-block-column is-layout-flow wp-block-column-is-layout-flow\">\n<figure class=\"wp-block-image size-large\"><img decoding=\"async\" src=\"https:\/\/www.herbadiberna.ch\/wp-content\/uploads\/Blueten_1-1024x683.jpg\" alt=\"\" class=\"wp-image-1238\"\/><\/figure>\n<\/div>\n<\/div>\n\n\n\n<h2 class=\"wp-block-heading has-text-align-center\" id=\"anmeldungformular\">Revente - Formulaire d&rsquo;inscription<\/h2>\n<\/div><\/div>\n\n<hr class=\"wp-block-separator has-alpha-channel-opacity\"\/>\n\n<p class=\"form-block__required-notice\" aria-hidden=\"true\">Les champs obligatoires sont marqu\u00e9s par <span class=\"is-required\" aria-hidden=\"true\">*<\/span><\/p><form method=\"POST\" data-max-upload=\"157286400\" data-max-upload-file=\"157286400\" action=\"https:\/\/www.herbadiberna.ch\/fr\/wp-json\/wp\/v2\/pages\/68823\/\" class=\"wp-block-form-block-form\" enctype=\"multipart\/form-data\" novalidate>\n<input type=\"hidden\" name=\"_object_id\" value=\"0\" \/>\n<input type=\"hidden\" name=\"_object_type\" value=\"\" \/>\n<input type=\"hidden\" name=\"_form_id\" value=\"d1c93189-ac3d-4015-a9ba-b8231baf261d\" \/>\n<div class=\"wp-block-form-block-input form-block__element is-type-text\"><input name=\"firmenname\" id=\"id-firmenname-2\" type=\"text\" autocomplete=\"\" required=\"\" spellcheck=\"true\" class=\"form-block__source\"><label for=\"id-firmenname-2\" class=\"form-block__label is-input-label\"><span class=\"form-block__label-content\">Nom de la soci\u00e9t\u00e9<\/span><span class=\"is-required\" aria-hidden=\"true\">*<\/span><\/label><\/div>\n\n\n\n<hr class=\"wp-block-separator has-alpha-channel-opacity\"\/>\n\n\n\n<h2 class=\"wp-block-heading has-text-align-center\">Adresse du magasin<\/h2>\n\n\n\n<div class=\"wp-block-form-block-input form-block__element is-type-text\"><input name=\"adresse\" id=\"id-adresse-2\" type=\"text\" required=\"\" spellcheck=\"true\" class=\"form-block__source\"><label for=\"id-adresse-2\" class=\"form-block__label is-input-label\"><span class=\"form-block__label-content\">Adresse<\/span><span class=\"is-required\" aria-hidden=\"true\">*<\/span><\/label><\/div>\n\n\n\n<div class=\"wp-block-form-block-input form-block__element is-type-text\"><input name=\"plz\" id=\"id-plz-2\" type=\"text\" required=\"\" spellcheck=\"true\" class=\"form-block__source\"><label for=\"id-plz-2\" class=\"form-block__label is-input-label\"><span class=\"form-block__label-content\">CODE POSTAL<\/span><span class=\"is-required\" aria-hidden=\"true\">*<\/span><\/label><\/div>\n\n\n\n<div class=\"wp-block-form-block-input form-block__element is-type-text\"><input name=\"ort\" id=\"id-ort-2\" type=\"text\" required=\"\" spellcheck=\"true\" class=\"form-block__source\"><label for=\"id-ort-2\" class=\"form-block__label is-input-label\"><span class=\"form-block__label-content\">Lieu<\/span><span class=\"is-required\" aria-hidden=\"true\">*<\/span><\/label><\/div>\n\n\n\n<hr class=\"wp-block-separator has-alpha-channel-opacity\"\/>\n\n\n\n<div class=\"wp-block-form-block-textarea form-block__element\"><textarea class=\"form-block__source optional\" name=\"zusatzinformationen\" id=\"id-zusatzinformationen-2\" spellcheck=\"true\"><\/textarea><label for=\"id-zusatzinformationen-2\" class=\"form-block__label is-textarea-label\"><span class=\"form-block__label-content\">Informations compl\u00e9mentaires<\/span><\/label><\/div>\n\n\n\n<hr class=\"wp-block-separator has-alpha-channel-opacity\"\/>\n\n\n\n<h2 class=\"wp-block-heading has-text-align-center\">Coordonn\u00e9es<\/h2>\n\n\n\n<div class=\"wp-block-form-block-input form-block__element is-type-text\"><input name=\"name-kontaktperson\" id=\"id-name-kontaktperson-2\" type=\"text\" required=\"\" spellcheck=\"true\" class=\"form-block__source\"><label for=\"id-name-kontaktperson-2\" class=\"form-block__label is-input-label\"><span class=\"form-block__label-content\">Nom de la personne de contact<\/span><span class=\"is-required\" aria-hidden=\"true\">*<\/span><\/label><\/div>\n\n\n\n<div class=\"wp-block-form-block-input form-block__element is-type-email\"><input name=\"email\" id=\"id-email-2\" type=\"email\" required=\"\" spellcheck=\"true\" class=\"form-block__source\"><label for=\"id-email-2\" class=\"form-block__label is-input-label\"><span class=\"form-block__label-content\">Email<\/span><span class=\"is-required\" aria-hidden=\"true\">*<\/span><\/label><\/div>\n\n\n\n<div class=\"wp-block-form-block-input form-block__element is-type-text\"><input name=\"telefonnummer\" id=\"id-telefonnummer-2\" type=\"text\" required=\"\" spellcheck=\"true\" class=\"form-block__source\"><label for=\"id-telefonnummer-2\" class=\"form-block__label is-input-label\"><span class=\"form-block__label-content\">Num\u00e9ro de t\u00e9l\u00e9phone<\/span><span class=\"is-required\" aria-hidden=\"true\">*<\/span><\/label><\/div>\n\n\n\n<hr class=\"wp-block-separator has-alpha-channel-opacity\"\/>\n\n\n\n<h2 class=\"wp-block-heading has-text-align-center\">Juridique<\/h2>\n\n\n\n<div class=\"wp-block-form-block-input form-block__element is-type-text\"><input name=\"firman-uid\" id=\"id-firman-uid-2\" type=\"text\" spellcheck=\"true\" class=\"form-block__source optional\"><label for=\"id-firman-uid-2\" class=\"form-block__label is-input-label\"><span class=\"form-block__label-content\">Num\u00e9ro d&rsquo;identification de l&rsquo;entreprise<\/span><\/label><\/div>\n\n\n\n<div class=\"wp-block-columns is-layout-flex wp-container-core-columns-is-layout-28f84493 wp-block-columns-is-layout-flex\">\n<div class=\"wp-block-column is-layout-flow wp-block-column-is-layout-flow\">\n<div class=\"wp-block-form-block-input form-block__element is-type-checkbox\"><input name=\"bist-du-mwst-pflichtig\" id=\"id-bist-du-mwst-pflichtig-2\" type=\"checkbox\" class=\"form-block__source\"><label for=\"id-bist-du-mwst-pflichtig-2\" class=\"form-block__label is-input-label\"><span class=\"form-block__label-content\">\u00cates-vous assujetti \u00e0 la TVA ?<\/span><\/label><\/div>\n<\/div>\n\n\n\n<div class=\"wp-block-column is-layout-flow wp-block-column-is-layout-flow\">\n<div class=\"wp-block-form-block-input form-block__element is-type-text\"><input name=\"mwst-nummer\" id=\"id-mwst-nummer-2\" type=\"text\" spellcheck=\"true\" class=\"form-block__source optional\"><label for=\"id-mwst-nummer-2\" class=\"form-block__label is-input-label\"><span class=\"form-block__label-content\">Num\u00e9ro de TVA<\/span><\/label><\/div>\n<\/div>\n<\/div>\n\n\n\n<div class=\"wp-block-form-block-input form-block__element is-type-submit wp-block-button\"><input name=\"unknown\" id=\"id-unknown-2\" type=\"submit\" value=\"Envoyer\" class=\"wp-block-button__link wp-element-button form-block__source optional\"><\/div>\n<div class=\"wp-block-form-block-input form-block__element is-type-system\"><input name=\"_town\" type=\"text\" aria-hidden=\"true\" autocomplete=\"new-password\" style=\"padding: 0; clip: rect(1px, 1px, 1px, 1px); position: absolute !important; white-space: nowrap; height: 1px; width: 1px; overflow: hidden;\" tabindex=\"-1\" \/><\/div><\/form>\n","protected":false},"excerpt":{"rendered":"<p>Vous g\u00e9rez votre propre entreprise et souhaitez ajouter des huiles CBD, des aliments ou des produits de soin de Herba di Berna \u00e0 votre assortiment ? Notre gamme compl\u00e8te de produits, y compris Vous trouverez les prix \u00e9chelonn\u00e9s dans le catalogue Catalogue (PDF). Pour plus d&rsquo;informations, n&rsquo;h\u00e9sitez pas \u00e0 nous contacter. Obtention de mat\u00e9riel de [&hellip;]<\/p>\n","protected":false},"author":1019,"featured_media":0,"parent":0,"menu_order":0,"comment_status":"closed","ping_status":"closed","template":"","meta":{"inline_featured_image":false,"footnotes":""},"class_list":["post-68823","page","type-page","status-publish","hentry"],"_links":{"self":[{"href":"https:\/\/www.herbadiberna.ch\/fr\/wp-json\/wp\/v2\/pages\/68823","targetHints":{"allow":["GET"]}}],"collection":[{"href":"https:\/\/www.herbadiberna.ch\/fr\/wp-json\/wp\/v2\/pages"}],"about":[{"href":"https:\/\/www.herbadiberna.ch\/fr\/wp-json\/wp\/v2\/types\/page"}],"author":[{"embeddable":true,"href":"https:\/\/www.herbadiberna.ch\/fr\/wp-json\/wp\/v2\/users\/1019"}],"replies":[{"embeddable":true,"href":"https:\/\/www.herbadiberna.ch\/fr\/wp-json\/wp\/v2\/comments?post=68823"}],"version-history":[{"count":3,"href":"https:\/\/www.herbadiberna.ch\/fr\/wp-json\/wp\/v2\/pages\/68823\/revisions"}],"predecessor-version":[{"id":83362,"href":"https:\/\/www.herbadiberna.ch\/fr\/wp-json\/wp\/v2\/pages\/68823\/revisions\/83362"}],"wp:attachment":[{"href":"https:\/\/www.herbadiberna.ch\/fr\/wp-json\/wp\/v2\/media?parent=68823"}],"curies":[{"name":"wp","href":"https:\/\/api.w.org\/{rel}","templated":true}]}}