{"id":68375,"date":"2025-08-21T14:00:10","date_gmt":"2025-08-21T13:00:10","guid":{"rendered":"https:\/\/www.herbadiberna.ch\/panneau-de-blog-sur-la-page-daccueil\/"},"modified":"2025-09-09T11:23:40","modified_gmt":"2025-09-09T10:23:40","slug":"panneau-de-blog-sur-la-page-daccueil","status":"publish","type":"page","link":"https:\/\/www.herbadiberna.ch\/fr\/panneau-de-blog-sur-la-page-daccueil\/","title":{"rendered":"Panneau de blog sur la page d&rsquo;accueil"},"content":{"rendered":"\n<h2 class=\"wp-block-heading has-text-align-center no-padding\">Blog<\/h2>\n<ul class=\"wp-block-latest-posts__list is-grid columns-3 has-dates has-author alignwide wp-block-latest-posts\"><li><div class=\"wp-block-latest-posts__featured-image alignleft\"><a href=\"https:\/\/www.herbadiberna.ch\/fr\/blog\/culture-de-cbd-comment-herba-di-berna-et-slow-weed-redefinissent-la-qualite-suisse\/\" aria-label=\"Culture de CBD : comment Herba di Berna et Slow Weed red\u00e9finissent la qualit\u00e9 suisse\"><img loading=\"lazy\" decoding=\"async\" width=\"150\" height=\"150\" src=\"https:\/\/www.herbadiberna.ch\/wp-content\/uploads\/CBD-Anbau-Nachhaltig-von-Herba-di-Berna-und-Slow-Weed-1024x1024-1-150x150.jpg\" class=\"attachment-thumbnail size-thumbnail wp-post-image wp-post-image\" alt=\"Ein Weitwinkel-Titelbild, das eine nachhaltige Schweizer CBD-Farm in den Alpen bei Sonnenuntergang zeigt. Symmetrische Reihen von gr\u00fcnen Hanfpflanzen f\u00fchren zu majest\u00e4tischen Schneegipfeln. Rechts ein modernes Gew\u00e4chshaus mit Solarpanelen. Im Vordergrund ein rustikales Holzbrett mit den gravierten Logos \u201eHerba di Berna\u201c (links) und \u201eSlow Weed\u201c (rechts). Darauf liegen drei detaillierte gold-braune gestempelte Hasch-M\u00fcnzen und getrocknete Cannabis-Bl\u00fcten. Die M\u00fcnzen zeigen gestempelte Logos: \u201eHerba di Berna\u201c (links), \u201eSlow Weed\u201c (mitte) und ein kombiniertes \u201eHERBA DI BERNA &amp; SLOWWEED\u201c Siegel (rechts). Die Beleuchtung ist warm und nat\u00fcrlich.\" style=\"\" srcset=\"https:\/\/www.herbadiberna.ch\/wp-content\/uploads\/CBD-Anbau-Nachhaltig-von-Herba-di-Berna-und-Slow-Weed-1024x1024-1-150x150.jpg 150w, https:\/\/www.herbadiberna.ch\/wp-content\/uploads\/CBD-Anbau-Nachhaltig-von-Herba-di-Berna-und-Slow-Weed-1024x1024-1-300x300.jpg 300w, https:\/\/www.herbadiberna.ch\/wp-content\/uploads\/CBD-Anbau-Nachhaltig-von-Herba-di-Berna-und-Slow-Weed-1024x1024-1-768x768.jpg 768w, https:\/\/www.herbadiberna.ch\/wp-content\/uploads\/CBD-Anbau-Nachhaltig-von-Herba-di-Berna-und-Slow-Weed-1024x1024-1-324x324.jpg 324w, https:\/\/www.herbadiberna.ch\/wp-content\/uploads\/CBD-Anbau-Nachhaltig-von-Herba-di-Berna-und-Slow-Weed-1024x1024-1-416x416.jpg 416w, https:\/\/www.herbadiberna.ch\/wp-content\/uploads\/CBD-Anbau-Nachhaltig-von-Herba-di-Berna-und-Slow-Weed-1024x1024-1-100x100.jpg 100w, https:\/\/www.herbadiberna.ch\/wp-content\/uploads\/CBD-Anbau-Nachhaltig-von-Herba-di-Berna-und-Slow-Weed-1024x1024-1.jpg 1024w\" sizes=\"auto, (max-width: 150px) 100vw, 150px\" \/><\/a><\/div><a class=\"wp-block-latest-posts__post-title\" href=\"https:\/\/www.herbadiberna.ch\/fr\/blog\/culture-de-cbd-comment-herba-di-berna-et-slow-weed-redefinissent-la-qualite-suisse\/\">Culture de CBD : comment Herba di Berna et Slow Weed red\u00e9finissent la qualit\u00e9 suisse<\/a><div class=\"wp-block-latest-posts__post-author\">par Dominic Berg<\/div><time datetime=\"2026-04-11T10:45:49+01:00\" class=\"wp-block-latest-posts__post-date\">11 avril 2026<\/time><\/li>\n<li><div class=\"wp-block-latest-posts__featured-image alignleft\"><a href=\"https:\/\/www.herbadiberna.ch\/fr\/blog\/herba-di-berna-select-sagrandit-les-vainqueurs-de-la-cannaswisscup-nous-rejoignent\/\" aria-label=\"Herba di Berna SELECT s&rsquo;agrandit : les vainqueurs de la CannaSwissCup nous rejoignent\"><img loading=\"lazy\" decoding=\"async\" width=\"150\" height=\"150\" src=\"https:\/\/www.herbadiberna.ch\/wp-content\/uploads\/premium-cbd-blueten-und-hasch-select-herba-di-berna-150x150.jpg\" class=\"attachment-thumbnail size-thumbnail wp-post-image wp-post-image\" alt=\"Herba di Berna SELECT: Premium CBD Bl\u00fcten aus nachhaltigem Anbau f\u00fcr das beste Weed und Cannabis\" style=\"\" srcset=\"https:\/\/www.herbadiberna.ch\/wp-content\/uploads\/premium-cbd-blueten-und-hasch-select-herba-di-berna-150x150.jpg 150w, https:\/\/www.herbadiberna.ch\/wp-content\/uploads\/premium-cbd-blueten-und-hasch-select-herba-di-berna-300x300.jpg 300w, https:\/\/www.herbadiberna.ch\/wp-content\/uploads\/premium-cbd-blueten-und-hasch-select-herba-di-berna-1024x1024.jpg 1024w, https:\/\/www.herbadiberna.ch\/wp-content\/uploads\/premium-cbd-blueten-und-hasch-select-herba-di-berna-768x768.jpg 768w, https:\/\/www.herbadiberna.ch\/wp-content\/uploads\/premium-cbd-blueten-und-hasch-select-herba-di-berna-324x324.jpg 324w, https:\/\/www.herbadiberna.ch\/wp-content\/uploads\/premium-cbd-blueten-und-hasch-select-herba-di-berna-416x416.jpg 416w, https:\/\/www.herbadiberna.ch\/wp-content\/uploads\/premium-cbd-blueten-und-hasch-select-herba-di-berna-100x100.jpg 100w, https:\/\/www.herbadiberna.ch\/wp-content\/uploads\/premium-cbd-blueten-und-hasch-select-herba-di-berna.jpg 1080w\" sizes=\"auto, (max-width: 150px) 100vw, 150px\" \/><\/a><\/div><a class=\"wp-block-latest-posts__post-title\" href=\"https:\/\/www.herbadiberna.ch\/fr\/blog\/herba-di-berna-select-sagrandit-les-vainqueurs-de-la-cannaswisscup-nous-rejoignent\/\">Herba di Berna SELECT s&rsquo;agrandit : les vainqueurs de la CannaSwissCup nous rejoignent<\/a><div class=\"wp-block-latest-posts__post-author\">par Dominic Berg<\/div><time datetime=\"2026-04-10T16:02:13+01:00\" class=\"wp-block-latest-posts__post-date\">10 avril 2026<\/time><\/li>\n<li><div class=\"wp-block-latest-posts__featured-image alignleft\"><a href=\"https:\/\/www.herbadiberna.ch\/fr\/blog\/la-ligne-select-senrichit-du-haschisch-hash-bunnies\/\" aria-label=\"La ligne SELECT s&rsquo;enrichit du haschisch Hash Bunnies\"><img loading=\"lazy\" decoding=\"async\" width=\"150\" height=\"150\" src=\"https:\/\/www.herbadiberna.ch\/wp-content\/uploads\/select-linie-hash-bunnies-4x-filtered-blueberry-cbd-hasch-150x150.jpg\" class=\"attachment-thumbnail size-thumbnail wp-post-image wp-post-image\" alt=\"Pr\u00e4miertes Hash Bunnies CBD Haschisch 4X Filtered Blueberry aus der SELECT Linie von Herba di Berna vor Schweizer Alpenkulisse.\" style=\"\" srcset=\"https:\/\/www.herbadiberna.ch\/wp-content\/uploads\/select-linie-hash-bunnies-4x-filtered-blueberry-cbd-hasch-150x150.jpg 150w, https:\/\/www.herbadiberna.ch\/wp-content\/uploads\/select-linie-hash-bunnies-4x-filtered-blueberry-cbd-hasch-300x300.jpg 300w, https:\/\/www.herbadiberna.ch\/wp-content\/uploads\/select-linie-hash-bunnies-4x-filtered-blueberry-cbd-hasch-1024x1024.jpg 1024w, https:\/\/www.herbadiberna.ch\/wp-content\/uploads\/select-linie-hash-bunnies-4x-filtered-blueberry-cbd-hasch-768x768.jpg 768w, https:\/\/www.herbadiberna.ch\/wp-content\/uploads\/select-linie-hash-bunnies-4x-filtered-blueberry-cbd-hasch-324x324.jpg 324w, https:\/\/www.herbadiberna.ch\/wp-content\/uploads\/select-linie-hash-bunnies-4x-filtered-blueberry-cbd-hasch-416x416.jpg 416w, https:\/\/www.herbadiberna.ch\/wp-content\/uploads\/select-linie-hash-bunnies-4x-filtered-blueberry-cbd-hasch-100x100.jpg 100w, https:\/\/www.herbadiberna.ch\/wp-content\/uploads\/select-linie-hash-bunnies-4x-filtered-blueberry-cbd-hasch.jpg 1080w\" sizes=\"auto, (max-width: 150px) 100vw, 150px\" \/><\/a><\/div><a class=\"wp-block-latest-posts__post-title\" href=\"https:\/\/www.herbadiberna.ch\/fr\/blog\/la-ligne-select-senrichit-du-haschisch-hash-bunnies\/\">La ligne SELECT s&rsquo;enrichit du haschisch Hash Bunnies<\/a><div class=\"wp-block-latest-posts__post-author\">par Dominic Berg<\/div><time datetime=\"2026-04-08T13:35:32+01:00\" class=\"wp-block-latest-posts__post-date\">8 avril 2026<\/time><\/li>\n<\/ul>\n<p class=\"has-text-align-center\">Pour plus d&rsquo;articles, consultez <a href=\"https:\/\/www.herbadiberna.ch\/fr\/blog\/\">notre blog<\/a>!<\/p>\n\n<p><\/p>\n","protected":false},"excerpt":{"rendered":"<p>Blog Pour plus d&rsquo;articles, consultez notre blog!<\/p>\n","protected":false},"author":1019,"featured_media":0,"parent":0,"menu_order":0,"comment_status":"closed","ping_status":"closed","template":"","meta":{"inline_featured_image":false,"footnotes":""},"class_list":["post-68375","page","type-page","status-publish","hentry"],"_links":{"self":[{"href":"https:\/\/www.herbadiberna.ch\/fr\/wp-json\/wp\/v2\/pages\/68375","targetHints":{"allow":["GET"]}}],"collection":[{"href":"https:\/\/www.herbadiberna.ch\/fr\/wp-json\/wp\/v2\/pages"}],"about":[{"href":"https:\/\/www.herbadiberna.ch\/fr\/wp-json\/wp\/v2\/types\/page"}],"author":[{"embeddable":true,"href":"https:\/\/www.herbadiberna.ch\/fr\/wp-json\/wp\/v2\/users\/1019"}],"replies":[{"embeddable":true,"href":"https:\/\/www.herbadiberna.ch\/fr\/wp-json\/wp\/v2\/comments?post=68375"}],"version-history":[{"count":3,"href":"https:\/\/www.herbadiberna.ch\/fr\/wp-json\/wp\/v2\/pages\/68375\/revisions"}],"predecessor-version":[{"id":68555,"href":"https:\/\/www.herbadiberna.ch\/fr\/wp-json\/wp\/v2\/pages\/68375\/revisions\/68555"}],"wp:attachment":[{"href":"https:\/\/www.herbadiberna.ch\/fr\/wp-json\/wp\/v2\/media?parent=68375"}],"curies":[{"name":"wp","href":"https:\/\/api.w.org\/{rel}","templated":true}]}}