{"id":12366,"date":"2020-06-14T21:32:36","date_gmt":"2020-06-14T20:32:36","guid":{"rendered":"https:\/\/www.herbadiberna.ch\/info-cbd\/"},"modified":"2025-08-13T17:54:21","modified_gmt":"2025-08-13T16:54:21","slug":"info-cbd","status":"publish","type":"page","link":"https:\/\/www.herbadiberna.ch\/fr\/info-cbd\/","title":{"rendered":"Info CBD"},"content":{"rendered":"\n<h2 class=\"wp-block-heading has-text-align-center\" id=\"was-ist-cbd-und-wie-wirkt-es\">Qu&rsquo;est-ce que le CBD et comment agit-il ?<\/h2>\n\n<h3 class=\"wp-block-heading\" id=\"h-der-wirkstoff-cannabidiol-cbd\">La substance active cannabidiol (CBD)<\/h3>\n\n<div class=\"wp-block-columns is-layout-flex wp-container-core-columns-is-layout-28f84493 wp-block-columns-is-layout-flex\">\n<div class=\"wp-block-column is-layout-flow wp-block-column-is-layout-flow\">\n<p><strong>Le CBD (cannabidiol)<\/strong> est l&rsquo;une des 104 substances actives du cannabis (appel\u00e9es cannabino\u00efdes) d\u00e9couvertes \u00e0 ce jour. Ces derni\u00e8res ann\u00e9es, la culture a permis d&rsquo;augmenter la concentration de CBD dans le chanvre commercial et industriel. Comme tous les cannabino\u00efdes, le CBD est principalement pr\u00e9sent dans la plante sous forme d&rsquo;acide (acide carboxylique CBD).<\/p>\n\n\n\n<p>Contrairement au principe actif <strong>THC (t\u00e9trahydrocannabinol)<\/strong> - \u00e9galement un cannabino\u00efde naturel - le CBD n&rsquo;est pas psychoactif, ce qui signifie que le CBD ne provoque pas d&rsquo;ivresse. Les produits \u00e0 base de cannabis dont la concentration en THC est sup\u00e9rieure \u00e0 1% sont ill\u00e9gaux en Suisse.<\/p>\n\n\n\n<p>Vous trouverez des informations d\u00e9taill\u00e9es sur le CBD et le THC ainsi que sur les effets des diff\u00e9rents cannabino\u00efdes sur <a href=\"https:\/\/www.die-gruene-oase.com\/cbd\/cbd-vs-thc\" target=\"_blank\" rel=\"noreferrer noopener\">Die Gr\u00fcne Oase<\/a>.<\/p>\n<\/div>\n\n\n\n<div class=\"wp-block-column is-layout-flow wp-block-column-is-layout-flow\">\n<figure class=\"wp-block-image size-large\"><img loading=\"lazy\" decoding=\"async\" width=\"1024\" height=\"683\" src=\"https:\/\/www.herbadiberna.ch\/wp-content\/uploads\/\/Bluete-und-Skalpell-1024x683.jpg\" alt=\"\" class=\"wp-image-1336\" srcset=\"https:\/\/www.herbadiberna.ch\/wp-content\/uploads\/Bluete-und-Skalpell-1024x683.jpg 1024w, https:\/\/www.herbadiberna.ch\/wp-content\/uploads\/Bluete-und-Skalpell-300x200.jpg 300w, https:\/\/www.herbadiberna.ch\/wp-content\/uploads\/Bluete-und-Skalpell-768x512.jpg 768w, https:\/\/www.herbadiberna.ch\/wp-content\/uploads\/Bluete-und-Skalpell-1536x1024.jpg 1536w, https:\/\/www.herbadiberna.ch\/wp-content\/uploads\/Bluete-und-Skalpell-2048x1365.jpg 2048w, https:\/\/www.herbadiberna.ch\/wp-content\/uploads\/Bluete-und-Skalpell-416x277.jpg 416w\" sizes=\"auto, (max-width: 1024px) 100vw, 1024px\" \/><\/figure>\n<\/div>\n<\/div>\n\n<h3 class=\"wp-block-heading\" id=\"h-wirkung-von-cbd\">Effets du CBD<\/h3>\n\n<div class=\"wp-block-columns are-vertically-aligned-top is-layout-flex wp-container-core-columns-is-layout-28f84493 wp-block-columns-is-layout-flex\">\n<div class=\"wp-block-column is-vertically-aligned-top is-layout-flow wp-block-column-is-layout-flow\">\n<p>Il existe de nombreuses \u00e9tudes scientifiques sur les effets du CBD, mais aucune \u00e9tude sp\u00e9cialis\u00e9e reconnue n&rsquo;a encore \u00e9t\u00e9 publi\u00e9e \u00e0 ce sujet. Selon l&rsquo;ordonnance sur les produits th\u00e9rapeutiques de la Suisse, il est donc interdit de faire des promesses de gu\u00e9rison - les produits contenant du CBD ne sont pas des produits th\u00e9rapeutiques.<\/p>\n\n\n\n<p>Le potentiel m\u00e9dical du CBD prend cependant de plus en plus d&rsquo;importance : on suppose que le CBD a un effet protecteur sur le syst\u00e8me nerveux et qu&rsquo;il favorise la gu\u00e9rison et le soulagement de diff\u00e9rentes maladies, notamment la schizophr\u00e9nie, la d\u00e9pression, les inflammations et les maux de t\u00eate. M\u00eame \u00e0 forte dose, aucun effet secondaire important n&rsquo;a \u00e9t\u00e9 signal\u00e9 jusqu&rsquo;\u00e0 pr\u00e9sent, la prise est donc consid\u00e9r\u00e9e comme sans risque.<\/p>\n<\/div>\n\n\n\n<div class=\"wp-block-column is-vertically-aligned-top is-layout-flow wp-block-column-is-layout-flow\">\n<p>Dans le cadre de la recherche sur les cannabino\u00efdes naturels, on a \u00e9galement d\u00e9couvert le syst\u00e8me endocannabino\u00efde propre \u00e0 l&rsquo;organisme. Les endocannabino\u00efdes sont des substances naturelles pr\u00e9sentes dans le corps humain et qui jouent un r\u00f4le dans presque tous les syst\u00e8mes d&rsquo;organes. Ce sous-syst\u00e8me du syst\u00e8me nerveux r\u00e9gule entre autres la perception de la douleur, contr\u00f4le la m\u00e9moire et contr\u00f4le le syst\u00e8me immunitaire. Les endocannabino\u00efdes agissent entre autres sur les r\u00e9cepteurs CB1 et CB2 et d\u00e9clenchent ainsi diverses voies de signalisation. Le CBD n&rsquo;interagit que faiblement avec les r\u00e9cepteurs du syst\u00e8me endocannabino\u00efde. Il inhibe plut\u00f4t la d\u00e9gradation des endocannabino\u00efdes et renforce ainsi l&rsquo;effet des substances produites par le corps.<\/p>\n<\/div>\n<\/div>\n\n<h3 class=\"wp-block-heading has-text-align-left\" id=\"risiken\">Les risques du CBD<\/h3>\n\n<div class=\"wp-block-columns is-layout-flex wp-container-core-columns-is-layout-28f84493 wp-block-columns-is-layout-flex\">\n<div class=\"wp-block-column is-layout-flow wp-block-column-is-layout-flow\">\n<p>Il n&rsquo;y a pratiquement pas de risques connus li\u00e9s \u00e0 la consommation de CBD. Cependant, le CBD ne doit pas \u00eatre pris pendant la grossesse, car il peut r\u00e9duire la fonction protectrice du placenta et modifier ses propri\u00e9t\u00e9s (voir aussi : Addiction Suisse).<\/p>\n\n\n\n<p>Des interactions pourraient exister avec d&rsquo;autres m\u00e9dicaments. Le CBD est d\u00e9grad\u00e9 dans le foie, ce qui inhibe certaines enzymes responsables de la d\u00e9gradation des m\u00e9dicaments. Si vous prenez d\u00e9j\u00e0 des m\u00e9dicaments, veuillez consulter votre m\u00e9decin.<\/p>\n<\/div>\n\n\n\n<div class=\"wp-block-column is-layout-flow wp-block-column-is-layout-flow\">\n<p><\/p>\n<\/div>\n<\/div>\n\n<h2 class=\"wp-block-heading has-text-align-center\" id=\"rechtliche-hinweise-zu-cbd\">Informations juridiques sur le CBD<\/h2>\n\n<div class=\"wp-block-columns is-layout-flex wp-container-core-columns-is-layout-28f84493 wp-block-columns-is-layout-flex\">\n<div class=\"wp-block-column is-layout-flow wp-block-column-is-layout-flow\">\n<h3 class=\"wp-block-heading\" id=\"h-f-r-die-schweiz\">Pour la Suisse<\/h3>\n\n\n\n<p>Chaque produit disponible sur <a href=\"http:\/\/herbadiberna.ch\/\" target=\"_blank\" rel=\"noreferrer noopener\">herbadiberna.ch<\/a> peut \u00eatre achet\u00e9 et consomm\u00e9 l\u00e9galement en Suisse. Selon l&rsquo;article 4, paragraphe 1, lettre a de l&rsquo;ordonnance sur les produits th\u00e9rapeutiques, nous ne sommes pas autoris\u00e9s \u00e0 donner des conseils sur les implications du CBD pour la sant\u00e9 et nous pr\u00e9cisons que le CBD n&rsquo;est pas destin\u00e9 \u00e0 pr\u00e9venir, diagnostiquer, traiter ou gu\u00e9rir des maladies. En Suisse, les produits \u00e0 base de cannabis contenant jusqu&rsquo;\u00e0 1% de THC sont l\u00e9gaux. Vous trouverez de plus amples informations dans la fiche d&rsquo;information publi\u00e9e par l&rsquo;Office f\u00e9d\u00e9ral de la sant\u00e9 publique (OFSP) et swissmedic (PDF, 314 KB).<\/p>\n\n\n\n<p>Nous d\u00e9conseillons \u00e9galement de conduire un v\u00e9hicule apr\u00e8s avoir consomm\u00e9 l&rsquo;un de nos produits. La capacit\u00e9 de conduire pourrait \u00eatre affect\u00e9e. Des quantit\u00e9s infimes de THC dans le sang peuvent \u00eatre indiqu\u00e9es et faire l&rsquo;objet de poursuites p\u00e9nales dans le cadre de la circulation routi\u00e8re (pour plus d&rsquo;informations, veuillez contacter le <a rel=\"noreferrer noopener\" href=\"https:\/\/www.tcs.ch\/de\/testberichte-ratgeber\/ratgeber\/unfallursachen\/drogen-am-steuer.php#anchor_9c8499fe_Accordion-Welche-Grenzwerte-gibt-das-Gesetz-vor-\" target=\"_blank\">TCS<\/a>).<\/p>\n<\/div>\n\n\n\n<div class=\"wp-block-column is-layout-flow wp-block-column-is-layout-flow\">\n<h3 class=\"wp-block-heading\" id=\"h-f-r-die-eu\">Pour l&rsquo;UE<\/h3>\n\n\n\n<p>En dehors de la Suisse, la consommation et la possession des produits que nous distribuons peuvent faire l&rsquo;objet de poursuites judiciaires. Dans les pays de l&rsquo;UE, les valeurs limites suivantes sont en vigueur pour le chanvre utilitaire (\u00e9tat octobre 2020) :<\/p>\n\n\n\n<ul id=\"block-0c7b02e8-eb0f-4496-b7cf-b9c6329213ff\" class=\"wp-block-list\">\n<li><strong>1,0% THC :<\/strong> Suisse<\/li>\n\n\n\n<li><strong>0,6% THC :<\/strong> Italie<\/li>\n\n\n\n<li><strong>0,3% THC :<\/strong> Autriche, R\u00e9publique tch\u00e8que, Luxembourg<\/li>\n\n\n\n<li><strong>0,2% THC :<\/strong> Allemagne, France, Pays-Bas, Belgique, Bulgarie, Pologne, Portugal, Grande-Bretagne, Croatie, Lituanie, Chypre, Espagne, Gr\u00e8ce, Hongrie, Irlande, Danemark, Finlande, Estonie, Lettonie, Malte, Roumanie, Slov\u00e9nie<\/li>\n\n\n\n<li><strong>0,0% THC : <\/strong>Slovaquie<\/li>\n<\/ul>\n\n\n\n<p>Cette liste n&rsquo;est pas contraignante. Veuillez v\u00e9rifier la situation juridique actuelle de chaque pays avant de passer une commande.<\/p>\n<\/div>\n<\/div>\n\n<h2 class=\"wp-block-heading has-text-align-center\" id=\"hanf-und-seine-geschichte\">Le chanvre et son histoire<\/h2>\n\n<h3 class=\"wp-block-heading\" id=\"h-was-ist-hanf\">Qu&rsquo;est-ce que le chanvre ?<\/h3>\n\n<div class=\"wp-block-columns is-layout-flex wp-container-core-columns-is-layout-28f84493 wp-block-columns-is-layout-flex\">\n<div class=\"wp-block-column is-layout-flow wp-block-column-is-layout-flow\">\n<figure class=\"wp-block-image size-large\"><img loading=\"lazy\" decoding=\"async\" width=\"1024\" height=\"683\" src=\"https:\/\/www.herbadiberna.ch\/wp-content\/uploads\/\/Raum-1-von-oben-1024x683.jpg\" alt=\"\" class=\"wp-image-1338\" srcset=\"https:\/\/www.herbadiberna.ch\/wp-content\/uploads\/Raum-1-von-oben-1024x683.jpg 1024w, https:\/\/www.herbadiberna.ch\/wp-content\/uploads\/Raum-1-von-oben-300x200.jpg 300w, https:\/\/www.herbadiberna.ch\/wp-content\/uploads\/Raum-1-von-oben-768x512.jpg 768w, https:\/\/www.herbadiberna.ch\/wp-content\/uploads\/Raum-1-von-oben-1536x1024.jpg 1536w, https:\/\/www.herbadiberna.ch\/wp-content\/uploads\/Raum-1-von-oben-2048x1365.jpg 2048w, https:\/\/www.herbadiberna.ch\/wp-content\/uploads\/Raum-1-von-oben-416x277.jpg 416w\" sizes=\"auto, (max-width: 1024px) 100vw, 1024px\" \/><\/figure>\n<\/div>\n\n\n\n<div class=\"wp-block-column is-layout-flow wp-block-column-is-layout-flow\">\n<p>Le chanvre (nom scientifique : cannabis) est l&rsquo;une des plus anciennes plantes utiles pour l&rsquo;homme. Le chanvre \u00e0 sexes s\u00e9par\u00e9s peut atteindre une hauteur de quatre m\u00e8tres et fleurit chaque ann\u00e9e. Elle est probablement originaire des r\u00e9gions de Mongolie et de Sib\u00e9rie m\u00e9ridionale d&rsquo;Asie centrale. Aujourd&rsquo;hui, on la trouve dans presque toutes les zones temp\u00e9r\u00e9es \u00e0 tropicales. Les diff\u00e9rents composants du cannabis (fibres, graines, feuilles et fleurs) sont utilis\u00e9s dans diff\u00e9rents domaines - par exemple dans l&rsquo;industrie textile, dans la construction ou comme m\u00e9dicament.<\/p>\n<\/div>\n<\/div>\n\n<h3 class=\"wp-block-heading\" id=\"h-herkunft-und-verbreitung\">Origine et diffusion<\/h3>\n\n<div class=\"wp-block-columns is-layout-flex wp-container-core-columns-is-layout-28f84493 wp-block-columns-is-layout-flex\">\n<div class=\"wp-block-column is-layout-flow wp-block-column-is-layout-flow\">\n<p>La premi\u00e8re culture de chanvre attest\u00e9e a \u00e9t\u00e9 d\u00e9couverte par des arch\u00e9ologues dans des pots en terre cuite sur le territoire de l&rsquo;actuel Ta\u00efwan. Environ 5000 ans avant J.-C., dans les r\u00e9gions de Mongolie et du sud de la Sib\u00e9rie, on fabriquait des v\u00eatements, des cordes et du papier \u00e0 partir de cette plante, mais on tirait \u00e9galement de l&rsquo;huile et de la nourriture de ses graines. C&rsquo;est dans le recueil \u00ab\u00a0Classiques des herbes m\u00e9dicinales selon Shennong\u00a0\u00bb de l&#8217;empereur originel du m\u00eame nom que le cannabis a \u00e9t\u00e9 mentionn\u00e9 pour la premi\u00e8re fois comme rem\u00e8de m\u00e9dical. Le cannabis \u00e9tait notamment utilis\u00e9 pour soulager les douleurs et contre la goutte.<\/p>\n<\/div>\n\n\n\n<div class=\"wp-block-column is-layout-flow wp-block-column-is-layout-flow\">\n<p>Entre 2000 et 1000 avant J.-C., cette plante utile a fait son chemin vers l&rsquo;Inde via la Cor\u00e9e, o\u00f9 d&rsquo;autres applications textiles, alimentaires et m\u00e9dicinales puissantes sont venues s&rsquo;ajouter. Vers 1400 avant J.-C., le cannabis est arriv\u00e9 chez les nomades indo-europ\u00e9ens scythes, qui ont amen\u00e9 la plante jusqu&rsquo;au sud de la Russie et dans l&rsquo;actuelle Ukraine. De l\u00e0, elle s&rsquo;est r\u00e9pandue dans toute l&rsquo;Europe, en Afrique et sur l&rsquo;ensemble du globe.<\/p>\n<\/div>\n<\/div>\n\n<h3 class=\"wp-block-heading\" id=\"h-cannabis-wird-verboten-und-wieder-entkriminalisiert\">Le cannabis sera interdit et \u00e0 nouveau d\u00e9p\u00e9nalis\u00e9<\/h3>\n\n<div class=\"wp-block-columns is-layout-flex wp-container-core-columns-is-layout-28f84493 wp-block-columns-is-layout-flex\">\n<div class=\"wp-block-column is-layout-flow wp-block-column-is-layout-flow\">\n<p>Lorsque le cannabis est arriv\u00e9 aux \u00c9tats-Unis en 1910-1911 avec les nombreux immigrants venus du Mexique, la guerre tumultueuse contre les drogues a commenc\u00e9. Le cannabis a \u00e9t\u00e9 discr\u00e9dit\u00e9 et criminalis\u00e9 - il a \u00e9t\u00e9 interdit pour la premi\u00e8re fois en 1915 dans l&rsquo;Utah, puis dans 28 autres \u00c9tats jusqu&rsquo;en 1931. Le \u00ab\u00a0Marijuana Tax Act\u00a0\u00bb du Federal Bureau of Narcotics a interdit \u00e0 partir de 1937 toute possession et utilisation de cannabis aux \u00c9tats-Unis, qu&rsquo;il s&rsquo;agisse de cannabis contenant des substances psychoactives ou simplement de chanvre. Aujourd&rsquo;hui encore, le gouvernement f\u00e9d\u00e9ral am\u00e9ricain place la marijuana en t\u00eate des substances \u00e0 contr\u00f4ler. L&rsquo;argument selon lequel il poss\u00e8de un fort potentiel d&rsquo;abus et de d\u00e9pendance permet d&rsquo;exclure les propri\u00e9t\u00e9s positives pour un usage m\u00e9dical.<\/p>\n<\/div>\n\n\n\n<div class=\"wp-block-column is-layout-flow wp-block-column-is-layout-flow\">\n<p>Entre-temps, le point de vue a chang\u00e9 dans d&rsquo;autres pays : L&rsquo;utilisation de la marijuana a \u00e9t\u00e9 d\u00e9criminalis\u00e9e aux Pays-Bas en 1976 et, depuis 1980, la vente dans les \u00ab\u00a0coffee shops\u00a0\u00bb est \u00e9galement autoris\u00e9e. L&rsquo;Espagne autorise la consommation responsable dans des clubs priv\u00e9s de cannabis et la R\u00e9publique tch\u00e8que a permis aux patients* munis d&rsquo;une ordonnance valide d&rsquo;acheter du cannabis m\u00e9dical. C&rsquo;est d\u00e9sormais \u00e9galement le cas dans de nombreux \u00c9tats am\u00e9ricains.<\/p>\n\n\n\n<p>Aujourd&rsquo;hui, gr\u00e2ce \u00e0 de nombreuses recherches scientifiques et \u00e0 des preuves \u00e9videntes de son potentiel m\u00e9dical, le cannabis fait son retour dans notre soci\u00e9t\u00e9.<\/p>\n<\/div>\n<\/div>\n\n<p><strong>Sources :<\/strong><\/p>\n\n<ul id=\"block-c477fc20-26da-4913-a5bc-c9368f5cb6d6\" class=\"wp-block-list\">\n<li>Franjo Grotenhermen, Markus Berger et Kathrin Gebhardt : <em>Cannabidiol (CBD) : Un compendium cannabique. <\/em>Editions Nachtschatten, 2017<\/li>\n\n\n\n<li>Roger G. Pertwee (\u00e9d.) : <em>Handbook of Cannabis.<\/em> Oxford University Press, 2014<\/li>\n\n\n\n<li>Robert C. Clarke et Mark D. Merlin : <em>Cannabis, Evolution and Ethnobotany.<\/em> University of California Press, 2013<\/li>\n\n\n\n<li>Bernhard van Treeck : <em>Le grand lexique du cannabis - Tout sur la plante utile qu&rsquo;est le chanvre<\/em>. \u00c9ditions Lexikon-Imprint, Berlin 2000<\/li>\n\n\n\n<li>B\u00f3csa, Karus, Lohmeyer : <em>La culture du chanvre - botanique, vari\u00e9t\u00e9s, culture et r\u00e9colte, march\u00e9s et lignes de produits<\/em>. \u00c9ditions agricoles, 2000<\/li>\n<\/ul>\n","protected":false},"excerpt":{"rendered":"<p>Qu&rsquo;est-ce que le CBD et comment agit-il ? La substance active cannabidiol (CBD) Le CBD (cannabidiol) est l&rsquo;une des 104 substances actives du cannabis (appel\u00e9es cannabino\u00efdes) d\u00e9couvertes \u00e0 ce jour. Ces derni\u00e8res ann\u00e9es, la culture a permis d&rsquo;augmenter la concentration de CBD dans le chanvre commercial et industriel. Comme tous les cannabino\u00efdes, le CBD est [&hellip;]<\/p>\n","protected":false},"author":1,"featured_media":0,"parent":0,"menu_order":0,"comment_status":"closed","ping_status":"closed","template":"","meta":{"inline_featured_image":false,"footnotes":""},"class_list":["post-12366","page","type-page","status-publish","hentry"],"_links":{"self":[{"href":"https:\/\/www.herbadiberna.ch\/fr\/wp-json\/wp\/v2\/pages\/12366","targetHints":{"allow":["GET"]}}],"collection":[{"href":"https:\/\/www.herbadiberna.ch\/fr\/wp-json\/wp\/v2\/pages"}],"about":[{"href":"https:\/\/www.herbadiberna.ch\/fr\/wp-json\/wp\/v2\/types\/page"}],"author":[{"embeddable":true,"href":"https:\/\/www.herbadiberna.ch\/fr\/wp-json\/wp\/v2\/users\/1"}],"replies":[{"embeddable":true,"href":"https:\/\/www.herbadiberna.ch\/fr\/wp-json\/wp\/v2\/comments?post=12366"}],"version-history":[{"count":2,"href":"https:\/\/www.herbadiberna.ch\/fr\/wp-json\/wp\/v2\/pages\/12366\/revisions"}],"predecessor-version":[{"id":68273,"href":"https:\/\/www.herbadiberna.ch\/fr\/wp-json\/wp\/v2\/pages\/12366\/revisions\/68273"}],"wp:attachment":[{"href":"https:\/\/www.herbadiberna.ch\/fr\/wp-json\/wp\/v2\/media?parent=12366"}],"curies":[{"name":"wp","href":"https:\/\/api.w.org\/{rel}","templated":true}]}}